{"id":6574,"date":"2026-05-10T18:00:39","date_gmt":"2026-05-10T21:00:39","guid":{"rendered":"https:\/\/www.mantiqueiratur.com.br\/site\/?post_type=product&#038;p=6574"},"modified":"2026-05-10T18:06:38","modified_gmt":"2026-05-10T21:06:38","slug":"curso-orientacao-e-navegacao","status":"publish","type":"product","link":"https:\/\/www.mantiqueiratur.com.br\/site\/produto\/curso-orientacao-e-navegacao\/","title":{"rendered":"Curso Orienta\u00e7\u00e3o e navega\u00e7\u00e3o"},"content":{"rendered":"<p>Orienta\u00e7\u00e3o \u00e9 necess\u00e1ria e imprescind\u00edvel desde um passeio numa metr\u00f3pole, quanto uma trilha na mata. Para \u201cse achar\u201d no meio urbano ou natural existem t\u00e9cnicas e truques. Venha conferir!<\/p>\n<h2><strong>Curso te\u00f3rico e pr\u00e1tico<\/strong><\/h2>\n<p>Ensinaremos pr\u00e1ticas de como se orientar em qualquer local, a partir de pontos f\u00edsicos, estrelas e com e sem equipamentos espec\u00edficos.<\/p>\n<table class=\"table table-bordered tours-tabs__table\" style=\"width: 99.1212%; height: 68px;\">\n<tbody>\n<tr style=\"height: 48px;\">\n<td style=\"height: 24px; width: 33.0073%;\"><strong>VALOR<\/strong><\/td>\n<td style=\"height: 24px; width: 65.2812%;\">R$ 430,00 por pessoa<\/td>\n<\/tr>\n<tr style=\"height: 48px;\">\n<td style=\"height: 24px; width: 33.0073%;\"><strong>DATA\/HOR\u00c1RIOS<\/strong><\/td>\n<td style=\"height: 24px; width: 65.2812%;\">Aula te\u00f3rica 20 de MAIO, d\u00e0s 18:30 \u00e0s 21:30 (ON-LINE via plataforma Zoom)<br \/>\nAula pr\u00e1tica 30 de MAIO, das 9:30 \u00e0s 17:30<\/td>\n<\/tr>\n<tr style=\"height: 48px;\">\n<td style=\"height: 10px; width: 33.0073%;\"><strong>LOCAL<\/strong><\/td>\n<td style=\"height: 10px; width: 65.2812%;\">Sal\u00e3o de eventos Pousada Vida Verde &#8211; Gon\u00e7alves MG<\/td>\n<\/tr>\n<tr style=\"height: 30px;\">\n<td style=\"height: 30px; width: 33.0073%;\"><b>INCLUSO<\/b><\/td>\n<td style=\"height: 30px; width: 65.2812%;\"><i class=\"fa fa-check icon-tick icon-tick--on\"><\/i>Apostila\n<p><i class=\"fa fa-check icon-tick icon-tick--on\"><\/i>Certificado<\/p>\n<p><i class=\"fa fa-check icon-tick icon-tick--on\"><\/i>Seguro aventura<\/p><\/td>\n<\/tr>\n<\/tbody>\n<\/table>\n<p><em><strong><span class=\"JsGRdQ\">\u00a0<\/span><\/strong><\/em><\/p>\n<p><em><strong><span class=\"JsGRdQ\">CONTE\u00daDO PROGRAM\u00c1TICO<\/span><\/strong><\/em><\/p>\n<ul>\n<li>Cartografia<\/li>\n<li>Sistemas de refer\u00eancia e coordenadas<\/li>\n<li>Uso da b\u00fassola<\/li>\n<li>GPS<br \/>\nTipos de GPS e como usar<\/li>\n<li>Orienta\u00e7\u00e3o pelo sol e estrelas<\/li>\n<\/ul>\n<h2 style=\"text-align: left;\">Equipe t\u00e9cnica<\/h2>\n<p><strong><em>Henrique Miranda Baumgartner<\/em><\/strong><\/p>\n<p>Bacharel em Geografia e especialista em Geoprocessamento, com uma trajet\u00f3ria consolidada na intersec\u00e7\u00e3o entre an\u00e1lise ambiental e seguran\u00e7a operacional. P\u00f3s-graduado em Ecologia e Biodiversidade, ele une o rigor t\u00e9cnico das ci\u00eancias naturais \u00e0 gest\u00e3o de riscos, atuando como Auditor da norma ABNT NBR ISO 21101 e T\u00e9cnico em Seguran\u00e7a do Trabalho. Sua s\u00f3lida base em opera\u00e7\u00f5es de campo \u00e9 refor\u00e7ada por forma\u00e7\u00f5es t\u00e9cnicas em Meio Ambiente e Guia de Turismo, al\u00e9m de uma expertise profunda em resposta a emerg\u00eancias. Com p\u00f3s-gradua\u00e7\u00e3o em Resgate e Salvamento Pr\u00e9-Hospitalar em \u00c1reas Remotas, Henrique tamb\u00e9m atua como Bombeiro Civil e instrutor de brigada, oferecendo uma vis\u00e3o estrat\u00e9gica e pr\u00e1tica para a seguran\u00e7a em ambientes naturais e complexos.<\/p>\n<p><strong><em>Thaynara Siqueira Baumgartner<\/em><\/strong><\/p>\n<p data-path-to-node=\"1\">Bi\u00f3loga e especialista com uma s\u00f3lida trajet\u00f3ria acad\u00eamica que inclui p\u00f3s-gradua\u00e7\u00f5es em manejo de animais silvestres, recupera\u00e7\u00e3o de \u00e1reas degradadas, ecologia, entomologia, ecoturismo e direito ambiental. Como diretora da Mantiqueira Ecoturismo, ela integra o conhecimento cient\u00edfico \u00e0 pr\u00e1tica do turismo consciente. Sua atua\u00e7\u00e3o t\u00e9cnica \u00e9 complementada pelo papel de auditora e consultora da norma ABNT NBR ISO 21.101 (Sistema de Gest\u00e3o de Seguran\u00e7a para Turismo de Aventura) e instrutora da ABETA.<\/p>\n<p data-path-to-node=\"2\">Com um perfil voltado \u00e0 prontid\u00e3o operacional e gest\u00e3o de riscos, Thaynara \u00e9 bombeira civil e socorrista com certifica\u00e7\u00f5es WAFA (Wilderness Advanced First Aid) e APH de urg\u00eancia e emerg\u00eancia<\/p>\n","protected":false},"excerpt":{"rendered":"<p>Ensinaremos pr\u00e1ticas de como se orientar em qualquer local, a partir de pontos f\u00edsicos, estrelas e com e sem equipamentos espec\u00edficos. Orienta\u00e7\u00e3o \u00e9 necess\u00e1ria e imprescind\u00edvel desde um passeio numa metr\u00f3pole, quanto uma trilha na mata. Aprenda das t\u00e9cnicas e venha &#8220;se achar&#8221;!<\/p>\n","protected":false},"featured_media":6326,"comment_status":"closed","ping_status":"closed","template":"","meta":{"_exactmetrics_skip_tracking":false,"_exactmetrics_sitenote_active":false,"_exactmetrics_sitenote_note":"","_exactmetrics_sitenote_category":0,"_links_to":"","_links_to_target":""},"product_brand":[],"product_cat":[270],"product_tag":[525,277,526,524],"class_list":{"0":"post-6574","1":"product","2":"type-product","3":"status-publish","4":"has-post-thumbnail","6":"product_cat-cursos","7":"product_tag-firstaid","8":"product_tag-goncalves","9":"product_tag-introducao","10":"product_tag-primeiros-socorros","12":"first","13":"instock","14":"virtual","15":"purchasable","16":"product-type-simple"},"_links":{"self":[{"href":"https:\/\/www.mantiqueiratur.com.br\/site\/wp-json\/wp\/v2\/product\/6574","targetHints":{"allow":["GET"]}}],"collection":[{"href":"https:\/\/www.mantiqueiratur.com.br\/site\/wp-json\/wp\/v2\/product"}],"about":[{"href":"https:\/\/www.mantiqueiratur.com.br\/site\/wp-json\/wp\/v2\/types\/product"}],"replies":[{"embeddable":true,"href":"https:\/\/www.mantiqueiratur.com.br\/site\/wp-json\/wp\/v2\/comments?post=6574"}],"wp:featuredmedia":[{"embeddable":true,"href":"https:\/\/www.mantiqueiratur.com.br\/site\/wp-json\/wp\/v2\/media\/6326"}],"wp:attachment":[{"href":"https:\/\/www.mantiqueiratur.com.br\/site\/wp-json\/wp\/v2\/media?parent=6574"}],"wp:term":[{"taxonomy":"product_brand","embeddable":true,"href":"https:\/\/www.mantiqueiratur.com.br\/site\/wp-json\/wp\/v2\/product_brand?post=6574"},{"taxonomy":"product_cat","embeddable":true,"href":"https:\/\/www.mantiqueiratur.com.br\/site\/wp-json\/wp\/v2\/product_cat?post=6574"},{"taxonomy":"product_tag","embeddable":true,"href":"https:\/\/www.mantiqueiratur.com.br\/site\/wp-json\/wp\/v2\/product_tag?post=6574"}],"curies":[{"name":"wp","href":"https:\/\/api.w.org\/{rel}","templated":true}]}}