{"id":6573,"date":"2026-05-10T17:36:13","date_gmt":"2026-05-10T20:36:13","guid":{"rendered":"https:\/\/www.mantiqueiratur.com.br\/site\/?post_type=product&#038;p=6573"},"modified":"2026-05-10T17:56:09","modified_gmt":"2026-05-10T20:56:09","slug":"curso-primeiros-socorros","status":"publish","type":"product","link":"https:\/\/www.mantiqueiratur.com.br\/site\/produto\/curso-primeiros-socorros\/","title":{"rendered":"Curso Primeiros Socorros"},"content":{"rendered":"<p>A seguran\u00e7a come\u00e7a no fato de entendermos os riscos e saber como agir em situa\u00e7\u00f5es de emerg\u00eancia. O curso b\u00e1sico de primeiros socorros engloba quais a\u00e7\u00f5es voc\u00ea poder\u00e1 e dever\u00e1 tomar em situa\u00e7\u00f5es de emerg\u00eancia em locais diversos, seja em casa ou ao ar livre durante uma atividade.<\/p>\n<h2><strong>Curso te\u00f3rico e pr\u00e1tico<\/strong><\/h2>\n<p>Saber controlar uma situa\u00e7\u00e3o de emerg\u00eancia e como prestar socorro \u00e0 v\u00edtima \u00e9 imprescind\u00edvel \u00e0 todos, independente se \u00e9 no meio natural ou ambiente urbano. Dependendo da situa\u00e7\u00e3o, os minutos de socorro podem fazer a diferen\u00e7a entre a vida e a morte de uma pessoa.<\/p>\n<p>Este curso \u00e9 baseado nos seguintes dispositivos legais:<\/p>\n<ul>\n<li>Portaria n\u00ba 54 do Corpo de Bombeiros de Minas Gerais<\/li>\n<li>Instru\u00e7\u00e3o t\u00e9cnica n\u00ba 12 do Corpo de Bombeiros de Minas Gerais<\/li>\n<li>ABNT NBR 14276 \u2013 Brigada de inc\u00eandio e emerg\u00eancia<\/li>\n<\/ul>\n<table class=\"table table-bordered tours-tabs__table\" style=\"width: 99.1212%; height: 68px;\">\n<tbody>\n<tr style=\"height: 48px;\">\n<td style=\"height: 24px; width: 33.0073%;\"><strong>VALOR<\/strong><\/td>\n<td style=\"height: 24px; width: 65.2812%;\">R$ 570,00 por pessoa<\/td>\n<\/tr>\n<tr style=\"height: 48px;\">\n<td style=\"height: 24px; width: 33.0073%;\"><strong>DATA\/HOR\u00c1RIOS<\/strong><\/td>\n<td style=\"height: 24px; width: 65.2812%;\">Aula te\u00f3rica 18 de MAIO, d\u00e0s 18:30 \u00e0s 21:30 (ON-LINE via plataforma Zoom)<br \/>\nAula pr\u00e1tica 31 de MAIO, das 9:30 \u00e0s 17:30<\/td>\n<\/tr>\n<tr style=\"height: 48px;\">\n<td style=\"height: 10px; width: 33.0073%;\"><strong>LOCAL<\/strong><\/td>\n<td style=\"height: 10px; width: 65.2812%;\">Sal\u00e3o de eventos Pousada Vida Verde &#8211; Gon\u00e7alves MG<\/td>\n<\/tr>\n<tr style=\"height: 30px;\">\n<td style=\"height: 30px; width: 33.0073%;\"><b>INCLUSO<\/b><\/td>\n<td style=\"height: 30px; width: 65.2812%;\"><i class=\"fa fa-check icon-tick icon-tick--on\"><\/i>Apostila\n<p><i class=\"fa fa-check icon-tick icon-tick--on\"><\/i>Certificado<\/p>\n<p><i class=\"fa fa-check icon-tick icon-tick--on\"><\/i>Seguro aventura<\/p><\/td>\n<\/tr>\n<\/tbody>\n<\/table>\n<p><em><strong><span class=\"JsGRdQ\">\u00a0<\/span><\/strong><\/em><\/p>\n<p><em><strong><span class=\"JsGRdQ\">CONTE\u00daDO PROGRAM\u00c1TICO<\/span><\/strong><\/em><\/p>\n<ul>\n<li>O que s\u00e3o primeiros socorros<\/li>\n<li>Biosseguran\u00e7a no atendimento de primeiros socorros<br \/>\nAvalia\u00e7\u00e3o de cena: reconhecendo perigos e como se aproximar das v\u00edtimas em seguran\u00e7a<br \/>\nAvalia\u00e7\u00e3o inicial, secund\u00e1ria e continuada da v\u00edtima<\/li>\n<li>Vias a\u00e9reas e t\u00e9cnicas de desengasgo em beb\u00eas, crian\u00e7as e adultos<\/li>\n<li>Reanima\u00e7\u00e3o Cardiopulmonar (RCP) em beb\u00eas, crian\u00e7as e adultos<br \/>\nDesfibrilador externo autom\u00e1tico (DEA): procedimentos de como usar<\/li>\n<li>Estado de choque: reconhecendo os sinais e t\u00e9cnicas de tratamento<br \/>\nDesmaio e convuls\u00f5es: t\u00e9cnicas de tratamento pr\u00e9-hospitalar<br \/>\nAcidente vascular cerebral (AVC): reconhecimento de sinais e t\u00e9cnicas de tratamento pr\u00e9-hospitalar<\/li>\n<li>Traumas<br \/>\nEscoria\u00e7\u00f5es e cortes: t\u00e9cnicas de tratamento<br \/>\nLuxa\u00e7\u00e3o, entorse e contus\u00e3o: t\u00e9cnicas de tratamento e imobiliza\u00e7\u00e3o<br \/>\nFraturas: t\u00e9cnicas de tratamento e imobiliza\u00e7\u00e3o<br \/>\nHemorragias: identifica\u00e7\u00e3o de tipos e t\u00e9cnicas de tratamento pr\u00e9-hospitalar<br \/>\nQueimaduras: identifica\u00e7\u00e3o de tipos e t\u00e9cnicas de tratamento pr\u00e9-hospitalar<\/li>\n<li>Animais pe\u00e7onhentos (artr\u00f3podes e serpentes): identifica\u00e7\u00e3o de sintomas e t\u00e9cnicas de tratamento pr\u00e9-hospitalar<\/li>\n<li>Imobiliza\u00e7\u00e3o, remo\u00e7\u00e3o e transporte de v\u00edtimas: t\u00e9cnicas de imobiliza\u00e7\u00e3o da cervical e uso do colar cervical, t\u00e9cnicas de pranchamento e t\u00e9cnicas de movimenta\u00e7\u00e3o de v\u00edtima pranchada<\/li>\n<li>Kit de primeiros socorros: como montar um kit de primeiros socorros, equipamentos, ferramentas, EPIs e materiais<\/li>\n<\/ul>\n<h3>INSCRI\u00c7\u00d5ES AT\u00c9:\u00a0 12 de Maio de 2026<\/h3>\n<p>O curso pode ser cancelado at\u00e9 a data de inscri\u00e7\u00e3o caso n\u00e3o tenha o n\u00famero m\u00ednimo de inscritos.<\/p>\n<h2 style=\"text-align: left;\">Equipe t\u00e9cnica<\/h2>\n<p><strong><em>Henrique Miranda Baumgartner<\/em><\/strong><\/p>\n<p>Bacharel em Geografia e especialista em Geoprocessamento, com uma trajet\u00f3ria consolidada na intersec\u00e7\u00e3o entre an\u00e1lise ambiental e seguran\u00e7a operacional. P\u00f3s-graduado em Ecologia e Biodiversidade, ele une o rigor t\u00e9cnico das ci\u00eancias naturais \u00e0 gest\u00e3o de riscos, atuando como Auditor da norma ABNT NBR ISO 21101 e T\u00e9cnico em Seguran\u00e7a do Trabalho. Sua s\u00f3lida base em opera\u00e7\u00f5es de campo \u00e9 refor\u00e7ada por forma\u00e7\u00f5es t\u00e9cnicas em Meio Ambiente e Guia de Turismo, al\u00e9m de uma expertise profunda em resposta a emerg\u00eancias. Com p\u00f3s-gradua\u00e7\u00e3o em Resgate e Salvamento Pr\u00e9-Hospitalar em \u00c1reas Remotas, Henrique tamb\u00e9m atua como Bombeiro Civil e instrutor de brigada, oferecendo uma vis\u00e3o estrat\u00e9gica e pr\u00e1tica para a seguran\u00e7a em ambientes naturais e complexos.<\/p>\n<p><strong><em>Thaynara Siqueira Baumgartner<\/em><\/strong><\/p>\n<p data-path-to-node=\"1\">Bi\u00f3loga e especialista com uma s\u00f3lida trajet\u00f3ria acad\u00eamica que inclui p\u00f3s-gradua\u00e7\u00f5es em manejo de animais silvestres, recupera\u00e7\u00e3o de \u00e1reas degradadas, ecologia, entomologia, ecoturismo e direito ambiental. Como diretora da Mantiqueira Ecoturismo, ela integra o conhecimento cient\u00edfico \u00e0 pr\u00e1tica do turismo consciente. Sua atua\u00e7\u00e3o t\u00e9cnica \u00e9 complementada pelo papel de auditora e consultora da norma ABNT NBR ISO 21.101 (Sistema de Gest\u00e3o de Seguran\u00e7a para Turismo de Aventura) e instrutora da ABETA.<\/p>\n<p data-path-to-node=\"2\">Com um perfil voltado \u00e0 prontid\u00e3o operacional e gest\u00e3o de riscos, Thaynara \u00e9 bombeira civil e socorrista com certifica\u00e7\u00f5es WAFA (Wilderness Advanced First Aid) e APH de urg\u00eancia e emerg\u00eancia<\/p>\n","protected":false},"excerpt":{"rendered":"<p>A seguran\u00e7a come\u00e7a no fato de entendermos os riscos e saber como agir em situa\u00e7\u00f5es de emerg\u00eancia. O curso b\u00e1sico de primeiros socorros engloba quais a\u00e7\u00f5es voc\u00ea poder\u00e1 e dever\u00e1 tomar em situa\u00e7\u00f5es de emerg\u00eancia em locais diversos, seja em casa ou ao ar livre durante uma atividade.<\/p>\n","protected":false},"featured_media":6304,"comment_status":"closed","ping_status":"closed","template":"","meta":{"_exactmetrics_skip_tracking":false,"_exactmetrics_sitenote_active":false,"_exactmetrics_sitenote_note":"","_exactmetrics_sitenote_category":0,"_links_to":"","_links_to_target":""},"product_brand":[],"product_cat":[270],"product_tag":[525,277,526,524],"class_list":{"0":"post-6573","1":"product","2":"type-product","3":"status-publish","4":"has-post-thumbnail","6":"product_cat-cursos","7":"product_tag-firstaid","8":"product_tag-goncalves","9":"product_tag-introducao","10":"product_tag-primeiros-socorros","11":"tour_category-goncalvesmg","13":"first","14":"instock","15":"virtual","16":"purchasable","17":"product-type-simple"},"_links":{"self":[{"href":"https:\/\/www.mantiqueiratur.com.br\/site\/wp-json\/wp\/v2\/product\/6573","targetHints":{"allow":["GET"]}}],"collection":[{"href":"https:\/\/www.mantiqueiratur.com.br\/site\/wp-json\/wp\/v2\/product"}],"about":[{"href":"https:\/\/www.mantiqueiratur.com.br\/site\/wp-json\/wp\/v2\/types\/product"}],"replies":[{"embeddable":true,"href":"https:\/\/www.mantiqueiratur.com.br\/site\/wp-json\/wp\/v2\/comments?post=6573"}],"wp:featuredmedia":[{"embeddable":true,"href":"https:\/\/www.mantiqueiratur.com.br\/site\/wp-json\/wp\/v2\/media\/6304"}],"wp:attachment":[{"href":"https:\/\/www.mantiqueiratur.com.br\/site\/wp-json\/wp\/v2\/media?parent=6573"}],"wp:term":[{"taxonomy":"product_brand","embeddable":true,"href":"https:\/\/www.mantiqueiratur.com.br\/site\/wp-json\/wp\/v2\/product_brand?post=6573"},{"taxonomy":"product_cat","embeddable":true,"href":"https:\/\/www.mantiqueiratur.com.br\/site\/wp-json\/wp\/v2\/product_cat?post=6573"},{"taxonomy":"product_tag","embeddable":true,"href":"https:\/\/www.mantiqueiratur.com.br\/site\/wp-json\/wp\/v2\/product_tag?post=6573"}],"curies":[{"name":"wp","href":"https:\/\/api.w.org\/{rel}","templated":true}]}}