{"id":5772,"date":"2022-01-13T12:44:16","date_gmt":"2022-01-13T15:44:16","guid":{"rendered":"https:\/\/www.mantiqueiratur.com.br\/site\/?post_type=product&#038;p=5772"},"modified":"2026-02-11T11:25:34","modified_gmt":"2026-02-11T14:25:34","slug":"curso-tecnica-fora-de-estrada-4x4-offroad","status":"publish","type":"product","link":"https:\/\/www.mantiqueiratur.com.br\/site\/produto\/curso-tecnica-fora-de-estrada-4x4-offroad\/","title":{"rendered":"Curso T\u00e9cnica Fora de Estrada &#8211; 4&#215;4 | Off Road"},"content":{"rendered":"<p>Um curso de t\u00e9cnica fora de estrada, destinado para os propriet\u00e1rios de ve\u00edculos 4\u00d74 que querem aprender a utilizar de forma correta e apropriada os recursos que seus ve\u00edculos oferecem.<\/p>\n<p>O curso \u00e9 voltado para propriet\u00e1rios de ve\u00edculos 4&#215;4 e interessados no universo Off Road.<\/p>\n<p>&nbsp;<\/p>\n<table class=\"table table-bordered tours-tabs__table\" style=\"width: 99.1212%; height: 68px;\">\n<tbody>\n<tr style=\"height: 48px;\">\n<td style=\"height: 24px; width: 33.0073%;\"><strong>VALOR<\/strong><\/td>\n<td style=\"height: 24px; width: 65.2812%;\">R$ 780,00 para pagamento via PIX<br \/>\nR$ 840,00 por carro\/motorista para pagamento via cart\u00e3o de cr\u00e9dito. Consulte valores para participantes<\/td>\n<\/tr>\n<tr style=\"height: 48px;\">\n<td style=\"height: 24px; width: 33.0073%;\"><strong>DATA\/HOR\u00c1RIOS<\/strong><\/td>\n<td style=\"height: 24px; width: 65.2812%;\">22 de MAR\u00c7O de 2026. In\u00edcio \u00e0s 9h 30min e t\u00e9rmino previsto para \u00e0s 17h<\/td>\n<\/tr>\n<tr style=\"height: 48px;\">\n<td style=\"height: 10px; width: 33.0073%;\"><strong>LOCAL<\/strong><\/td>\n<td style=\"height: 10px; width: 65.2812%;\">Sal\u00e3o de eventos Pousada Vida Verde &#8211; Gon\u00e7alves MG<\/td>\n<\/tr>\n<tr style=\"height: 30px;\">\n<td style=\"height: 30px; width: 33.0073%;\"><b>INCLUSO<\/b><\/td>\n<td style=\"height: 30px; width: 65.2812%;\"><i class=\"fa fa-check icon-tick icon-tick--on\"><\/i>Apostila\n<p><i class=\"fa fa-check icon-tick icon-tick--on\"><\/i>Certificado<\/p>\n<p><i class=\"fa fa-check icon-tick icon-tick--on\"><\/i>Seguro aventura<\/p><\/td>\n<\/tr>\n<\/tbody>\n<\/table>\n<p><em><strong><span class=\"JsGRdQ\"><br \/>\nCONTE\u00daDO PROGRAM\u00c1TICO<\/span><\/strong><\/em><\/p>\n<p>A vantagem deste curso, \u00e9 que aprendemos as t\u00e9cnicas em situa\u00e7\u00e3o real, j\u00e1 que nossas aulas pr\u00e1ticas s\u00e3o realizadas em trilhas da regi\u00e3o.Alguns dos temas abordados no curso s\u00e3o:<\/p>\n<ul>\n<li style=\"list-style-type: none;\">\n<ul>\n<li>Como funciona a tra\u00e7\u00e3o 4\u00d74 nos mais diversos ve\u00edculos<\/li>\n<li>\u00c2ngulos de entrada e sa\u00edda e limites do ve\u00edculo<\/li>\n<li>Uso da 4\u00d74, reduzida e bloqueios<\/li>\n<li>A escolha correta dos pneus<\/li>\n<li>T\u00e9cnicas para todo o tipo de trilhas e pisos<\/li>\n<li>Travessia na \u00e1gua<\/li>\n<li>O que levar na trilha (ferramentas para auto socorro)<\/li>\n<li>Equipamentos (cinta, guinchos, Hi-Lift, \u00e2ncora de solo)<\/li>\n<li>Dicas e troca de experi\u00eancias<\/li>\n<\/ul>\n<\/li>\n<\/ul>\n<h2 style=\"text-align: left;\">Equipe t\u00e9cnica<\/h2>\n<p><strong><em>Henrique Miranda Baumgartner<\/em><\/strong><\/p>\n<p>T\u00e9cnico ambiental formado em 2007 pelo Senac S\u00e3o Paulo, socorrista e l\u00edder de brigada de inc\u00eandio florestal. Fundador de grupo GVBS e apicultor. Guia de turismo Am\u00e9rica do Sul, nacional e regional. Empres\u00e1rio desde 2012 em Gon\u00e7alves\/MG.<\/p>\n<p><strong><em>Thaynara Siqueira Baumgartner<\/em><\/strong><\/p>\n<p>Bi\u00f3loga formada em 2010 pela Universidade S\u00e3o Francisco, especializada em levantamento e manejo de fauna silvestre e regenera\u00e7\u00e3o florestal. Empres\u00e1ria e educadora ambiental desde 2012 em Gon\u00e7alves\/MG. Guia de turismo Am\u00e9rica do Sul, nacional e regional.<\/p>\n","protected":false},"excerpt":{"rendered":"<p>Um curso de t\u00e9cnica fora de estrada, destinado para os propriet\u00e1rios de ve\u00edculos 4\u00d74 que querem aprender a utilizar de forma correta e apropriada os recursos que seus ve\u00edculos oferecem.<\/p>\n<p>Mais informa\u00e7\u00f5es abaixo.<\/p>\n","protected":false},"featured_media":4811,"comment_status":"closed","ping_status":"closed","template":"","meta":{"_exactmetrics_skip_tracking":false,"_exactmetrics_sitenote_active":false,"_exactmetrics_sitenote_note":"","_exactmetrics_sitenote_category":0,"_links_to":"","_links_to_target":""},"product_brand":[],"product_cat":[270],"product_tag":[292,448,449,451,450,453,293,299,452,454,455,456,315,243,318],"class_list":{"0":"post-5772","1":"product","2":"type-product","3":"status-publish","4":"has-post-thumbnail","6":"product_cat-cursos","7":"product_tag-4x4","8":"product_tag-curso-de-tecnica-fora-de-estrada","9":"product_tag-fora-de-estrada","10":"product_tag-jimny","11":"product_tag-land-rover","12":"product_tag-mitsubishi","13":"product_tag-off-road","14":"product_tag-offroad","15":"product_tag-pajero","16":"product_tag-suzuki","17":"product_tag-tecnica-fora-de-estrada","18":"product_tag-tecnica-offroad","19":"product_tag-toyota-bandeirante","20":"product_tag-trilha","21":"product_tag-turismo-em-goncalves","23":"first","24":"instock","25":"virtual","26":"purchasable","27":"product-type-simple"},"_links":{"self":[{"href":"https:\/\/www.mantiqueiratur.com.br\/site\/wp-json\/wp\/v2\/product\/5772","targetHints":{"allow":["GET"]}}],"collection":[{"href":"https:\/\/www.mantiqueiratur.com.br\/site\/wp-json\/wp\/v2\/product"}],"about":[{"href":"https:\/\/www.mantiqueiratur.com.br\/site\/wp-json\/wp\/v2\/types\/product"}],"replies":[{"embeddable":true,"href":"https:\/\/www.mantiqueiratur.com.br\/site\/wp-json\/wp\/v2\/comments?post=5772"}],"wp:featuredmedia":[{"embeddable":true,"href":"https:\/\/www.mantiqueiratur.com.br\/site\/wp-json\/wp\/v2\/media\/4811"}],"wp:attachment":[{"href":"https:\/\/www.mantiqueiratur.com.br\/site\/wp-json\/wp\/v2\/media?parent=5772"}],"wp:term":[{"taxonomy":"product_brand","embeddable":true,"href":"https:\/\/www.mantiqueiratur.com.br\/site\/wp-json\/wp\/v2\/product_brand?post=5772"},{"taxonomy":"product_cat","embeddable":true,"href":"https:\/\/www.mantiqueiratur.com.br\/site\/wp-json\/wp\/v2\/product_cat?post=5772"},{"taxonomy":"product_tag","embeddable":true,"href":"https:\/\/www.mantiqueiratur.com.br\/site\/wp-json\/wp\/v2\/product_tag?post=5772"}],"curies":[{"name":"wp","href":"https:\/\/api.w.org\/{rel}","templated":true}]}}