{"id":5628,"date":"2021-05-07T17:52:08","date_gmt":"2021-05-07T20:52:08","guid":{"rendered":"https:\/\/www.mantiqueiratur.com.br\/site\/?post_type=product&#038;p=5628"},"modified":"2026-02-26T14:56:15","modified_gmt":"2026-02-26T17:56:15","slug":"curso-de-identificacao-e-manejo-de-animais-peconhentos","status":"publish","type":"product","link":"https:\/\/www.mantiqueiratur.com.br\/site\/produto\/curso-de-identificacao-e-manejo-de-animais-peconhentos\/","title":{"rendered":"Curso de identifica\u00e7\u00e3o e manejo de animais pe\u00e7onhentos"},"content":{"rendered":"<p>Nesse curso os participantes aprender\u00e3o principalmente a identificar as esp\u00e9cies de animais pe\u00e7onhentos do Brasil, a realizar o manejo correto desses animais, cuidados em caso de picada e tamb\u00e9m a minimizar os riscos de acidentes em ambientes naturais. O curso aborda desde insetos, aracn\u00eddeos, anf\u00edbios e r\u00e9pteis.<\/p>\n<p>Ideal para praticantes de atividades outdoor, moradores da \u00e1rea rural,\u00a0 profissionais que operam em locais de risco, socorristas e brigadistas e interessados no tema.<\/p>\n<table class=\"table table-bordered tours-tabs__table\" style=\"width: 99.1212%; height: 68px;\">\n<tbody>\n<tr style=\"height: 48px;\">\n<td style=\"height: 24px; width: 33.0073%;\"><strong>VALOR<\/strong><\/td>\n<td style=\"height: 24px; width: 65.2812%;\">R$ 650,00 por pessoa<\/td>\n<\/tr>\n<tr style=\"height: 48px;\">\n<td style=\"height: 24px; width: 33.0073%;\"><strong>DATA\/HOR\u00c1RIOS<\/strong><\/td>\n<td style=\"height: 24px; width: 65.2812%;\">\u00a012 de Abril de 2026. In\u00edcio \u00e0s 9h e t\u00e9rmino previsto para \u00e0s 17h<\/td>\n<\/tr>\n<tr style=\"height: 48px;\">\n<td style=\"height: 10px; width: 33.0073%;\"><strong>LOCAL<\/strong><\/td>\n<td style=\"height: 10px; width: 65.2812%;\">Sal\u00e3o de eventos Pousada Vida Verde &#8211; Gon\u00e7alves MG<\/td>\n<\/tr>\n<tr style=\"height: 30px;\">\n<td style=\"height: 30px; width: 33.0073%;\"><b>INCLUSO<\/b><\/td>\n<td style=\"height: 30px; width: 65.2812%;\"><i class=\"fa fa-check icon-tick icon-tick--on\"><\/i>Apostila\n<p><i class=\"fa fa-check icon-tick icon-tick--on\"><\/i>Certificado<\/p>\n<p><i class=\"fa fa-check icon-tick icon-tick--on\"><\/i>Equipamentos para manejo<\/p><\/td>\n<\/tr>\n<\/tbody>\n<\/table>\n<p><em><strong><span class=\"JsGRdQ\">CONTE\u00daDO PROGRAM\u00c1TICO<\/span><\/strong><\/em><\/p>\n<ul>\n<li><span class=\"JsGRdQ\">Classifica\u00e7\u00e3o de animais venenosos e pe\u00e7onhentos<br \/>\n<\/span><em><strong><span class=\"JsGRdQ\">Artr\u00f3podes<\/span><\/strong><\/em><\/li>\n<li class=\"_04xlpA direction-ltr align-start para-style-body\"><span class=\"JsGRdQ\">Import\u00e2ncia ecol\u00f3gica<\/span><\/li>\n<li class=\"_04xlpA direction-ltr align-start para-style-body\"><span class=\"JsGRdQ\">Insetos de interesse m\u00e9dico &#8211; caracter\u00edsticas gerais, classifica\u00e7\u00e3o, identifica\u00e7\u00e3o e comportamento (Lepid\u00f3pteros, Hymenopteros, Neuropteros)<\/span><\/li>\n<li class=\"_04xlpA direction-ltr align-start para-style-body\"><span class=\"JsGRdQ\">Quil\u00f3podes e dipl\u00f3podes<\/span><\/li>\n<li class=\"_04xlpA direction-ltr align-start para-style-body\"><span class=\"JsGRdQ\">Aracn\u00eddeos de interesse m\u00e9dico e aracn\u00eddeos inofensivos &#8211;<\/span> <span class=\"JsGRdQ\">caracter\u00edsticas gerais, classifica\u00e7\u00e3o, identifica\u00e7\u00e3o, comportamento<\/span><\/li>\n<li class=\"_04xlpA direction-ltr align-start para-style-body\"><span class=\"JsGRdQ\">Abelhas e vespas &#8211; caracter\u00edsticas gerais, classifica\u00e7\u00e3o, identifica\u00e7\u00e3o, comportamento<\/span><\/li>\n<li><span class=\"JsGRdQ\">Manejo de artr\u00f3podes<\/span><\/li>\n<li class=\"_04xlpA direction-ltr align-start para-style-body\"><span class=\"JsGRdQ\">Equipamentos, t\u00e9cnicas, meios de fortuna e preven\u00e7\u00e3o<br \/>\n<\/span><em><strong>Of\u00eddios<\/strong><\/em><\/li>\n<li class=\"_04xlpA direction-ltr align-start para-style-body\"><span class=\"JsGRdQ\">Import\u00e2ncia ecol\u00f3gica<\/span><\/li>\n<li class=\"_04xlpA direction-ltr align-start para-style-body\"><span class=\"JsGRdQ\">Anatomia, caracter\u00edsticas gerais, a\u00e7\u00e3o dos venenos, classifica\u00e7\u00e3o<\/span><\/li>\n<li class=\"_04xlpA direction-ltr align-start para-style-body\"><span class=\"JsGRdQ\">Serpentes pe\u00e7onhentas do Brasil &#8211; esp\u00e9cies brasileiras, classifica\u00e7\u00e3o, identifica\u00e7\u00e3o e comportamento (g\u00eaneros Micrurus, Bothrops, Lachesis e Crotalus)<\/span><\/li>\n<li class=\"_04xlpA direction-ltr align-start para-style-body\"><span class=\"JsGRdQ\">Serpentes n\u00e3o pe\u00e7onhentas mais comuns<\/span><\/li>\n<li><span class=\"JsGRdQ\">Manejo de of\u00eddios<\/span><\/li>\n<li class=\"_04xlpA direction-ltr align-start para-style-body\"><span class=\"JsGRdQ\">Equipamentos, t\u00e9cnicas, meios de fortuna e preven\u00e7\u00e3o<\/span><\/li>\n<li class=\"_04xlpA direction-ltr align-start para-style-body\">Primeiros socorros em acidentes com animais pe\u00e7onhentos<\/li>\n<\/ul>\n<h2 style=\"text-align: left;\"><\/h2>\n<h2 style=\"text-align: left;\">Equipe t\u00e9cnica<\/h2>\n<p><strong><em>Henrique Miranda Baumgartner<\/em><\/strong><\/p>\n<p>S\u00f3cio propriet\u00e1rio das empresas Didelphis Ambiental \u2013 consutoria ambiental e Mantiqueira Ecoturismo especializada em ecoturismo e viv\u00eancias ecol\u00f3gicas. T\u00e9cnico ambiental pelo SENAC SP e especializado em tratamento de efluentes e t\u00e9cnico em guia de turismo regional, nacional e Am\u00e9rica do Sul e socorrista. Por mais de 3 anos trabalhou em diversas cidades de Minas Gerais e S\u00e3o Paulo com agroflorestas e educa\u00e7\u00e3o ambiental. De 2013 a 2015 foi diretor de meio ambiente na Prefeitura Municipal de S\u00e3o Bento do Sapuca\u00ed atuando diretamente com fiscaliza\u00e7\u00e3o, desenvolvimento e implanta\u00e7\u00e3o de projetos de saneamento e recupera\u00e7\u00e3o de nascentes e gest\u00e3o de unidades de conserva\u00e7\u00e3o.<\/p>\n<p><strong><em>Simon Borges <\/em><\/strong><\/p>\n<p>Bi\u00f3logo formado em 2005 pela Universidade Vale do Para\u00edba, p\u00f3s gradua\u00e7\u00e3o latu sensu em <em>Biologia, manejo e medicina da conserva\u00e7\u00e3o de animais silvestres<\/em> pelo Senac rio em 2009, bi\u00f3logo respons\u00e1vel t\u00e9cnico pelo zoo de r\u00e9pteis NR Zoo em Sapuca\u00ed Mirim e o projeto Selva Viva em Taubat\u00e9\/SP.<\/p>\n<p><strong><em>Thaynara Siqueira Baumgartner<\/em><\/strong><\/p>\n<p>S\u00f3cia propriet\u00e1ria das empresas Didelphis Ambiental \u2013 consultoria ambiental e Mantiqueira Ecoturismo especializada em ecoturismo e viv\u00eancias ecol\u00f3gicas. Bi\u00f3loga pela Universidade S\u00e3o Francisco e professora especializada em restaura\u00e7\u00e3o e intera\u00e7\u00f5es ecol\u00f3gicas, t\u00e9cnica em guia de turismo regional, nacional e Am\u00e9rica do Sul e socorrista. Desenvolveu e implantou projeto de levantamento faun\u00edstico e enriquecimento de cativeiro de animais silvestres em diversas cidades de S\u00e3o Paulo e Minas Gerais. P\u00f3s graduada Latu Sensu em Zoologia\/entomologia e Direito Ambiental. Atua h\u00e1 mais de 10 anos nos setores de turismo e com consultoria ambiental. Diretora de capacita\u00e7\u00e3o e sustentabilidade da ABETA (Associa\u00e7\u00e3o Brasileira das Empresas de Ecoturismo e Turismo de Aventura) gest\u00e3o 2021-2023. Auditora e consultora da norma ABNT NRB 21101, tamb\u00e9m ministra cursos e palestras na \u00e1rea ambiental e do ecoturismo.<\/p>\n","protected":false},"excerpt":{"rendered":"<p>O melhor curso de identifica\u00e7\u00e3o e manejo de animais pe\u00e7onhentos agora ao alcance de todos! Aprenda sobre esses animais e como preserv\u00e1-los!<\/p>\n<p>Mais informa\u00e7\u00f5es abaixo.<\/p>\n","protected":false},"featured_media":4600,"comment_status":"closed","ping_status":"closed","template":"","meta":{"_exactmetrics_skip_tracking":false,"_exactmetrics_sitenote_active":false,"_exactmetrics_sitenote_note":"","_exactmetrics_sitenote_category":0,"_links_to":"","_links_to_target":""},"product_brand":[],"product_cat":[270],"product_tag":[436,432,464,431,433,465,434,466,318],"class_list":{"0":"post-5628","1":"product","2":"type-product","3":"status-publish","4":"has-post-thumbnail","6":"product_cat-cursos","7":"product_tag-animais","8":"product_tag-aracnideos","9":"product_tag-biologia","10":"product_tag-cobras","11":"product_tag-curso-de-manejo-de-animais-peconhentos","12":"product_tag-cursos","13":"product_tag-identificacao-de-animais-peconhentos","14":"product_tag-manejo-de-animais","15":"product_tag-turismo-em-goncalves","16":"tour_category-consultoria-ambiental","18":"first","19":"instock","20":"virtual","21":"purchasable","22":"product-type-simple"},"_links":{"self":[{"href":"https:\/\/www.mantiqueiratur.com.br\/site\/wp-json\/wp\/v2\/product\/5628","targetHints":{"allow":["GET"]}}],"collection":[{"href":"https:\/\/www.mantiqueiratur.com.br\/site\/wp-json\/wp\/v2\/product"}],"about":[{"href":"https:\/\/www.mantiqueiratur.com.br\/site\/wp-json\/wp\/v2\/types\/product"}],"replies":[{"embeddable":true,"href":"https:\/\/www.mantiqueiratur.com.br\/site\/wp-json\/wp\/v2\/comments?post=5628"}],"wp:featuredmedia":[{"embeddable":true,"href":"https:\/\/www.mantiqueiratur.com.br\/site\/wp-json\/wp\/v2\/media\/4600"}],"wp:attachment":[{"href":"https:\/\/www.mantiqueiratur.com.br\/site\/wp-json\/wp\/v2\/media?parent=5628"}],"wp:term":[{"taxonomy":"product_brand","embeddable":true,"href":"https:\/\/www.mantiqueiratur.com.br\/site\/wp-json\/wp\/v2\/product_brand?post=5628"},{"taxonomy":"product_cat","embeddable":true,"href":"https:\/\/www.mantiqueiratur.com.br\/site\/wp-json\/wp\/v2\/product_cat?post=5628"},{"taxonomy":"product_tag","embeddable":true,"href":"https:\/\/www.mantiqueiratur.com.br\/site\/wp-json\/wp\/v2\/product_tag?post=5628"}],"curies":[{"name":"wp","href":"https:\/\/api.w.org\/{rel}","templated":true}]}}