{"id":4944,"date":"2020-07-20T16:00:57","date_gmt":"2020-07-20T19:00:57","guid":{"rendered":"https:\/\/www.mantiqueiratur.com.br\/site\/?post_type=product&#038;p=4944"},"modified":"2025-03-05T15:55:59","modified_gmt":"2025-03-05T18:55:59","slug":"roteiro-do-por-do-sol-roteiro-noturno-via-lactea","status":"publish","type":"product","link":"https:\/\/www.mantiqueiratur.com.br\/site\/tours\/roteiro-do-por-do-sol-roteiro-noturno-via-lactea\/","title":{"rendered":"Roteiro do P\u00f4r-do-Sol + Noturno Via L\u00e1ctea"},"content":{"rendered":"<p>Percorrendo estradas rurais de acesso somente a ve\u00edculos 4\u00d74, subiremos at\u00e9 a Pedra de S\u00e3o Domingos. Estando a de 2.050 metros de altitude, a pedra nos d\u00e1 uma vis\u00e3o magn\u00edfica do p\u00f4r-do-Sol. Voltada totalmente para o Oeste, sem obst\u00e1culos, podemos ver todo o movimento do Sol enquanto ele se encaminha para o horizonte, contemplando o espet\u00e1culo de cores do c\u00e9u e as mudan\u00e7as de forma do Sol. Nesse roteiro, subimos na pedra ainda de dia e ap\u00f3s estacionarmos o carro, percorremos um pequeno caminho, por escada e degraus irregulares at\u00e9 a face oeste, pra apreciarmos a vista e aguardamos o p\u00f4r-do-Sol.<\/p>\n<p>Ap\u00f3s,\u00a0seguindo para um local privilegiado, localizado a 1.700 metros de altitude, isolado de qualquer ilumina\u00e7\u00e3o urbana, onde \u00e9 poss\u00edvel desfrutar todo o esplendor das estrelas, constela\u00e7\u00f5es, o caminho da Via L\u00e1ctea, planetas e muitas beleza e mist\u00e9rios que transformam este roteiro inesquec\u00edvel.<\/p>\n<table class=\"table table-bordered tours-tabs__table\" style=\"width: 100%; height: 227px;\">\n<tbody>\n<tr style=\"height: 24px;\">\n<td style=\"height: 24px;\"><strong>DURA\u00c7\u00c3O<\/strong><\/td>\n<td style=\"height: 24px;\">6 hs aproximadamente<\/td>\n<\/tr>\n<tr style=\"height: 24px;\">\n<td style=\"height: 24px;\"><strong>HOR\u00c1RIOS<\/strong><\/td>\n<td style=\"height: 24px;\">Por volta das 15:30, sempre 2 horas antes do hor\u00e1rio do p\u00f4r do sol.<\/td>\n<\/tr>\n<tr style=\"height: 48px;\">\n<td style=\"height: 48px;\"><strong>MELHOR \u00c9POCA PARA O ROTEIRO<\/strong><\/td>\n<td style=\"height: 48px;\">Para este roteiro a melhor \u00e9poca \u00e9 durante as esta\u00e7\u00f5es de frio, entre maio e agosto.<\/td>\n<\/tr>\n<tr style=\"height: 136px;\">\n<td style=\"height: 107px;\"><strong>INCLUSO<\/strong><\/td>\n<td style=\"height: 107px;\">\n<table class=\"table table-bordered\" style=\"height: 120px; width: 101.166%;\" width=\"300\">\n<tbody>\n<tr style=\"height: 48px;\">\n<td style=\"height: 48px; width: 54.7461%;\"><i class=\"fa fa-check icon-tick icon-tick--on\"><\/i>Taxa de visita\u00e7\u00e3o<\/td>\n<td style=\"height: 48px; width: 76.6004%;\"><i class=\"fa fa-check icon-tick icon-tick--on\"><\/i>Guia especializado<\/td>\n<\/tr>\n<tr style=\"height: 72px;\">\n<td style=\"height: 72px; width: 54.7461%;\"><i class=\"fa fa-check icon-tick icon-tick--on\"><\/i>Transporte em ve\u00edculo 4&#215;4<\/td>\n<td style=\"height: 72px; width: 76.6004%;\"><i class=\"fa fa-check icon-tick icon-tick--on\"><\/i>Seguro aventura<\/td>\n<\/tr>\n<\/tbody>\n<\/table>\n<\/td>\n<\/tr>\n<\/tbody>\n<\/table>\n","protected":false},"excerpt":{"rendered":"<p>Apreciar um bel\u00edssimo p\u00f4r-do-sol e depois as estrelas.<\/p>\n","protected":false},"featured_media":4224,"comment_status":"closed","ping_status":"closed","template":"","meta":{"_exactmetrics_skip_tracking":false,"_exactmetrics_sitenote_active":false,"_exactmetrics_sitenote_note":"","_exactmetrics_sitenote_category":0,"_links_to":"","_links_to_target":""},"product_brand":[],"product_cat":[269],"product_tag":[301,460,461,467,297,459,268,468,277,272,462,330,287,318],"class_list":{"0":"post-4944","1":"product","2":"type-product","3":"status-publish","4":"has-post-thumbnail","6":"product_cat-off-road","7":"product_tag-astronomia","8":"product_tag-carnaval","9":"product_tag-corpus-christi","10":"product_tag-dia-dos-namorados","11":"product_tag-experiencia","12":"product_tag-feriado","13":"product_tag-ferias","14":"product_tag-ferias-de-julho","15":"product_tag-goncalves","16":"product_tag-o-que-fazer-em-goncalves","17":"product_tag-pascoa","18":"product_tag-passeio-noturno","19":"product_tag-por-do-sol","20":"product_tag-turismo-em-goncalves","21":"tour_category-goncalvesmg","23":"first","24":"instock","25":"virtual","26":"sold-individually","27":"purchasable","28":"product-type-tour"},"_links":{"self":[{"href":"https:\/\/www.mantiqueiratur.com.br\/site\/wp-json\/wp\/v2\/product\/4944","targetHints":{"allow":["GET"]}}],"collection":[{"href":"https:\/\/www.mantiqueiratur.com.br\/site\/wp-json\/wp\/v2\/product"}],"about":[{"href":"https:\/\/www.mantiqueiratur.com.br\/site\/wp-json\/wp\/v2\/types\/product"}],"replies":[{"embeddable":true,"href":"https:\/\/www.mantiqueiratur.com.br\/site\/wp-json\/wp\/v2\/comments?post=4944"}],"wp:featuredmedia":[{"embeddable":true,"href":"https:\/\/www.mantiqueiratur.com.br\/site\/wp-json\/wp\/v2\/media\/4224"}],"wp:attachment":[{"href":"https:\/\/www.mantiqueiratur.com.br\/site\/wp-json\/wp\/v2\/media?parent=4944"}],"wp:term":[{"taxonomy":"product_brand","embeddable":true,"href":"https:\/\/www.mantiqueiratur.com.br\/site\/wp-json\/wp\/v2\/product_brand?post=4944"},{"taxonomy":"product_cat","embeddable":true,"href":"https:\/\/www.mantiqueiratur.com.br\/site\/wp-json\/wp\/v2\/product_cat?post=4944"},{"taxonomy":"product_tag","embeddable":true,"href":"https:\/\/www.mantiqueiratur.com.br\/site\/wp-json\/wp\/v2\/product_tag?post=4944"}],"curies":[{"name":"wp","href":"https:\/\/api.w.org\/{rel}","templated":true}]}}