{"id":4943,"date":"2020-07-20T15:53:25","date_gmt":"2020-07-20T18:53:25","guid":{"rendered":"https:\/\/www.mantiqueiratur.com.br\/site\/?post_type=product&#038;p=4943"},"modified":"2025-03-05T16:03:12","modified_gmt":"2025-03-05T19:03:12","slug":"roteiro-do-por-do-sol","status":"publish","type":"product","link":"https:\/\/www.mantiqueiratur.com.br\/site\/tours\/roteiro-do-por-do-sol\/","title":{"rendered":"Roteiro do P\u00f4r-do-sol"},"content":{"rendered":"<p>Percorrendo estradas rurais de acesso somente a ve\u00edculos 4&#215;4, subiremos at\u00e9 a Pedra de S\u00e3o Domingos para vislumbrar um belo visual com espetacular p\u00f4r-do-sol. Estando a de 2.050 metros de altitude, e voltada totalmente para o oeste, sem obst\u00e1culos, podemos ver todo o movimento do Sol enquanto ele se encaminha para o horizonte, contemplando o espet\u00e1culo de cores do c\u00e9u e as mudan\u00e7as de forma do Sol. Nesse roteiro, subimos na pedra ainda de dia e ap\u00f3s estacionarmos o carro, percorremos um pequeno caminho, por escada e degraus irregulares at\u00e9 a face oeste, pra apreciarmos a vista e aguardamos o p\u00f4r-do-Sol.<\/p>\n<table class=\"table table-bordered tours-tabs__table\" style=\"width: 100%; height: 252px;\">\n<tbody>\n<tr style=\"height: 24px;\">\n<td style=\"height: 24px;\"><strong>DURA\u00c7\u00c3O<\/strong><\/td>\n<td style=\"height: 24px;\">3h aproximadamente<\/td>\n<\/tr>\n<tr style=\"height: 48px;\">\n<td style=\"height: 48px;\"><strong>HOR\u00c1RIOS<\/strong><\/td>\n<td style=\"height: 48px;\">sa\u00edda 2hs antes do hor\u00e1rio do P\u00f4r-do-Sol e retorno previsto para 1h30min depois do P\u00f4r-do-Sol. Consulte-nos para saber o hor\u00e1rio exato dependendo do dia.<\/td>\n<\/tr>\n<tr style=\"height: 48px;\">\n<td style=\"height: 48px;\"><strong>MELHOR \u00c9POCA PARA O ROTEIRO<\/strong><\/td>\n<td style=\"height: 48px;\">Para este roteiro a melhor \u00e9poca \u00e9 durante as esta\u00e7\u00f5es de frio, entre abril e setembro.<\/td>\n<\/tr>\n<tr style=\"height: 136px;\">\n<td style=\"height: 108px;\"><strong>INCLUSO<\/strong><\/td>\n<td style=\"height: 108px;\">\n<table class=\"table table-bordered\" style=\"height: 120px; width: 101.166%;\" width=\"300\">\n<tbody>\n<tr style=\"height: 48px;\">\n<td style=\"height: 48px; width: 54.7461%;\"><i class=\"fa fa-check icon-tick icon-tick--on\"><\/i>Taxa de visita\u00e7\u00e3o<\/td>\n<td style=\"height: 48px; width: 76.6004%;\"><i class=\"fa fa-check icon-tick icon-tick--on\"><\/i>Guia especializado<\/td>\n<\/tr>\n<tr style=\"height: 72px;\">\n<td style=\"height: 72px; width: 54.7461%;\"><i class=\"fa fa-check icon-tick icon-tick--on\"><\/i>Transporte em ve\u00edculo 4&#215;4<\/td>\n<td style=\"height: 72px; width: 76.6004%;\"><i class=\"fa fa-check icon-tick icon-tick--on\"><\/i>Seguro aventura<\/td>\n<\/tr>\n<\/tbody>\n<\/table>\n<\/td>\n<\/tr>\n<tr style=\"height: 24px;\">\n<td style=\"height: 24px;\"><b>N\u00c3O INCLUSO<\/b><\/td>\n<td style=\"height: 24px;\"><i class=\"fa fa-times icon-tick icon-tick--off\"><\/i>Almo\u00e7o<\/td>\n<\/tr>\n<\/tbody>\n<\/table>\n","protected":false},"excerpt":{"rendered":"<p>Percorrendo estradas rurais de acesso a ve\u00edculos 4&#215;4, subiremos at\u00e9 a Pedra de S\u00e3o Domingos para vislumbrar uma belo visual com espetacular P\u00f4r-do-sol.<\/p>\n","protected":false},"featured_media":3630,"comment_status":"closed","ping_status":"closed","template":"","meta":{"_exactmetrics_skip_tracking":false,"_exactmetrics_sitenote_active":false,"_exactmetrics_sitenote_note":"","_exactmetrics_sitenote_category":0,"_links_to":"","_links_to_target":""},"product_brand":[],"product_cat":[269],"product_tag":[292,460,461,264,297,459,268,357,272,462,287,286,318],"class_list":{"0":"post-4943","1":"product","2":"type-product","3":"status-publish","4":"has-post-thumbnail","6":"product_cat-off-road","7":"product_tag-4x4","8":"product_tag-carnaval","9":"product_tag-corpus-christi","10":"product_tag-ecoturismo","11":"product_tag-experiencia","12":"product_tag-feriado","13":"product_tag-ferias","14":"product_tag-goncalves-minas-gerais","15":"product_tag-o-que-fazer-em-goncalves","16":"product_tag-pascoa","17":"product_tag-por-do-sol","18":"product_tag-sul-de-minas","19":"product_tag-turismo-em-goncalves","20":"tour_category-goncalvesmg","22":"first","23":"instock","24":"virtual","25":"sold-individually","26":"purchasable","27":"product-type-tour"},"_links":{"self":[{"href":"https:\/\/www.mantiqueiratur.com.br\/site\/wp-json\/wp\/v2\/product\/4943","targetHints":{"allow":["GET"]}}],"collection":[{"href":"https:\/\/www.mantiqueiratur.com.br\/site\/wp-json\/wp\/v2\/product"}],"about":[{"href":"https:\/\/www.mantiqueiratur.com.br\/site\/wp-json\/wp\/v2\/types\/product"}],"replies":[{"embeddable":true,"href":"https:\/\/www.mantiqueiratur.com.br\/site\/wp-json\/wp\/v2\/comments?post=4943"}],"wp:featuredmedia":[{"embeddable":true,"href":"https:\/\/www.mantiqueiratur.com.br\/site\/wp-json\/wp\/v2\/media\/3630"}],"wp:attachment":[{"href":"https:\/\/www.mantiqueiratur.com.br\/site\/wp-json\/wp\/v2\/media?parent=4943"}],"wp:term":[{"taxonomy":"product_brand","embeddable":true,"href":"https:\/\/www.mantiqueiratur.com.br\/site\/wp-json\/wp\/v2\/product_brand?post=4943"},{"taxonomy":"product_cat","embeddable":true,"href":"https:\/\/www.mantiqueiratur.com.br\/site\/wp-json\/wp\/v2\/product_cat?post=4943"},{"taxonomy":"product_tag","embeddable":true,"href":"https:\/\/www.mantiqueiratur.com.br\/site\/wp-json\/wp\/v2\/product_tag?post=4943"}],"curies":[{"name":"wp","href":"https:\/\/api.w.org\/{rel}","templated":true}]}}