{"id":4942,"date":"2020-07-20T15:44:59","date_gmt":"2020-07-20T18:44:59","guid":{"rendered":"https:\/\/www.mantiqueiratur.com.br\/site\/?post_type=product&#038;p=4942"},"modified":"2025-03-05T16:04:20","modified_gmt":"2025-03-05T19:04:20","slug":"roteiro-pedra-de-sao-domingos","status":"publish","type":"product","link":"https:\/\/www.mantiqueiratur.com.br\/site\/tours\/roteiro-pedra-de-sao-domingos\/","title":{"rendered":"Roteiro Pedra de S\u00e3o Domingos"},"content":{"rendered":"<p>Percorrendo estradas rurais de acesso somente a ve\u00edculos 4\u00d74, subiremos at\u00e9 a Pedra de S\u00e3o Domingos a mais de 2.000 metros de altitude.. O acesso que vamos, nos permite chegar at\u00e9 o topo com nosso ve\u00edculo, onde l\u00e1, podemos vislumbrar a vista de toda a regi\u00e3o, como Campos do Jord\u00e3o, Monte Verde e a regi\u00e3o de Pouso Alegre.<\/p>\n<table class=\"table table-bordered tours-tabs__table\" style=\"width: 100%; height: 280px;\">\n<tbody>\n<tr style=\"height: 24px;\">\n<td style=\"height: 24px;\"><strong>DURA\u00c7\u00c3O<\/strong><\/td>\n<td style=\"height: 24px;\">3h aproximadamente<\/td>\n<\/tr>\n<tr style=\"height: 24px;\">\n<td style=\"height: 24px;\"><strong>HOR\u00c1RIOS<\/strong><\/td>\n<td style=\"height: 24px;\">Sa\u00edda \u00e0s 09h30 e retorno previsto para as 12h30.<\/td>\n<\/tr>\n<tr style=\"height: 48px;\">\n<td style=\"height: 48px;\"><strong>MELHOR \u00c9POCA PARA O ROTEIRO<\/strong><\/td>\n<td style=\"height: 48px;\">Para este roteiro a melhor \u00e9poca \u00e9 durante as esta\u00e7\u00f5es de frio, entre abril e setembro.<\/td>\n<\/tr>\n<tr style=\"height: 136px;\">\n<td style=\"height: 136px;\"><strong>INCLUSO<\/strong><\/td>\n<td style=\"height: 136px;\">\n<table class=\"table table-bordered\" style=\"height: 120px; width: 101.166%;\" width=\"300\">\n<tbody>\n<tr style=\"height: 48px;\">\n<td style=\"height: 48px; width: 54.7461%;\"><i class=\"fa fa-check icon-tick icon-tick--on\"><\/i>Taxa de visita\u00e7\u00e3o<\/td>\n<td style=\"height: 48px; width: 76.6004%;\"><i class=\"fa fa-check icon-tick icon-tick--on\"><\/i>Guia especializado<\/td>\n<\/tr>\n<tr style=\"height: 72px;\">\n<td style=\"height: 72px; width: 54.7461%;\"><i class=\"fa fa-check icon-tick icon-tick--on\"><\/i>Transporte em ve\u00edculo 4&#215;4<\/td>\n<td style=\"height: 72px; width: 76.6004%;\"><i class=\"fa fa-check icon-tick icon-tick--on\"><\/i>Seguro aventura<\/td>\n<\/tr>\n<\/tbody>\n<\/table>\n<\/td>\n<\/tr>\n<tr style=\"height: 24px;\">\n<td style=\"height: 24px;\"><b>N\u00c3O INCLUSO<\/b><\/td>\n<td style=\"height: 24px;\"><i class=\"fa fa-times icon-tick icon-tick--off\"><\/i>Almo\u00e7o<\/td>\n<\/tr>\n<\/tbody>\n<\/table>\n","protected":false},"excerpt":{"rendered":"<p>Subiremos at\u00e9 a Pedra de S\u00e3o Domingos, a mais de 2.000 metros de altitude.<\/p>\n","protected":false},"featured_media":5157,"comment_status":"closed","ping_status":"closed","template":"","meta":{"_exactmetrics_skip_tracking":false,"_exactmetrics_sitenote_active":false,"_exactmetrics_sitenote_note":"","_exactmetrics_sitenote_category":0,"_links_to":"","_links_to_target":""},"product_brand":[],"product_cat":[269],"product_tag":[292,278,460,461,264,459,268,277,247,285,419,256,272,462,418,266,284,318],"class_list":{"0":"post-4942","1":"product","2":"type-product","3":"status-publish","4":"has-post-thumbnail","6":"product_cat-off-road","7":"product_tag-4x4","8":"product_tag-cachoeiras","9":"product_tag-carnaval","10":"product_tag-corpus-christi","11":"product_tag-ecoturismo","12":"product_tag-feriado","13":"product_tag-ferias","14":"product_tag-goncalves","15":"product_tag-mantiqueira","16":"product_tag-minas-gerais","17":"product_tag-mirantes","18":"product_tag-montanha","19":"product_tag-o-que-fazer-em-goncalves","20":"product_tag-pascoa","21":"product_tag-picos","22":"product_tag-turismo","23":"product_tag-turismo-de-natureza","24":"product_tag-turismo-em-goncalves","25":"tour_category-goncalvesmg","27":"first","28":"instock","29":"virtual","30":"sold-individually","31":"purchasable","32":"product-type-tour"},"_links":{"self":[{"href":"https:\/\/www.mantiqueiratur.com.br\/site\/wp-json\/wp\/v2\/product\/4942","targetHints":{"allow":["GET"]}}],"collection":[{"href":"https:\/\/www.mantiqueiratur.com.br\/site\/wp-json\/wp\/v2\/product"}],"about":[{"href":"https:\/\/www.mantiqueiratur.com.br\/site\/wp-json\/wp\/v2\/types\/product"}],"replies":[{"embeddable":true,"href":"https:\/\/www.mantiqueiratur.com.br\/site\/wp-json\/wp\/v2\/comments?post=4942"}],"wp:featuredmedia":[{"embeddable":true,"href":"https:\/\/www.mantiqueiratur.com.br\/site\/wp-json\/wp\/v2\/media\/5157"}],"wp:attachment":[{"href":"https:\/\/www.mantiqueiratur.com.br\/site\/wp-json\/wp\/v2\/media?parent=4942"}],"wp:term":[{"taxonomy":"product_brand","embeddable":true,"href":"https:\/\/www.mantiqueiratur.com.br\/site\/wp-json\/wp\/v2\/product_brand?post=4942"},{"taxonomy":"product_cat","embeddable":true,"href":"https:\/\/www.mantiqueiratur.com.br\/site\/wp-json\/wp\/v2\/product_cat?post=4942"},{"taxonomy":"product_tag","embeddable":true,"href":"https:\/\/www.mantiqueiratur.com.br\/site\/wp-json\/wp\/v2\/product_tag?post=4942"}],"curies":[{"name":"wp","href":"https:\/\/api.w.org\/{rel}","templated":true}]}}