{"id":4941,"date":"2020-07-20T15:32:44","date_gmt":"2020-07-20T18:32:44","guid":{"rendered":"https:\/\/www.mantiqueiratur.com.br\/site\/?post_type=product&#038;p=4941"},"modified":"2025-03-05T16:06:19","modified_gmt":"2025-03-05T19:06:19","slug":"roteiro-do-capivari","status":"publish","type":"product","link":"https:\/\/www.mantiqueiratur.com.br\/site\/tours\/roteiro-do-capivari\/","title":{"rendered":"Roteiro do Capivari"},"content":{"rendered":"<p>Neste roteiro do Capivari, o rio ser\u00e1 nosso guia, percorrendo as estradas que o acompanham e conhecendo belas cachoeiras no caminho. No percurso teremos v\u00e1rias vistas da regi\u00e3o, que comp\u00f5em uma paisagem bela e diferenciada de locais mais conhecidos de Gon\u00e7alves. Conheceremos um bairro com uma igreja em um cen\u00e1rio bem buc\u00f3lico e com um hist\u00f3ria intrigante, com uma das vistas mais belas de Gon\u00e7alves.<\/p>\n<table class=\"table table-bordered tours-tabs__table\" style=\"width: 100%; height: 392px;\">\n<tbody>\n<tr style=\"height: 24px;\">\n<td style=\"height: 24px;\"><strong>DURA\u00c7\u00c3O<\/strong><\/td>\n<td style=\"height: 24px;\">3h aproximadamente<\/td>\n<\/tr>\n<tr style=\"height: 48px;\">\n<td style=\"height: 48px;\"><strong>HOR\u00c1RIOS<\/strong><\/td>\n<td style=\"height: 48px;\">Sa\u00edda \u00e0s 09h30 e retorno previsto para \u00e0s 12h30.\n<p>TARDE &#8211; sa\u00edda \u00e0s 14h30 e retorno previsto para \u00e0s 17h30.<\/p><\/td>\n<\/tr>\n<tr style=\"height: 48px;\">\n<td style=\"height: 48px;\"><strong>MELHOR \u00c9POCA PARA O ROTEIRO<\/strong><\/td>\n<td style=\"height: 48px;\">Passeio para curtir o ano todo, seja na chuva ou no sol.<\/td>\n<\/tr>\n<tr style=\"height: 136px;\">\n<td style=\"height: 136px;\"><strong>INCLUSO<\/strong><\/td>\n<td style=\"height: 136px;\">\n<table class=\"table table-bordered\" style=\"height: 120px; width: 101.166%;\" width=\"300\">\n<tbody>\n<tr style=\"height: 48px;\">\n<td style=\"height: 48px; width: 54.7461%;\"><i class=\"fa fa-check icon-tick icon-tick--on\"><\/i>Taxa de visita\u00e7\u00e3o<\/td>\n<td style=\"height: 48px; width: 76.6004%;\"><i class=\"fa fa-check icon-tick icon-tick--on\"><\/i>Guia especializado<\/td>\n<\/tr>\n<tr style=\"height: 72px;\">\n<td style=\"height: 72px; width: 54.7461%;\"><i class=\"fa fa-check icon-tick icon-tick--on\"><\/i>Transporte em ve\u00edculo 4&#215;4<\/td>\n<td style=\"height: 72px; width: 76.6004%;\"><i class=\"fa fa-check icon-tick icon-tick--on\"><\/i>Seguro aventura<\/td>\n<\/tr>\n<\/tbody>\n<\/table>\n<\/td>\n<\/tr>\n<tr style=\"height: 24px;\">\n<td style=\"height: 24px;\"><b>N\u00c3O INCLUSO<\/b><\/td>\n<td style=\"height: 24px;\"><i class=\"fa fa-times icon-tick icon-tick--off\"><\/i>Almo\u00e7o<\/td>\n<\/tr>\n<\/tbody>\n<\/table>\n","protected":false},"excerpt":{"rendered":"<p>O rio ser\u00e1 nosso guia, percorrendo estradas que o acompanham e conhecendo belas cachoeiras no caminho.<\/p>\n","protected":false},"featured_media":3587,"comment_status":"closed","ping_status":"closed","template":"","meta":{"_exactmetrics_skip_tracking":false,"_exactmetrics_sitenote_active":false,"_exactmetrics_sitenote_note":"","_exactmetrics_sitenote_category":0,"_links_to":"","_links_to_target":""},"product_brand":[],"product_cat":[269],"product_tag":[292,282,317,460,461,264,459,268,277,357,272,462,323,469,286,266,318,470],"class_list":{"0":"post-4941","1":"product","2":"type-product","3":"status-publish","4":"has-post-thumbnail","6":"product_cat-off-road","7":"product_tag-4x4","8":"product_tag-cachoeira","9":"product_tag-capivari","10":"product_tag-carnaval","11":"product_tag-corpus-christi","12":"product_tag-ecoturismo","13":"product_tag-feriado","14":"product_tag-ferias","15":"product_tag-goncalves","16":"product_tag-goncalves-minas-gerais","17":"product_tag-o-que-fazer-em-goncalves","18":"product_tag-pascoa","19":"product_tag-passeio","20":"product_tag-passeios-em-goncalves","21":"product_tag-sul-de-minas","22":"product_tag-turismo","23":"product_tag-turismo-em-goncalves","24":"product_tag-viagem","25":"tour_category-goncalvesmg","27":"first","28":"instock","29":"sold-individually","30":"purchasable","31":"product-type-tour"},"_links":{"self":[{"href":"https:\/\/www.mantiqueiratur.com.br\/site\/wp-json\/wp\/v2\/product\/4941","targetHints":{"allow":["GET"]}}],"collection":[{"href":"https:\/\/www.mantiqueiratur.com.br\/site\/wp-json\/wp\/v2\/product"}],"about":[{"href":"https:\/\/www.mantiqueiratur.com.br\/site\/wp-json\/wp\/v2\/types\/product"}],"replies":[{"embeddable":true,"href":"https:\/\/www.mantiqueiratur.com.br\/site\/wp-json\/wp\/v2\/comments?post=4941"}],"wp:featuredmedia":[{"embeddable":true,"href":"https:\/\/www.mantiqueiratur.com.br\/site\/wp-json\/wp\/v2\/media\/3587"}],"wp:attachment":[{"href":"https:\/\/www.mantiqueiratur.com.br\/site\/wp-json\/wp\/v2\/media?parent=4941"}],"wp:term":[{"taxonomy":"product_brand","embeddable":true,"href":"https:\/\/www.mantiqueiratur.com.br\/site\/wp-json\/wp\/v2\/product_brand?post=4941"},{"taxonomy":"product_cat","embeddable":true,"href":"https:\/\/www.mantiqueiratur.com.br\/site\/wp-json\/wp\/v2\/product_cat?post=4941"},{"taxonomy":"product_tag","embeddable":true,"href":"https:\/\/www.mantiqueiratur.com.br\/site\/wp-json\/wp\/v2\/product_tag?post=4941"}],"curies":[{"name":"wp","href":"https:\/\/api.w.org\/{rel}","templated":true}]}}