{"id":4939,"date":"2020-07-20T15:25:14","date_gmt":"2020-07-20T18:25:14","guid":{"rendered":"https:\/\/www.mantiqueiratur.com.br\/site\/?post_type=product&#038;p=4939"},"modified":"2025-03-05T16:07:09","modified_gmt":"2025-03-05T19:07:09","slug":"roteiro-serra-da-balanca","status":"publish","type":"product","link":"https:\/\/www.mantiqueiratur.com.br\/site\/tours\/roteiro-serra-da-balanca\/","title":{"rendered":"Roteiro Serra da Balan\u00e7a"},"content":{"rendered":"<p>No roteiro da Serra da Balan\u00e7a, conheceremos o bairro mais hist\u00f3rico de Gon\u00e7alves, conhecido pelas suas constru\u00e7\u00f5es tradicionais de pau-a-pique. Em seguida, teremos uma das vistas mais belas do alto da Serra da Balan\u00e7a, atrav\u00e9s da trilha que cruza toda a Serra, onde podemos avistar a Pedra do Ba\u00fa e a cidade de Campos do Jord\u00e3o, sem falar na vista de tirar o f\u00f4lego da pr\u00f3pria Serra. Iremos tamb\u00e9m realizar um trilha muito admirada pelos jipeiros, onde teremos o privil\u00e9gio de desfrutarmos de uma verdadeira trilha para 4&#215;4. Conheceremos tamb\u00e9m duas belas cachoeiras, em locais distintos da trilha. Ser\u00e1 poss\u00edvel tamb\u00e9m conhecer uma regi\u00e3o muito preservada de Gon\u00e7alves, com belos exemplares da Mata Atl\u00e2ntica de altitude, inclusive as arauc\u00e1rias. Visitaremos um mirante, com vista impressionante da regi\u00e3o do vale do Sapuca\u00ed Mirim. Tamb\u00e9m iremos conhecer a vila mais antiga de Gon\u00e7alves, com uma hist\u00f3ria muito peculiar.<\/p>\n<table class=\"table table-bordered tours-tabs__table\">\n<tbody>\n<tr style=\"height: 24px;\">\n<td style=\"height: 24px;\"><strong>DURA\u00c7\u00c3O<\/strong><\/td>\n<td style=\"height: 24px;\">3h aproximadamente<\/td>\n<\/tr>\n<tr style=\"height: 48px;\">\n<td style=\"height: 48px;\"><strong>HOR\u00c1RIOS<\/strong><\/td>\n<td style=\"height: 48px;\">Sa\u00edda \u00e0s 09h30 e retorno previsto para \u00e0s 12h30.\n<p>TARDE &#8211; sa\u00edda \u00e0s 14h30 e retorno previsto para \u00e0s 17h30.<\/p><\/td>\n<\/tr>\n<tr style=\"height: 48px;\">\n<td style=\"height: 48px;\"><strong>MELHOR \u00c9POCA PARA O ROTEIRO<\/strong><\/td>\n<td style=\"height: 48px;\">Ano todo<\/td>\n<\/tr>\n<tr style=\"height: 136px;\">\n<td style=\"height: 136px;\"><strong>INCLUSO<\/strong><\/td>\n<td style=\"height: 136px;\">\n<table class=\"table table-bordered\" style=\"height: 120px; width: 101.166%;\" width=\"300\">\n<tbody>\n<tr style=\"height: 48px;\">\n<td style=\"height: 48px; width: 54.7461%;\"><i class=\"fa fa-check icon-tick icon-tick--on\"><\/i>Taxa de visita\u00e7\u00e3o<\/td>\n<td style=\"height: 48px; width: 76.6004%;\"><i class=\"fa fa-check icon-tick icon-tick--on\"><\/i>Guia especializado<\/td>\n<\/tr>\n<tr style=\"height: 72px;\">\n<td style=\"height: 72px; width: 54.7461%;\"><i class=\"fa fa-check icon-tick icon-tick--on\"><\/i>Transporte em ve\u00edculo 4&#215;4<\/td>\n<td style=\"height: 72px; width: 76.6004%;\"><i class=\"fa fa-check icon-tick icon-tick--on\"><\/i>Seguro aventura<\/td>\n<\/tr>\n<\/tbody>\n<\/table>\n<\/td>\n<\/tr>\n<tr style=\"height: 24px;\">\n<td style=\"height: 24px;\"><b>N\u00c3O INCLUSO<\/b><\/td>\n<td style=\"height: 24px;\"><i class=\"fa fa-times icon-tick icon-tick--off\"><\/i>Almo\u00e7o<\/td>\n<\/tr>\n<\/tbody>\n<\/table>\n","protected":false},"excerpt":{"rendered":"<p>Passeio pela trilha da divisa entre os estados de Minas Gerais e S\u00e3o Paulo, com belas vistas no caminho.<\/p>\n","protected":false},"featured_media":5159,"comment_status":"closed","ping_status":"closed","template":"","meta":{"_exactmetrics_skip_tracking":false,"_exactmetrics_sitenote_active":false,"_exactmetrics_sitenote_note":"","_exactmetrics_sitenote_category":0,"_links_to":"","_links_to_target":""},"product_brand":[],"product_cat":[269],"product_tag":[460,461,459,268,277,272,293,462,323,358,328,286,243,266,318,470],"class_list":{"0":"post-4939","1":"product","2":"type-product","3":"status-publish","4":"has-post-thumbnail","6":"product_cat-off-road","7":"product_tag-carnaval","8":"product_tag-corpus-christi","9":"product_tag-feriado","10":"product_tag-ferias","11":"product_tag-goncalves","12":"product_tag-o-que-fazer-em-goncalves","13":"product_tag-off-road","14":"product_tag-pascoa","15":"product_tag-passeio","16":"product_tag-pedra-do-bau","17":"product_tag-sao-bento-do-sapucai","18":"product_tag-sul-de-minas","19":"product_tag-trilha","20":"product_tag-turismo","21":"product_tag-turismo-em-goncalves","22":"product_tag-viagem","23":"tour_category-goncalvesmg","25":"first","26":"instock","27":"sold-individually","28":"purchasable","29":"product-type-tour"},"_links":{"self":[{"href":"https:\/\/www.mantiqueiratur.com.br\/site\/wp-json\/wp\/v2\/product\/4939","targetHints":{"allow":["GET"]}}],"collection":[{"href":"https:\/\/www.mantiqueiratur.com.br\/site\/wp-json\/wp\/v2\/product"}],"about":[{"href":"https:\/\/www.mantiqueiratur.com.br\/site\/wp-json\/wp\/v2\/types\/product"}],"replies":[{"embeddable":true,"href":"https:\/\/www.mantiqueiratur.com.br\/site\/wp-json\/wp\/v2\/comments?post=4939"}],"wp:featuredmedia":[{"embeddable":true,"href":"https:\/\/www.mantiqueiratur.com.br\/site\/wp-json\/wp\/v2\/media\/5159"}],"wp:attachment":[{"href":"https:\/\/www.mantiqueiratur.com.br\/site\/wp-json\/wp\/v2\/media?parent=4939"}],"wp:term":[{"taxonomy":"product_brand","embeddable":true,"href":"https:\/\/www.mantiqueiratur.com.br\/site\/wp-json\/wp\/v2\/product_brand?post=4939"},{"taxonomy":"product_cat","embeddable":true,"href":"https:\/\/www.mantiqueiratur.com.br\/site\/wp-json\/wp\/v2\/product_cat?post=4939"},{"taxonomy":"product_tag","embeddable":true,"href":"https:\/\/www.mantiqueiratur.com.br\/site\/wp-json\/wp\/v2\/product_tag?post=4939"}],"curies":[{"name":"wp","href":"https:\/\/api.w.org\/{rel}","templated":true}]}}