{"id":4938,"date":"2020-07-20T15:17:52","date_gmt":"2020-07-20T18:17:52","guid":{"rendered":"https:\/\/www.mantiqueiratur.com.br\/site\/?post_type=product&#038;p=4938"},"modified":"2025-04-16T12:22:13","modified_gmt":"2025-04-16T15:22:13","slug":"roteiro-sao-sebastiao-das-3-orelhas","status":"publish","type":"product","link":"https:\/\/www.mantiqueiratur.com.br\/site\/tours\/roteiro-sao-sebastiao-das-3-orelhas\/","title":{"rendered":"Roteiro S\u00e3o Sebasti\u00e3o das 3 Orelhas"},"content":{"rendered":"<p>Conhe\u00e7a o roteiro de S\u00e3o Sebasti\u00e3o das Tr\u00eas Orelhas, nele conheceremos um mirante particular, que possui uma vista privilegiada do centro de Gon\u00e7alves e de todo o vale, passaremos pelo bairro mais hist\u00f3rico de Gon\u00e7alves com suas hist\u00f3rias muito peculiares, teremos uma das vistas mais belas do alto da Serra da Balan\u00e7a, atrav\u00e9s da trilha que cruza toda a Serra, onde podemos avistar a Pedra do Ba\u00fa e a cidade de Campos do Jord\u00e3o, sem falar na vista de tirar o f\u00f4lego da pr\u00f3pria serra. Ser\u00e1 poss\u00edvel tamb\u00e9m conhecer uma regi\u00e3o muito preservada de Gon\u00e7alves, com belos exemplares da Mata Atl\u00e2ntica de altitude, inclusive as arauc\u00e1rias. Tamb\u00e9m conheceremos uma bela cachoeira, por uma pequena trilha de caminhada.<\/p>\n<p>Hist\u00f3ria e est\u00f3rias, cultura e belezas naturais de Gon\u00e7alves a bordo de um 4&#215;4.<\/p>\n<table class=\"table table-bordered tours-tabs__table\" style=\"width: 100%; height: 211px;\">\n<tbody>\n<tr style=\"height: 24px;\">\n<td style=\"height: 24px;\"><strong>DURA\u00c7\u00c3O<\/strong><\/td>\n<td style=\"height: 24px;\">3h aproximadamente<\/td>\n<\/tr>\n<tr style=\"height: 48px;\">\n<td style=\"height: 10px;\"><strong>HOR\u00c1RIOS<\/strong><\/td>\n<td style=\"height: 10px;\">Sa\u00edda \u00e0s 09h30 e retorno previsto para \u00e0s 12h30.\n<p>TARDE &#8211; sa\u00edda \u00e0s 14h30 e retorno previsto para \u00e0s 17h30.<\/p><\/td>\n<\/tr>\n<tr style=\"height: 48px;\">\n<td style=\"height: 48px;\"><strong>MELHOR \u00c9POCA PARA O ROTEIRO<\/strong><\/td>\n<td style=\"height: 48px;\">Passeio para curtir o ano todo, seja na chuva ou no sol.<\/td>\n<\/tr>\n<tr style=\"height: 136px;\">\n<td style=\"height: 105px;\"><strong>INCLUSO<\/strong><\/td>\n<td style=\"height: 105px;\">\n<table class=\"table table-bordered\" style=\"height: 105px; width: 101.166%;\" width=\"300\">\n<tbody>\n<tr style=\"height: 48px;\">\n<td style=\"height: 48px; width: 54.7461%;\"><i class=\"fa fa-check icon-tick icon-tick--on\"><\/i>Taxa de visita\u00e7\u00e3o<\/td>\n<td style=\"height: 48px; width: 76.6004%;\"><i class=\"fa fa-check icon-tick icon-tick--on\"><\/i>Guia especializado<\/td>\n<\/tr>\n<tr style=\"height: 72px;\">\n<td style=\"height: 57px; width: 54.7461%;\"><i class=\"fa fa-check icon-tick icon-tick--on\"><\/i>Transporte em ve\u00edculo 4&#215;4<\/td>\n<td style=\"height: 57px; width: 76.6004%;\"><i class=\"fa fa-check icon-tick icon-tick--on\"><\/i>Seguro aventura<\/td>\n<\/tr>\n<\/tbody>\n<\/table>\n<\/td>\n<\/tr>\n<tr style=\"height: 24px;\">\n<td style=\"height: 24px;\"><b>N\u00c3O INCLUSO<\/b><\/td>\n<td style=\"height: 24px;\"><i class=\"fa fa-times icon-tick icon-tick--off\"><\/i>Almo\u00e7o<\/td>\n<\/tr>\n<\/tbody>\n<\/table>\n","protected":false},"excerpt":{"rendered":"<p>Hist\u00f3ria e est\u00f3rias, cultura e belezas naturais de Gon\u00e7alves a bordo de um 4&#215;4.<\/p>\n","protected":false},"featured_media":3577,"comment_status":"closed","ping_status":"closed","template":"","meta":{"_exactmetrics_skip_tracking":false,"_exactmetrics_sitenote_active":false,"_exactmetrics_sitenote_note":"","_exactmetrics_sitenote_category":0,"_links_to":"","_links_to_target":""},"product_brand":[],"product_cat":[269],"product_tag":[292,316,282,460,461,459,268,357,272,462,286,318],"class_list":{"0":"post-4938","1":"product","2":"type-product","3":"status-publish","4":"has-post-thumbnail","6":"product_cat-off-road","7":"product_tag-4x4","8":"product_tag-alambique","9":"product_tag-cachoeira","10":"product_tag-carnaval","11":"product_tag-corpus-christi","12":"product_tag-feriado","13":"product_tag-ferias","14":"product_tag-goncalves-minas-gerais","15":"product_tag-o-que-fazer-em-goncalves","16":"product_tag-pascoa","17":"product_tag-sul-de-minas","18":"product_tag-turismo-em-goncalves","19":"tour_category-goncalvesmg","21":"first","22":"instock","23":"sold-individually","24":"purchasable","25":"product-type-tour"},"_links":{"self":[{"href":"https:\/\/www.mantiqueiratur.com.br\/site\/wp-json\/wp\/v2\/product\/4938","targetHints":{"allow":["GET"]}}],"collection":[{"href":"https:\/\/www.mantiqueiratur.com.br\/site\/wp-json\/wp\/v2\/product"}],"about":[{"href":"https:\/\/www.mantiqueiratur.com.br\/site\/wp-json\/wp\/v2\/types\/product"}],"replies":[{"embeddable":true,"href":"https:\/\/www.mantiqueiratur.com.br\/site\/wp-json\/wp\/v2\/comments?post=4938"}],"wp:featuredmedia":[{"embeddable":true,"href":"https:\/\/www.mantiqueiratur.com.br\/site\/wp-json\/wp\/v2\/media\/3577"}],"wp:attachment":[{"href":"https:\/\/www.mantiqueiratur.com.br\/site\/wp-json\/wp\/v2\/media?parent=4938"}],"wp:term":[{"taxonomy":"product_brand","embeddable":true,"href":"https:\/\/www.mantiqueiratur.com.br\/site\/wp-json\/wp\/v2\/product_brand?post=4938"},{"taxonomy":"product_cat","embeddable":true,"href":"https:\/\/www.mantiqueiratur.com.br\/site\/wp-json\/wp\/v2\/product_cat?post=4938"},{"taxonomy":"product_tag","embeddable":true,"href":"https:\/\/www.mantiqueiratur.com.br\/site\/wp-json\/wp\/v2\/product_tag?post=4938"}],"curies":[{"name":"wp","href":"https:\/\/api.w.org\/{rel}","templated":true}]}}