{"id":4936,"date":"2020-07-20T15:05:50","date_gmt":"2020-07-20T18:05:50","guid":{"rendered":"https:\/\/www.mantiqueiratur.com.br\/site\/?post_type=product&#038;p=4936"},"modified":"2025-03-05T16:08:55","modified_gmt":"2025-03-05T19:08:55","slug":"roteiro-dos-martins","status":"publish","type":"product","link":"https:\/\/www.mantiqueiratur.com.br\/site\/tours\/roteiro-dos-martins\/","title":{"rendered":"Roteiro dos Martins"},"content":{"rendered":"<p style=\"text-align: justify;\">Conheceremos a regi\u00e3o dos Martins, indo por estradas rurais, conhecemos duas cachoeiras, cada uma com sua beleza diferenciada. Em seguida, passamos por comunidades rurais, seguindo at\u00e9 o Pico do Machad\u00e3o, que fica a 1500 metros de altitude. Conheceremos tamb\u00e9m o Parque do Brejo Grande, onde fica a represa artificial mais alta do Brasil, com uma bela vista de toda a regi\u00e3o de Parais\u00f3polis e as Serras do entorno.<\/p>\n<table class=\"table table-bordered tours-tabs__table\">\n<tbody>\n<tr style=\"height: 24px;\">\n<td style=\"height: 24px;\"><strong>DURA\u00c7\u00c3O<\/strong><\/td>\n<td style=\"height: 24px;\">4h aproximadamente<\/td>\n<\/tr>\n<tr style=\"height: 24px;\">\n<td style=\"height: 24px;\"><strong>HOR\u00c1RIOS<\/strong><\/td>\n<td style=\"height: 24px;\">Sa\u00edda \u00e0s 09h30 e retorno previsto para \u00e0s 13h30.<\/td>\n<\/tr>\n<tr style=\"height: 48px;\">\n<td style=\"height: 48px;\"><strong>MELHOR \u00c9POCA PARA O ROTEIRO<\/strong><\/td>\n<td style=\"height: 48px;\">Ano todo<\/td>\n<\/tr>\n<tr style=\"height: 136px;\">\n<td style=\"height: 136px;\"><strong>INCLUSO<\/strong><\/td>\n<td style=\"height: 136px;\">\n<table class=\"table table-bordered\" style=\"height: 120px; width: 101.166%;\" width=\"300\">\n<tbody>\n<tr style=\"height: 48px;\">\n<td style=\"height: 48px; width: 54.7461%;\"><i class=\"fa fa-check icon-tick icon-tick--on\"><\/i>Taxa de visita\u00e7\u00e3o<\/td>\n<td style=\"height: 48px; width: 76.6004%;\"><i class=\"fa fa-check icon-tick icon-tick--on\"><\/i>Guia especializado<\/td>\n<\/tr>\n<tr style=\"height: 72px;\">\n<td style=\"height: 72px; width: 54.7461%;\"><i class=\"fa fa-check icon-tick icon-tick--on\"><\/i>Transporte em ve\u00edculo 4&#215;4<\/td>\n<td style=\"height: 72px; width: 76.6004%;\"><i class=\"fa fa-check icon-tick icon-tick--on\"><\/i>Seguro aventura<\/td>\n<\/tr>\n<\/tbody>\n<\/table>\n<\/td>\n<\/tr>\n<tr style=\"height: 24px;\">\n<td style=\"height: 24px;\"><b>N\u00c3O INCLUSO<\/b><\/td>\n<td style=\"height: 24px;\"><i class=\"fa fa-times icon-tick icon-tick--off\"><\/i>Almo\u00e7o<\/td>\n<\/tr>\n<\/tbody>\n<\/table>\n","protected":false},"excerpt":{"rendered":"<p>Passeio de 4&#215;4 pelas serras e cachoeiras de Gon\u00e7alves na divisa com Parais\u00f3polis.<\/p>\n","protected":false},"featured_media":5219,"comment_status":"closed","ping_status":"closed","template":"","meta":{"_exactmetrics_skip_tracking":false,"_exactmetrics_sitenote_active":false,"_exactmetrics_sitenote_note":"","_exactmetrics_sitenote_category":0,"_links_to":"","_links_to_target":""},"product_brand":[],"product_cat":[269],"product_tag":[292,460,461,264,459,268,277,357,272,299,313,462,323,368,286,266,318],"class_list":{"0":"post-4936","1":"product","2":"type-product","3":"status-publish","4":"has-post-thumbnail","6":"product_cat-off-road","7":"product_tag-4x4","8":"product_tag-carnaval","9":"product_tag-corpus-christi","10":"product_tag-ecoturismo","11":"product_tag-feriado","12":"product_tag-ferias","13":"product_tag-goncalves","14":"product_tag-goncalves-minas-gerais","15":"product_tag-o-que-fazer-em-goncalves","16":"product_tag-offroad","17":"product_tag-paraisopolis","18":"product_tag-pascoa","19":"product_tag-passeio","20":"product_tag-perto-de-sao-paulo","21":"product_tag-sul-de-minas","22":"product_tag-turismo","23":"product_tag-turismo-em-goncalves","24":"tour_category-goncalvesmg","26":"first","27":"onbackorder","28":"sold-individually","29":"purchasable","30":"product-type-tour"},"_links":{"self":[{"href":"https:\/\/www.mantiqueiratur.com.br\/site\/wp-json\/wp\/v2\/product\/4936","targetHints":{"allow":["GET"]}}],"collection":[{"href":"https:\/\/www.mantiqueiratur.com.br\/site\/wp-json\/wp\/v2\/product"}],"about":[{"href":"https:\/\/www.mantiqueiratur.com.br\/site\/wp-json\/wp\/v2\/types\/product"}],"replies":[{"embeddable":true,"href":"https:\/\/www.mantiqueiratur.com.br\/site\/wp-json\/wp\/v2\/comments?post=4936"}],"wp:featuredmedia":[{"embeddable":true,"href":"https:\/\/www.mantiqueiratur.com.br\/site\/wp-json\/wp\/v2\/media\/5219"}],"wp:attachment":[{"href":"https:\/\/www.mantiqueiratur.com.br\/site\/wp-json\/wp\/v2\/media?parent=4936"}],"wp:term":[{"taxonomy":"product_brand","embeddable":true,"href":"https:\/\/www.mantiqueiratur.com.br\/site\/wp-json\/wp\/v2\/product_brand?post=4936"},{"taxonomy":"product_cat","embeddable":true,"href":"https:\/\/www.mantiqueiratur.com.br\/site\/wp-json\/wp\/v2\/product_cat?post=4936"},{"taxonomy":"product_tag","embeddable":true,"href":"https:\/\/www.mantiqueiratur.com.br\/site\/wp-json\/wp\/v2\/product_tag?post=4936"}],"curies":[{"name":"wp","href":"https:\/\/api.w.org\/{rel}","templated":true}]}}