{"id":4865,"date":"2020-07-17T17:32:24","date_gmt":"2020-07-17T20:32:24","guid":{"rendered":"https:\/\/www.mantiqueiratur.com.br\/site\/?post_type=product&#038;p=4865"},"modified":"2025-04-16T14:24:27","modified_gmt":"2025-04-16T17:24:27","slug":"serra-de-luminosa","status":"publish","type":"product","link":"https:\/\/www.mantiqueiratur.com.br\/site\/tours\/serra-de-luminosa\/","title":{"rendered":"Roteiro de Luminosa &#8211; Gon\u00e7alves MG"},"content":{"rendered":"<p style=\"text-align: justify;\">Luminosa \u00e9 um distrito encravado na Serra da Mantiqueira, em um cen\u00e1rio \u00fanico, onde conhecemos percorrendo o caminho da f\u00e9, primeira trilha de longo curso do Brasil. Passamos por uma planta\u00e7\u00e3o de oliveiras e temos uma parada na Oliq, conhecida pela produ\u00e7\u00e3o de azeites da montanha. Tamb\u00e9m almo\u00e7amos em restaurante t\u00edpico, onde possui uma bela vista e \u00e9 parada obrigat\u00f3ria dos romeiros que passam por l\u00e1. Em seguida, subimos a Serra da Luminosa at\u00e9 a o Complexo do Ba\u00fa, onde visitamos a Pedra do Bauzinho. Roteiro com muitas vistas e com \u00f3timos trechos de trilha 4&#215;4. Regi\u00e3o de muitas montanhas e pedras, chegando a altitudes de 1800 metros.<\/p>\n<p><!--more--><\/p>\n<table class=\"table table-bordered tours-tabs__table\" style=\"width: 100%; height: 238px;\">\n<tbody>\n<tr style=\"height: 24px;\">\n<td style=\"height: 24px;\"><strong>DURA\u00c7\u00c3O<\/strong><\/td>\n<td style=\"height: 24px;\">8h aproximadamente (contando a parada para o almo\u00e7o)<\/td>\n<\/tr>\n<tr style=\"height: 24px;\">\n<td style=\"height: 24px;\"><strong>HOR\u00c1RIOS<\/strong><\/td>\n<td style=\"height: 24px;\">Sa\u00edda \u00e0s 10h e retorno previsto para \u00e0s 17h.<\/td>\n<\/tr>\n<tr style=\"height: 48px;\">\n<td style=\"height: 48px;\"><strong>MELHOR \u00c9POCA PARA O ROTEIRO<\/strong><\/td>\n<td style=\"height: 48px;\">Ano todo.<\/td>\n<\/tr>\n<tr style=\"height: 136px;\">\n<td style=\"height: 118px;\"><strong>INCLUSO<\/strong><\/td>\n<td style=\"height: 118px;\">\n<table class=\"table table-bordered\" style=\"height: 120px; width: 101.166%;\" width=\"300\">\n<tbody>\n<tr style=\"height: 48px;\">\n<td style=\"height: 48px; width: 54.7461%;\"><i class=\"fa fa-check icon-tick icon-tick--on\"><\/i>Taxa de visita\u00e7\u00e3o<\/td>\n<td style=\"height: 48px; width: 76.6004%;\"><i class=\"fa fa-check icon-tick icon-tick--on\"><\/i>Guia especializado<\/td>\n<\/tr>\n<tr style=\"height: 72px;\">\n<td style=\"height: 72px; width: 54.7461%;\"><i class=\"fa fa-check icon-tick icon-tick--on\"><\/i>Transporte em ve\u00edculo 4&#215;4<\/td>\n<td style=\"height: 72px; width: 76.6004%;\"><i class=\"fa fa-check icon-tick icon-tick--on\"><\/i>Seguro aventura<\/td>\n<\/tr>\n<\/tbody>\n<\/table>\n<\/td>\n<\/tr>\n<tr style=\"height: 24px;\">\n<td style=\"height: 24px;\"><b>N\u00c3O INCLUSO<\/b><\/td>\n<td style=\"height: 24px;\"><i class=\"fa fa-times icon-tick icon-tick--off\"><\/i>Almo\u00e7o<\/td>\n<\/tr>\n<\/tbody>\n<\/table>\n","protected":false},"excerpt":{"rendered":"<p>Conhecendo as serras de Gon\u00e7alves, Bras\u00f3polis, pegando um pequeno peda\u00e7o de Campos do Jord\u00e3o e finalizando em S\u00e3o Bento do Sapuca\u00ed a bordo de um 4&#215;4.<\/p>\n","protected":false},"featured_media":3621,"comment_status":"closed","ping_status":"closed","template":"","meta":{"_exactmetrics_skip_tracking":false,"_exactmetrics_sitenote_active":false,"_exactmetrics_sitenote_note":"","_exactmetrics_sitenote_category":0,"_links_to":"","_links_to_target":""},"product_brand":[],"product_cat":[269],"product_tag":[292,471,246,460,461,264,459,268,277,383,331,285,299,462,328,243,318],"class_list":{"0":"post-4865","1":"product","2":"type-product","3":"status-publish","4":"has-post-thumbnail","6":"product_cat-off-road","7":"product_tag-4x4","8":"product_tag-caminho-da-fe","9":"product_tag-campos-do-jordao","10":"product_tag-carnaval","11":"product_tag-corpus-christi","12":"product_tag-ecoturismo","13":"product_tag-feriado","14":"product_tag-ferias","15":"product_tag-goncalves","16":"product_tag-goncalves-mg","17":"product_tag-luminosa","18":"product_tag-minas-gerais","19":"product_tag-offroad","20":"product_tag-pascoa","21":"product_tag-sao-bento-do-sapucai","22":"product_tag-trilha","23":"product_tag-turismo-em-goncalves","24":"tour_category-camposdojordao","25":"tour_category-goncalvesmg","27":"first","28":"instock","29":"virtual","30":"sold-individually","31":"purchasable","32":"product-type-tour"},"_links":{"self":[{"href":"https:\/\/www.mantiqueiratur.com.br\/site\/wp-json\/wp\/v2\/product\/4865","targetHints":{"allow":["GET"]}}],"collection":[{"href":"https:\/\/www.mantiqueiratur.com.br\/site\/wp-json\/wp\/v2\/product"}],"about":[{"href":"https:\/\/www.mantiqueiratur.com.br\/site\/wp-json\/wp\/v2\/types\/product"}],"replies":[{"embeddable":true,"href":"https:\/\/www.mantiqueiratur.com.br\/site\/wp-json\/wp\/v2\/comments?post=4865"}],"wp:featuredmedia":[{"embeddable":true,"href":"https:\/\/www.mantiqueiratur.com.br\/site\/wp-json\/wp\/v2\/media\/3621"}],"wp:attachment":[{"href":"https:\/\/www.mantiqueiratur.com.br\/site\/wp-json\/wp\/v2\/media?parent=4865"}],"wp:term":[{"taxonomy":"product_brand","embeddable":true,"href":"https:\/\/www.mantiqueiratur.com.br\/site\/wp-json\/wp\/v2\/product_brand?post=4865"},{"taxonomy":"product_cat","embeddable":true,"href":"https:\/\/www.mantiqueiratur.com.br\/site\/wp-json\/wp\/v2\/product_cat?post=4865"},{"taxonomy":"product_tag","embeddable":true,"href":"https:\/\/www.mantiqueiratur.com.br\/site\/wp-json\/wp\/v2\/product_tag?post=4865"}],"curies":[{"name":"wp","href":"https:\/\/api.w.org\/{rel}","templated":true}]}}