{"id":4860,"date":"2020-07-17T15:02:24","date_gmt":"2020-07-17T18:02:24","guid":{"rendered":"https:\/\/www.mantiqueiratur.com.br\/site\/?post_type=product&#038;p=4860"},"modified":"2025-03-05T16:13:49","modified_gmt":"2025-03-05T19:13:49","slug":"roteiro-noturno-via-lactea","status":"publish","type":"product","link":"https:\/\/www.mantiqueiratur.com.br\/site\/tours\/roteiro-noturno-via-lactea\/","title":{"rendered":"Roteiro Noturno Via L\u00e1ctea &#8211; Gon\u00e7alves MG"},"content":{"rendered":"<p style=\"text-align: justify;\">O roteiro Noturno Via L\u00e1ctea \u00e9 exclusivo para desfrutar o c\u00e9u noturno da Mantiqueira. Sa\u00edmos j\u00e1 de noite, seguindo para uma local privilegiado, localizado a 1.700 metros de altitude, isolado de qualquer ilumina\u00e7\u00e3o urbana, onde \u00e9 poss\u00edvel desfrutar todo o esplendor das estrelas, constela\u00e7\u00f5es, o caminho da Via L\u00e1ctea, planetas e muitas beleza e mist\u00e9rios que transformam este roteiro inesquec\u00edvel.<\/p>\n<p><!--more--><\/p>\n<table class=\"table table-bordered tours-tabs__table\" style=\"width: 100%; height: 238px;\">\n<tbody>\n<tr style=\"height: 24px;\">\n<td style=\"height: 24px;\"><strong>DURA\u00c7\u00c3O<\/strong><\/td>\n<td style=\"height: 24px;\">3h aproximadamente<\/td>\n<\/tr>\n<tr style=\"height: 24px;\">\n<td style=\"height: 24px;\"><strong>HOR\u00c1RIOS<\/strong><\/td>\n<td style=\"height: 24px;\">Sa\u00edda \u00e0s 20h. Retorno previsto para as 23h.<\/td>\n<\/tr>\n<tr style=\"height: 48px;\">\n<td style=\"height: 48px;\"><strong>MELHOR \u00c9POCA PARA O ROTEIRO<\/strong><\/td>\n<td style=\"height: 48px;\">Para este roteiro a melhor \u00e9poca \u00e9 durante as esta\u00e7\u00f5es de frio, entre maio e agosto.<\/td>\n<\/tr>\n<tr style=\"height: 100px;\">\n<td style=\"height: 70px;\"><strong>INCLUSO<\/strong><\/td>\n<td style=\"height: 70px;\">\n<table class=\"table table-bordered\" style=\"height: 120px; width: 101.166%;\" width=\"300\">\n<tbody>\n<tr style=\"height: 48px;\">\n<td style=\"height: 48px; width: 54.7461%;\"><i class=\"fa fa-check icon-tick icon-tick--on\"><\/i>Taxa de visita\u00e7\u00e3o<\/td>\n<td style=\"height: 48px; width: 76.6004%;\"><i class=\"fa fa-check icon-tick icon-tick--on\"><\/i>Guia especializado<\/td>\n<\/tr>\n<tr style=\"height: 72px;\">\n<td style=\"height: 72px; width: 54.7461%;\"><i class=\"fa fa-check icon-tick icon-tick--on\"><\/i>Transporte em ve\u00edculo 4&#215;4<\/td>\n<td style=\"height: 72px; width: 76.6004%;\"><i class=\"fa fa-check icon-tick icon-tick--on\"><\/i>Seguro aventura<\/td>\n<\/tr>\n<tr style=\"height: 48px;\">\n<td style=\"height: 48px;\"><i class=\"fa fa-check icon-tick icon-tick--on\"><\/i>Piquenique no local de observa\u00e7\u00e3o<\/td>\n<\/tr>\n<\/tbody>\n<\/table>\n<\/td>\n<\/tr>\n<\/tbody>\n<\/table>\n","protected":false},"excerpt":{"rendered":"<p>Uma experi\u00eancia \u00fanica de observa\u00e7\u00e3o do c\u00e9u.<\/p>\n","protected":false},"featured_media":4225,"comment_status":"closed","ping_status":"closed","template":"","meta":{"_exactmetrics_skip_tracking":false,"_exactmetrics_sitenote_active":false,"_exactmetrics_sitenote_note":"","_exactmetrics_sitenote_category":0,"_links_to":"","_links_to_target":""},"product_brand":[],"product_cat":[269],"product_tag":[292,301,460,461,467,264,297,459,268,267,272,299,478,462,472,243,318,296],"class_list":{"0":"post-4860","1":"product","2":"type-product","3":"status-publish","4":"has-post-thumbnail","6":"product_cat-off-road","7":"product_tag-4x4","8":"product_tag-astronomia","9":"product_tag-carnaval","10":"product_tag-corpus-christi","11":"product_tag-dia-dos-namorados","12":"product_tag-ecoturismo","13":"product_tag-experiencia","14":"product_tag-feriado","15":"product_tag-ferias","16":"product_tag-inverno","17":"product_tag-o-que-fazer-em-goncalves","18":"product_tag-offroad","19":"product_tag-outono","20":"product_tag-pascoa","21":"product_tag-passeios","22":"product_tag-trilha","23":"product_tag-turismo-em-goncalves","24":"product_tag-via-lactea","25":"tour_category-goncalvesmg","27":"first","28":"instock","29":"sold-individually","30":"purchasable","31":"product-type-tour"},"_links":{"self":[{"href":"https:\/\/www.mantiqueiratur.com.br\/site\/wp-json\/wp\/v2\/product\/4860","targetHints":{"allow":["GET"]}}],"collection":[{"href":"https:\/\/www.mantiqueiratur.com.br\/site\/wp-json\/wp\/v2\/product"}],"about":[{"href":"https:\/\/www.mantiqueiratur.com.br\/site\/wp-json\/wp\/v2\/types\/product"}],"replies":[{"embeddable":true,"href":"https:\/\/www.mantiqueiratur.com.br\/site\/wp-json\/wp\/v2\/comments?post=4860"}],"wp:featuredmedia":[{"embeddable":true,"href":"https:\/\/www.mantiqueiratur.com.br\/site\/wp-json\/wp\/v2\/media\/4225"}],"wp:attachment":[{"href":"https:\/\/www.mantiqueiratur.com.br\/site\/wp-json\/wp\/v2\/media?parent=4860"}],"wp:term":[{"taxonomy":"product_brand","embeddable":true,"href":"https:\/\/www.mantiqueiratur.com.br\/site\/wp-json\/wp\/v2\/product_brand?post=4860"},{"taxonomy":"product_cat","embeddable":true,"href":"https:\/\/www.mantiqueiratur.com.br\/site\/wp-json\/wp\/v2\/product_cat?post=4860"},{"taxonomy":"product_tag","embeddable":true,"href":"https:\/\/www.mantiqueiratur.com.br\/site\/wp-json\/wp\/v2\/product_tag?post=4860"}],"curies":[{"name":"wp","href":"https:\/\/api.w.org\/{rel}","templated":true}]}}