{"id":4740,"date":"2015-07-10T15:31:33","date_gmt":"2015-07-10T18:31:33","guid":{"rendered":"http:\/\/adventure-tours.themedelight.com\/?post_type=product&#038;p=122"},"modified":"2025-03-05T16:31:40","modified_gmt":"2025-03-05T19:31:40","slug":"dia-inteiro-na-mantiqueira","status":"publish","type":"product","link":"https:\/\/www.mantiqueiratur.com.br\/site\/tours\/dia-inteiro-na-mantiqueira\/","title":{"rendered":"Roteiro de um dia na Serra da Mantiqueira em Gon\u00e7alves"},"content":{"rendered":"<p style=\"text-align: justify;\">A Mantiqueira Ecoturismo te leva para um excelente roteiro de um dia na Serra da Mantiqueira em Gon\u00e7alves (MG) para quem quer curtir natureza preservada em meio a \u00e1rea de prote\u00e7\u00e3o ambiental.<\/p>\n<p style=\"text-align: justify;\">O Roteiro de Um Dia \u00e9 o roteiro mais personaliz\u00e1vel que temos. Podemos montar o roteiro de acordo com o interesse de cada grupo, podendo tamb\u00e9m adapt\u00e1-lo a qualquer momento dependendo das condi\u00e7\u00f5es clim\u00e1ticas do dia.<\/p>\n<p style=\"text-align: justify;\">Para facilitar, temos aqui uma sugest\u00e3o de roteiro, mas que pode sofrer altera\u00e7\u00f5es dependendo das condi\u00e7\u00f5es clim\u00e1ticas no dia da atividade: Logo no in\u00edcio, iremos a um belo lugar que possui vista ampla da cidade e da regi\u00e3o. Em seguida, conheceremos um alambique que produz cacha\u00e7as t\u00edpicas da regi\u00e3o. Nesse roteiro temos ainda a op\u00e7\u00e3o de conhecer os trabalhos de artes\u00e3os de Gon\u00e7alves. Depois, iremos a um bairro que fica no alto da serra, onde teremos uma das mais belas vistas da Pedra do Ba\u00fa e do vale de Gon\u00e7alves. Depois iremos conhecer duas cachoeiras, cada uma com sua beleza contrastando com a paisagem que teremos no caminho. Terminada a parte da manh\u00e3, faremos o almo\u00e7o em um dos restaurantes mais t\u00edpicos de comida caseira da regi\u00e3o. A tarde, continuamos pelas serras de Gon\u00e7alves, com paradas em cachoeiras mais distantes e algumas com acesso exclusivo. Passamos por bairros que acompanham o rio Capivari, com paradas em mirantes e igrejas com hist\u00f3rias marcantes.<\/p>\n<p><!--more--><\/p>\n<table class=\"table table-bordered tours-tabs__table\">\n<tbody>\n<tr style=\"height: 24px;\">\n<td style=\"height: 24px;\"><strong>DURA\u00c7\u00c3O<\/strong><\/td>\n<td style=\"height: 24px;\">8h aproximadamente (contando a parada para o almo\u00e7o)<\/td>\n<\/tr>\n<tr style=\"height: 24px;\">\n<td style=\"height: 24px;\"><strong>HOR\u00c1RIOS<\/strong><\/td>\n<td style=\"height: 24px;\">Sa\u00edda \u00e0s 10h e retorno previsto para \u00e0s 18h.<\/td>\n<\/tr>\n<tr style=\"height: 48px;\">\n<td style=\"height: 48px;\"><strong>MELHOR \u00c9POCA PARA O ROTEIRO<\/strong><\/td>\n<td style=\"height: 48px;\">Ano todo.<\/td>\n<\/tr>\n<tr style=\"height: 136px;\">\n<td style=\"height: 136px;\"><strong>INCLUSO<\/strong><\/td>\n<td style=\"height: 136px;\">\n<table class=\"table table-bordered\" style=\"height: 120px; width: 101.166%;\" width=\"300\">\n<tbody>\n<tr style=\"height: 48px;\">\n<td style=\"height: 48px; width: 54.7461%;\"><i class=\"fa fa-check icon-tick icon-tick--on\"><\/i>Taxa de visita\u00e7\u00e3o<\/td>\n<td style=\"height: 48px; width: 76.6004%;\"><i class=\"fa fa-check icon-tick icon-tick--on\"><\/i>Guia especializado<\/td>\n<\/tr>\n<tr style=\"height: 72px;\">\n<td style=\"height: 72px; width: 54.7461%;\"><i class=\"fa fa-check icon-tick icon-tick--on\"><\/i>Transporte em ve\u00edculo 4&#215;4<\/td>\n<td style=\"height: 72px; width: 76.6004%;\"><i class=\"fa fa-check icon-tick icon-tick--on\"><\/i>Seguro aventura<\/td>\n<\/tr>\n<\/tbody>\n<\/table>\n<\/td>\n<\/tr>\n<tr style=\"height: 24px;\">\n<td style=\"height: 24px;\"><b>N\u00c3O INCLUSO<\/b><\/td>\n<td style=\"height: 24px;\"><i class=\"fa fa-times icon-tick icon-tick--off\"><\/i>Almo\u00e7o<\/td>\n<\/tr>\n<\/tbody>\n<\/table>\n","protected":false},"excerpt":{"rendered":"<p>Paradas em lindas vistas, cachoeiras e almo\u00e7o em restaurante t\u00edpico mineiro.<\/p>\n","protected":false},"featured_media":3575,"comment_status":"closed","ping_status":"closed","template":"","meta":{"_exactmetrics_skip_tracking":false,"_exactmetrics_sitenote_active":false,"_exactmetrics_sitenote_note":"","_exactmetrics_sitenote_category":0,"_links_to":"","_links_to_target":""},"product_brand":[],"product_cat":[269],"product_tag":[292,460,461,459,268,277,294,247,259,285,261,272,293,462,472,255,274,286,243,318],"class_list":{"0":"post-4740","1":"product","2":"type-product","3":"status-publish","4":"has-post-thumbnail","6":"product_cat-off-road","7":"product_tag-4x4","8":"product_tag-carnaval","9":"product_tag-corpus-christi","10":"product_tag-feriado","11":"product_tag-ferias","12":"product_tag-goncalves","13":"product_tag-jeep","14":"product_tag-mantiqueira","15":"product_tag-mantiqueira-ecoturismo","16":"product_tag-minas-gerais","17":"product_tag-o-que-fazer","18":"product_tag-o-que-fazer-em-goncalves","19":"product_tag-off-road","20":"product_tag-pascoa","21":"product_tag-passeios","22":"product_tag-serra","23":"product_tag-serra-da-mantiqueira","24":"product_tag-sul-de-minas","25":"product_tag-trilha","26":"product_tag-turismo-em-goncalves","27":"tour_category-goncalvesmg","29":"first","30":"instock","31":"virtual","32":"sold-individually","33":"purchasable","34":"product-type-tour"},"_links":{"self":[{"href":"https:\/\/www.mantiqueiratur.com.br\/site\/wp-json\/wp\/v2\/product\/4740","targetHints":{"allow":["GET"]}}],"collection":[{"href":"https:\/\/www.mantiqueiratur.com.br\/site\/wp-json\/wp\/v2\/product"}],"about":[{"href":"https:\/\/www.mantiqueiratur.com.br\/site\/wp-json\/wp\/v2\/types\/product"}],"replies":[{"embeddable":true,"href":"https:\/\/www.mantiqueiratur.com.br\/site\/wp-json\/wp\/v2\/comments?post=4740"}],"wp:featuredmedia":[{"embeddable":true,"href":"https:\/\/www.mantiqueiratur.com.br\/site\/wp-json\/wp\/v2\/media\/3575"}],"wp:attachment":[{"href":"https:\/\/www.mantiqueiratur.com.br\/site\/wp-json\/wp\/v2\/media?parent=4740"}],"wp:term":[{"taxonomy":"product_brand","embeddable":true,"href":"https:\/\/www.mantiqueiratur.com.br\/site\/wp-json\/wp\/v2\/product_brand?post=4740"},{"taxonomy":"product_cat","embeddable":true,"href":"https:\/\/www.mantiqueiratur.com.br\/site\/wp-json\/wp\/v2\/product_cat?post=4740"},{"taxonomy":"product_tag","embeddable":true,"href":"https:\/\/www.mantiqueiratur.com.br\/site\/wp-json\/wp\/v2\/product_tag?post=4740"}],"curies":[{"name":"wp","href":"https:\/\/api.w.org\/{rel}","templated":true}]}}