{"id":4739,"date":"2015-07-10T16:05:27","date_gmt":"2015-07-10T19:05:27","guid":{"rendered":"http:\/\/adventure-tours.themedelight.com\/?post_type=product&#038;p=117"},"modified":"2025-03-05T16:30:57","modified_gmt":"2025-03-05T19:30:57","slug":"trilha-mirante-do-sol","status":"publish","type":"product","link":"https:\/\/www.mantiqueiratur.com.br\/site\/tours\/trilha-mirante-do-sol\/","title":{"rendered":"Trilha Mirante do Sol"},"content":{"rendered":"<p>Desfrute dessa caminhada incr\u00edvel para conhecer um local com belas vistas da regi\u00e3o, bem pr\u00f3ximo do centro de Gon\u00e7alves. Subimos at\u00e9 o mirante do Sol, onde podemos contemplar uma vista \u00fanica da cidade e tamb\u00e9m das serras do entorno.<\/p>\n<p><!--more--><\/p>\n<table class=\"table table-bordered tours-tabs__table\" style=\"width: 100%; height: 314px;\">\n<tbody>\n<tr style=\"height: 24px;\">\n<td style=\"height: 24px;\"><strong>DIST\u00c2NCIA<\/strong><\/td>\n<td style=\"height: 24px;\">2 Km de trilha\u00a0(total \u2013 ida e volta).<\/td>\n<\/tr>\n<tr style=\"height: 24px;\">\n<td style=\"height: 24px;\"><strong>HOR\u00c1RIOS<\/strong><\/td>\n<td style=\"height: 24px;\">Sa\u00edda \u00e0s 16h30 e retorno previsto para \u00e0s 19h30.<\/td>\n<\/tr>\n<tr style=\"height: 48px;\">\n<td style=\"height: 48px;\"><strong>MELHOR \u00c9POCA PARA O ROTEIRO<\/strong><\/td>\n<td style=\"height: 48px;\">De Mar\u00e7o a Outubro.<\/td>\n<\/tr>\n<tr style=\"height: 136px;\">\n<td style=\"height: 136px;\"><strong>INCLUSO<\/strong><\/td>\n<td style=\"height: 136px;\">\n<table class=\"table table-bordered\" style=\"height: 120px; width: 100.411%;\" width=\"300\">\n<tbody>\n<tr style=\"height: 48px;\">\n<td style=\"height: 48px; width: 57.1734%;\"><i class=\"fa fa-check icon-tick icon-tick--on\"><\/i>Guia especializado<\/td>\n<td style=\"height: 48px; width: 73.2334%;\"><i class=\"fa fa-check icon-tick icon-tick--on\"><\/i>Perneiras<\/td>\n<\/tr>\n<tr style=\"height: 72px;\">\n<td style=\"height: 72px; width: 57.1734%;\"><i class=\"fa fa-check icon-tick icon-tick--on\"><\/i>Bast\u00e3o de caminhada e lanterna<\/td>\n<td style=\"height: 72px; width: 73.2334%;\"><i class=\"fa fa-check icon-tick icon-tick--on\"><\/i>Seguro aventura<\/td>\n<\/tr>\n<\/tbody>\n<\/table>\n<\/td>\n<\/tr>\n<\/tbody>\n<\/table>\n","protected":false},"excerpt":{"rendered":"<p>Caminhada para contemplar o p\u00f4r-do-sol na cidade de Gon\u00e7alves MG<\/p>\n","protected":false},"featured_media":4002,"comment_status":"closed","ping_status":"closed","template":"","meta":{"_exactmetrics_skip_tracking":false,"_exactmetrics_sitenote_active":false,"_exactmetrics_sitenote_note":"","_exactmetrics_sitenote_category":0,"_links_to":"","_links_to_target":""},"product_brand":[],"product_cat":[263],"product_tag":[244,460,461,290,459,268,277,248,285,288,272,283,462,287,274,289,286,243,318,291],"class_list":{"0":"post-4739","1":"product","2":"type-product","3":"status-publish","4":"has-post-thumbnail","6":"product_cat-caminhadas","7":"product_tag-caminhada","8":"product_tag-carnaval","9":"product_tag-corpus-christi","10":"product_tag-crepusculo","11":"product_tag-feriado","12":"product_tag-ferias","13":"product_tag-goncalves","14":"product_tag-hiking","15":"product_tag-minas-gerais","16":"product_tag-mirante","17":"product_tag-o-que-fazer-em-goncalves","18":"product_tag-paisagem","19":"product_tag-pascoa","20":"product_tag-por-do-sol","21":"product_tag-serra-da-mantiqueira","22":"product_tag-sol","23":"product_tag-sul-de-minas","24":"product_tag-trilha","25":"product_tag-turismo-em-goncalves","26":"product_tag-vista","27":"tour_category-goncalvesmg","29":"first","30":"instock","31":"purchasable","32":"product-type-tour"},"_links":{"self":[{"href":"https:\/\/www.mantiqueiratur.com.br\/site\/wp-json\/wp\/v2\/product\/4739","targetHints":{"allow":["GET"]}}],"collection":[{"href":"https:\/\/www.mantiqueiratur.com.br\/site\/wp-json\/wp\/v2\/product"}],"about":[{"href":"https:\/\/www.mantiqueiratur.com.br\/site\/wp-json\/wp\/v2\/types\/product"}],"replies":[{"embeddable":true,"href":"https:\/\/www.mantiqueiratur.com.br\/site\/wp-json\/wp\/v2\/comments?post=4739"}],"wp:featuredmedia":[{"embeddable":true,"href":"https:\/\/www.mantiqueiratur.com.br\/site\/wp-json\/wp\/v2\/media\/4002"}],"wp:attachment":[{"href":"https:\/\/www.mantiqueiratur.com.br\/site\/wp-json\/wp\/v2\/media?parent=4739"}],"wp:term":[{"taxonomy":"product_brand","embeddable":true,"href":"https:\/\/www.mantiqueiratur.com.br\/site\/wp-json\/wp\/v2\/product_brand?post=4739"},{"taxonomy":"product_cat","embeddable":true,"href":"https:\/\/www.mantiqueiratur.com.br\/site\/wp-json\/wp\/v2\/product_cat?post=4739"},{"taxonomy":"product_tag","embeddable":true,"href":"https:\/\/www.mantiqueiratur.com.br\/site\/wp-json\/wp\/v2\/product_tag?post=4739"}],"curies":[{"name":"wp","href":"https:\/\/api.w.org\/{rel}","templated":true}]}}