{"id":247,"date":"2015-07-28T19:06:15","date_gmt":"2015-07-28T22:06:15","guid":{"rendered":"http:\/\/adventure-tours.themedelight.com\/?post_type=product&#038;p=247"},"modified":"2025-03-05T16:16:35","modified_gmt":"2025-03-05T19:16:35","slug":"trilhapedrachanfrada","status":"publish","type":"product","link":"https:\/\/www.mantiqueiratur.com.br\/site\/tours\/trilhapedrachanfrada\/","title":{"rendered":"Trilha Pedra Chanfrada"},"content":{"rendered":"<p>Trilha para a Pedra Chanfrada a 1.771m de altitude com uma bela vista de 180\u00b0 da regi\u00e3o em meio a uma mata de pinheiros no topo. Do topo avistamos o vale da Terra Fria e temos uma vista privilegiada da Pedra do Forno. A trilha \u00e9 curta, por\u00e9m com muitas pedras, sendo um pouco mais t\u00e9cnica e mais \u00edngreme.<\/p>\n<table class=\"table table-bordered tours-tabs__table\" style=\"height: 169px; width: 98.9213%;\" width=\"862\">\n<tbody>\n<tr style=\"height: 24px;\">\n<td style=\"height: 24px; width: 22.6161%;\"><strong>DIST\u00c2NCIA<\/strong><\/td>\n<td style=\"height: 24px; width: 76.4059%;\">2 Km de trilha\u00a0(total &#8211; ida e volta).<\/td>\n<\/tr>\n<tr style=\"height: 24px;\">\n<td style=\"height: 24px; width: 22.6161%;\"><strong>HOR\u00c1RIOS<\/strong><\/td>\n<td style=\"height: 24px; width: 76.4059%;\">Sa\u00edda \u00e0s 09h30 e retorno previsto para \u00e0s 12h30.<\/td>\n<\/tr>\n<tr style=\"height: 48px;\">\n<td style=\"height: 48px; width: 22.6161%;\"><strong>MELHOR \u00c9POCA PARA O ROTEIRO<\/strong><\/td>\n<td style=\"height: 48px; width: 76.4059%;\">De Mar\u00e7o a Outubro.<\/td>\n<\/tr>\n<tr style=\"height: 48px;\">\n<td style=\"height: 48px; width: 22.6161%;\"><strong>INCLUSO<\/strong><\/td>\n<td style=\"height: 48px; width: 76.4059%;\">\n<table class=\"table table-bordered\" style=\"height: 120px; width: 100.688%;\" width=\"300\">\n<tbody>\n<tr style=\"height: 48px;\">\n<td style=\"height: 48px; width: 51.8047%;\"><i class=\"fa fa-check icon-tick icon-tick--on\"><\/i>Guia especializado<\/td>\n<td style=\"height: 48px; width: 78.7686%;\"><i class=\"fa fa-check icon-tick icon-tick--on\"><\/i>Perneiras<\/td>\n<\/tr>\n<tr style=\"height: 72px;\">\n<td style=\"height: 72px; width: 51.8047%;\"><i class=\"fa fa-check icon-tick icon-tick--on\"><\/i>Bast\u00e3o de caminhada<\/td>\n<td style=\"height: 72px; width: 78.7686%;\"><i class=\"fa fa-check icon-tick icon-tick--on\"><\/i>Seguro aventura<\/td>\n<\/tr>\n<\/tbody>\n<\/table>\n<\/td>\n<\/tr>\n<tr style=\"height: 24px;\">\n<td style=\"height: 24px; width: 22.6161%;\"><b>N\u00c3O INCLUSO<\/b><\/td>\n<td style=\"width: 76.4059%; height: 24px;\"><i class=\"fa fa-times icon-tick icon-tick--off\"><\/i>Transporte at\u00e9 o in\u00edcio da trilha<\/td>\n<\/tr>\n<\/tbody>\n<\/table>\n<p>&nbsp;<\/p>\n","protected":false},"excerpt":{"rendered":"<p>Trilha de meio per\u00edodo em meio a mata at\u00e9 o topo da pedra.<\/p>\n","protected":false},"featured_media":3712,"comment_status":"closed","ping_status":"closed","template":"","meta":{"_exactmetrics_skip_tracking":false,"_exactmetrics_sitenote_active":false,"_exactmetrics_sitenote_note":"","_exactmetrics_sitenote_category":0,"_links_to":"","_links_to_target":""},"product_brand":[],"product_cat":[263],"product_tag":[273,244,264,383,384,272,322,266,318],"class_list":{"0":"post-247","1":"product","2":"type-product","3":"status-publish","4":"has-post-thumbnail","6":"product_cat-caminhadas","7":"product_tag-atividade-ao-ar-livre","8":"product_tag-caminhada","9":"product_tag-ecoturismo","10":"product_tag-goncalves-mg","11":"product_tag-hikking","12":"product_tag-o-que-fazer-em-goncalves","13":"product_tag-pedra","14":"product_tag-turismo","15":"product_tag-turismo-em-goncalves","16":"tour_category-goncalvesmg","18":"first","19":"instock","20":"purchasable","21":"product-type-tour"},"_links":{"self":[{"href":"https:\/\/www.mantiqueiratur.com.br\/site\/wp-json\/wp\/v2\/product\/247","targetHints":{"allow":["GET"]}}],"collection":[{"href":"https:\/\/www.mantiqueiratur.com.br\/site\/wp-json\/wp\/v2\/product"}],"about":[{"href":"https:\/\/www.mantiqueiratur.com.br\/site\/wp-json\/wp\/v2\/types\/product"}],"replies":[{"embeddable":true,"href":"https:\/\/www.mantiqueiratur.com.br\/site\/wp-json\/wp\/v2\/comments?post=247"}],"wp:featuredmedia":[{"embeddable":true,"href":"https:\/\/www.mantiqueiratur.com.br\/site\/wp-json\/wp\/v2\/media\/3712"}],"wp:attachment":[{"href":"https:\/\/www.mantiqueiratur.com.br\/site\/wp-json\/wp\/v2\/media?parent=247"}],"wp:term":[{"taxonomy":"product_brand","embeddable":true,"href":"https:\/\/www.mantiqueiratur.com.br\/site\/wp-json\/wp\/v2\/product_brand?post=247"},{"taxonomy":"product_cat","embeddable":true,"href":"https:\/\/www.mantiqueiratur.com.br\/site\/wp-json\/wp\/v2\/product_cat?post=247"},{"taxonomy":"product_tag","embeddable":true,"href":"https:\/\/www.mantiqueiratur.com.br\/site\/wp-json\/wp\/v2\/product_tag?post=247"}],"curies":[{"name":"wp","href":"https:\/\/api.w.org\/{rel}","templated":true}]}}