{"id":217,"date":"2015-07-28T16:00:25","date_gmt":"2015-07-28T19:00:25","guid":{"rendered":"http:\/\/adventure-tours.themedelight.com\/?post_type=product&#038;p=217"},"modified":"2025-03-05T16:18:40","modified_gmt":"2025-03-05T19:18:40","slug":"trilha-pedra-do-cruzeiro","status":"publish","type":"product","link":"https:\/\/www.mantiqueiratur.com.br\/site\/tours\/trilha-pedra-do-cruzeiro\/","title":{"rendered":"Trilha Pedra do Cruzeiro"},"content":{"rendered":"<p>Trilha para a Pedra do Cruzeiro com 1.125 metros de altitude, com uma bela vista da Serra do Ven\u00e2ncios e Serra dos Rem\u00e9dios. A trilha \u00e9 aberta, onde passamos no meio de uma planta\u00e7\u00e3o de bananas, muito t\u00edpico na regi\u00e3o do vale.<br \/>\n<!--more--><\/p>\n<table class=\"table table-bordered tours-tabs__table\" style=\"height: 229px; width: 98.9213%;\" width=\"862\">\n<tbody>\n<tr style=\"height: 24px;\">\n<td style=\"height: 24px;\"><strong>DIST\u00c2NCIA<\/strong><\/td>\n<td style=\"height: 24px;\">2,6 Km de trilha (total &#8211; ida e volta).<\/td>\n<\/tr>\n<tr style=\"height: 24px;\">\n<td style=\"height: 24px;\"><strong>HOR\u00c1RIOS<\/strong><\/td>\n<td style=\"height: 24px;\">Sa\u00edda \u00e0s 09h30 e retorno previsto para \u00e0s 12h30.<\/td>\n<\/tr>\n<tr style=\"height: 48px;\">\n<td style=\"height: 48px;\"><strong>MELHOR \u00c9POCA PARA O ROTEIRO<\/strong><\/td>\n<td style=\"height: 48px;\">De Mar\u00e7o a Outubro.<\/td>\n<\/tr>\n<tr style=\"height: 136px;\">\n<td style=\"height: 109px;\"><strong>INCLUSO<\/strong><\/td>\n<td style=\"height: 109px;\">\n<table class=\"table table-bordered\" style=\"height: 120px; width: 100.84%;\" width=\"300\">\n<tbody>\n<tr style=\"height: 48px;\">\n<td style=\"height: 48px; width: 49.3878%;\"><i class=\"fa fa-check icon-tick icon-tick--on\"><\/i>Guia especializado<\/td>\n<td style=\"height: 48px; width: 79.2713%;\"><i class=\"fa fa-check icon-tick icon-tick--on\"><\/i>Perneiras e bast\u00e3o de caminhada<\/td>\n<\/tr>\n<tr style=\"height: 72px;\">\n<td style=\"height: 72px; width: 49.3878%;\"><i class=\"fa fa-check icon-tick icon-tick--on\"><\/i>Taxa de visita\u00e7\u00e3o<\/td>\n<td style=\"height: 72px; width: 79.2713%;\"><i class=\"fa fa-check icon-tick icon-tick--on\"><\/i>Seguro aventura<\/td>\n<\/tr>\n<\/tbody>\n<\/table>\n<\/td>\n<\/tr>\n<tr style=\"height: 24px;\">\n<td style=\"height: 24px;\"><b>N\u00c3O INCLUSO<\/b><\/td>\n<td style=\"height: 24px;\"><i class=\"fa fa-times icon-tick icon-tick--off\"><\/i>Transporte at\u00e9 o in\u00edcio da trilha<\/td>\n<\/tr>\n<\/tbody>\n<\/table>\n<p>&nbsp;<\/p>\n","protected":false},"excerpt":{"rendered":"<p>Caminhada para o topo da pedra com vista para o vale de Gon\u00e7alves MG<\/p>\n","protected":false},"featured_media":3721,"comment_status":"closed","ping_status":"closed","template":"","meta":{"_exactmetrics_skip_tracking":false,"_exactmetrics_sitenote_active":false,"_exactmetrics_sitenote_note":"","_exactmetrics_sitenote_category":0,"_links_to":"","_links_to_target":""},"product_brand":[],"product_cat":[263],"product_tag":[244,264,459,268,277,248,267,259,272,478,322,359,473,318],"class_list":{"0":"post-217","1":"product","2":"type-product","3":"status-publish","4":"has-post-thumbnail","6":"product_cat-caminhadas","7":"product_tag-caminhada","8":"product_tag-ecoturismo","9":"product_tag-feriado","10":"product_tag-ferias","11":"product_tag-goncalves","12":"product_tag-hiking","13":"product_tag-inverno","14":"product_tag-mantiqueira-ecoturismo","15":"product_tag-o-que-fazer-em-goncalves","16":"product_tag-outono","17":"product_tag-pedra","18":"product_tag-pedra-do-cruzeiro","19":"product_tag-trekking","20":"product_tag-turismo-em-goncalves","21":"tour_category-goncalvesmg","23":"first","24":"instock","25":"purchasable","26":"product-type-tour"},"_links":{"self":[{"href":"https:\/\/www.mantiqueiratur.com.br\/site\/wp-json\/wp\/v2\/product\/217","targetHints":{"allow":["GET"]}}],"collection":[{"href":"https:\/\/www.mantiqueiratur.com.br\/site\/wp-json\/wp\/v2\/product"}],"about":[{"href":"https:\/\/www.mantiqueiratur.com.br\/site\/wp-json\/wp\/v2\/types\/product"}],"replies":[{"embeddable":true,"href":"https:\/\/www.mantiqueiratur.com.br\/site\/wp-json\/wp\/v2\/comments?post=217"}],"wp:featuredmedia":[{"embeddable":true,"href":"https:\/\/www.mantiqueiratur.com.br\/site\/wp-json\/wp\/v2\/media\/3721"}],"wp:attachment":[{"href":"https:\/\/www.mantiqueiratur.com.br\/site\/wp-json\/wp\/v2\/media?parent=217"}],"wp:term":[{"taxonomy":"product_brand","embeddable":true,"href":"https:\/\/www.mantiqueiratur.com.br\/site\/wp-json\/wp\/v2\/product_brand?post=217"},{"taxonomy":"product_cat","embeddable":true,"href":"https:\/\/www.mantiqueiratur.com.br\/site\/wp-json\/wp\/v2\/product_cat?post=217"},{"taxonomy":"product_tag","embeddable":true,"href":"https:\/\/www.mantiqueiratur.com.br\/site\/wp-json\/wp\/v2\/product_tag?post=217"}],"curies":[{"name":"wp","href":"https:\/\/api.w.org\/{rel}","templated":true}]}}