{"id":211,"date":"2015-07-28T14:40:42","date_gmt":"2015-07-28T17:40:42","guid":{"rendered":"http:\/\/adventure-tours.themedelight.com\/?post_type=product&#038;p=211"},"modified":"2025-03-05T16:21:01","modified_gmt":"2025-03-05T19:21:01","slug":"trilhacachoeiras","status":"publish","type":"product","link":"https:\/\/www.mantiqueiratur.com.br\/site\/tours\/trilhacachoeiras\/","title":{"rendered":"Trilha das Cachoeiras"},"content":{"rendered":"<p>Conhe\u00e7a as principais cachoeiras de Gon\u00e7alves com uma agrad\u00e1vel caminhada de n\u00edvel leve. Durante a trilha, fazemos paradas para conhecer v\u00e1rias quedas d&#8217;\u00e1gua, onde em uma s\u00f3 trilha conhecemos: a cachoeira Sete Quedas e cachoeira do Retiro. Com parada em local pr\u00f3prio para banho e com tempo para se refrescar.<\/p>\n<table class=\"table table-bordered tours-tabs__table\">\n<tbody>\n<tr style=\"height: 24px;\">\n<td style=\"height: 24px;\"><strong>DIST\u00c2NCIA<\/strong><\/td>\n<td style=\"height: 24px;\">3,2 Km de trilha (total &#8211; ida e volta).<\/td>\n<\/tr>\n<tr style=\"height: 48px;\">\n<td style=\"height: 48px;\"><strong>HOR\u00c1RIOS<\/strong><\/td>\n<td style=\"height: 48px;\">Manh\u00e3: sa\u00edda \u00e0s 9h30 e retorno previsto para \u00e0s 12h30.<br \/>\nTarde: sa\u00edda \u00e0s 14h30 e retorno previsto para \u00e0s 17h30<\/td>\n<\/tr>\n<tr style=\"height: 48px;\">\n<td style=\"height: 48px;\"><strong>MELHOR \u00c9POCA PARA O ROTEIRO<\/strong><\/td>\n<td style=\"height: 48px;\">Ano todo<\/td>\n<\/tr>\n<tr style=\"height: 136px;\">\n<td style=\"height: 136px;\"><strong>INCLUSO<\/strong><\/td>\n<td style=\"height: 136px;\">\n<table class=\"table table-bordered\" style=\"height: 120px; width: 100.84%;\" width=\"300\">\n<tbody>\n<tr style=\"height: 48px;\">\n<td style=\"height: 48px; width: 49.3878%;\"><i class=\"fa fa-check icon-tick icon-tick--on\"><\/i>Guia especializado<\/td>\n<td style=\"height: 48px; width: 79.2713%;\"><i class=\"fa fa-check icon-tick icon-tick--on\"><\/i>Perneiras e bast\u00e3o de caminhada<\/td>\n<\/tr>\n<tr style=\"height: 72px;\">\n<td style=\"height: 72px; width: 49.3878%;\"><i class=\"fa fa-check icon-tick icon-tick--on\"><\/i>Taxa de visita\u00e7\u00e3o<\/td>\n<td style=\"height: 72px; width: 79.2713%;\"><i class=\"fa fa-check icon-tick icon-tick--on\"><\/i>Seguro aventura<\/td>\n<\/tr>\n<\/tbody>\n<\/table>\n<\/td>\n<\/tr>\n<tr style=\"height: 24px;\">\n<td style=\"height: 24px;\"><b>N\u00c3O INCLUSO<\/b><\/td>\n<td style=\"height: 24px;\"><i class=\"fa fa-times icon-tick icon-tick--off\"><\/i>Transporte at\u00e9 o in\u00edcio da trilha<\/td>\n<\/tr>\n<\/tbody>\n<\/table>\n<p>&nbsp;<\/p>\n","protected":false},"excerpt":{"rendered":"<p>Caminhada para cachoeiras com possibilidade para banho no rio Capivari.<\/p>\n","protected":false},"featured_media":3745,"comment_status":"closed","ping_status":"closed","template":"","meta":{"_exactmetrics_skip_tracking":false,"_exactmetrics_sitenote_active":false,"_exactmetrics_sitenote_note":"","_exactmetrics_sitenote_category":0,"_links_to":"","_links_to_target":""},"product_brand":[],"product_cat":[263],"product_tag":[278,244,362,460,461,361,264,459,268,272,462,363,266,318],"class_list":{"0":"post-211","1":"product","2":"type-product","3":"status-publish","4":"has-post-thumbnail","6":"product_cat-caminhadas","7":"product_tag-cachoeiras","8":"product_tag-caminhada","9":"product_tag-caminhadas","10":"product_tag-carnaval","11":"product_tag-corpus-christi","12":"product_tag-destinos-de-natureza","13":"product_tag-ecoturismo","14":"product_tag-feriado","15":"product_tag-ferias","16":"product_tag-o-que-fazer-em-goncalves","17":"product_tag-pascoa","18":"product_tag-trilhas","19":"product_tag-turismo","20":"product_tag-turismo-em-goncalves","21":"tour_category-goncalvesmg","23":"first","24":"instock","25":"purchasable","26":"product-type-tour"},"_links":{"self":[{"href":"https:\/\/www.mantiqueiratur.com.br\/site\/wp-json\/wp\/v2\/product\/211","targetHints":{"allow":["GET"]}}],"collection":[{"href":"https:\/\/www.mantiqueiratur.com.br\/site\/wp-json\/wp\/v2\/product"}],"about":[{"href":"https:\/\/www.mantiqueiratur.com.br\/site\/wp-json\/wp\/v2\/types\/product"}],"replies":[{"embeddable":true,"href":"https:\/\/www.mantiqueiratur.com.br\/site\/wp-json\/wp\/v2\/comments?post=211"}],"wp:featuredmedia":[{"embeddable":true,"href":"https:\/\/www.mantiqueiratur.com.br\/site\/wp-json\/wp\/v2\/media\/3745"}],"wp:attachment":[{"href":"https:\/\/www.mantiqueiratur.com.br\/site\/wp-json\/wp\/v2\/media?parent=211"}],"wp:term":[{"taxonomy":"product_brand","embeddable":true,"href":"https:\/\/www.mantiqueiratur.com.br\/site\/wp-json\/wp\/v2\/product_brand?post=211"},{"taxonomy":"product_cat","embeddable":true,"href":"https:\/\/www.mantiqueiratur.com.br\/site\/wp-json\/wp\/v2\/product_cat?post=211"},{"taxonomy":"product_tag","embeddable":true,"href":"https:\/\/www.mantiqueiratur.com.br\/site\/wp-json\/wp\/v2\/product_tag?post=211"}],"curies":[{"name":"wp","href":"https:\/\/api.w.org\/{rel}","templated":true}]}}