{"id":188,"date":"2015-07-27T18:09:15","date_gmt":"2015-07-27T21:09:15","guid":{"rendered":"http:\/\/adventure-tours.themedelight.com\/?post_type=product&#038;p=188"},"modified":"2025-03-05T16:21:41","modified_gmt":"2025-03-05T19:21:41","slug":"trilhasamambaiacu","status":"publish","type":"product","link":"https:\/\/www.mantiqueiratur.com.br\/site\/tours\/trilhasamambaiacu\/","title":{"rendered":"Trilha Samambaia\u00e7u"},"content":{"rendered":"<p>A trilha do Samambaia\u00e7u \u00e9 uma oportunidade de conhecer uma bela caminhada margeando um rio com in\u00fameras quedas e corredeiras, cercado pela t\u00edpica vegeta\u00e7\u00e3o de mata ciliar como samambaia\u00e7us, brom\u00e9lias, orqu\u00eddeas e outros. Essa trilha tamb\u00e9m nos d\u00e1 a oportunidade de avistar a riqu\u00edssima fauna de nossa regi\u00e3o, tudo isso ainda terminando em uma das mais belas cachoeiras da regi\u00e3o, bem prop\u00edcia para banho em dias quentes.<\/p>\n<table class=\"table table-bordered tours-tabs__table\">\n<tbody>\n<tr style=\"height: 24px;\">\n<td style=\"height: 24px;\"><strong>DIST\u00c2NCIA<\/strong><\/td>\n<td style=\"height: 24px;\">1,6 Km de trilha (total &#8211; ida e volta).<\/td>\n<\/tr>\n<tr style=\"height: 24px;\">\n<td style=\"height: 24px;\"><strong>HOR\u00c1RIOS<\/strong><\/td>\n<td style=\"height: 24px;\">Sa\u00edda \u00e0s 09h30 e retorno previsto para \u00e0s 12h30.<\/td>\n<\/tr>\n<tr style=\"height: 48px;\">\n<td style=\"height: 48px;\"><strong>MELHOR \u00c9POCA PARA O ROTEIRO<\/strong><\/td>\n<td style=\"height: 48px;\">Ano todo<\/td>\n<\/tr>\n<tr style=\"height: 136px;\">\n<td style=\"height: 136px;\"><strong>INCLUSO<\/strong><\/td>\n<td style=\"height: 136px;\">\n<table class=\"table table-bordered\" style=\"height: 120px; width: 100.84%;\" width=\"300\">\n<tbody>\n<tr style=\"height: 48px;\">\n<td style=\"height: 48px; width: 49.3878%;\"><i class=\"fa fa-check icon-tick icon-tick--on\"><\/i>Guia especializado<\/td>\n<td style=\"height: 48px; width: 79.2713%;\"><i class=\"fa fa-check icon-tick icon-tick--on\"><\/i>Perneiras e bast\u00e3o de caminhada<\/td>\n<\/tr>\n<tr style=\"height: 72px;\">\n<td style=\"height: 72px; width: 49.3878%;\"><i class=\"fa fa-check icon-tick icon-tick--on\"><\/i>Taxa de visita\u00e7\u00e3o<\/td>\n<td style=\"height: 72px; width: 79.2713%;\"><i class=\"fa fa-check icon-tick icon-tick--on\"><\/i>Seguro aventura<\/td>\n<\/tr>\n<\/tbody>\n<\/table>\n<\/td>\n<\/tr>\n<tr style=\"height: 24px;\">\n<td style=\"height: 24px;\"><b>N\u00c3O INCLUSO<\/b><\/td>\n<td style=\"height: 24px;\"><i class=\"fa fa-times icon-tick icon-tick--off\"><\/i>Transporte at\u00e9 o in\u00edcio da trilha<\/td>\n<\/tr>\n<\/tbody>\n<\/table>\n<p>&nbsp;<\/p>\n","protected":false},"excerpt":{"rendered":"<p>Trilha de observa\u00e7\u00e3o de fauna e banho de cachoeira.<\/p>\n","protected":false},"featured_media":4542,"comment_status":"closed","ping_status":"closed","template":"","meta":{"_exactmetrics_skip_tracking":false,"_exactmetrics_sitenote_active":false,"_exactmetrics_sitenote_note":"","_exactmetrics_sitenote_category":0,"_links_to":"","_links_to_target":""},"product_brand":[],"product_cat":[263],"product_tag":[278,244,460,461,264,364,459,268,365,276,245,272,462,243,318],"class_list":{"0":"post-188","1":"product","2":"type-product","3":"status-publish","4":"has-post-thumbnail","6":"product_cat-caminhadas","7":"product_tag-cachoeiras","8":"product_tag-caminhada","9":"product_tag-carnaval","10":"product_tag-corpus-christi","11":"product_tag-ecoturismo","12":"product_tag-fauna","13":"product_tag-feriado","14":"product_tag-ferias","15":"product_tag-flora","16":"product_tag-mata","17":"product_tag-natureza","18":"product_tag-o-que-fazer-em-goncalves","19":"product_tag-pascoa","20":"product_tag-trilha","21":"product_tag-turismo-em-goncalves","22":"tour_category-goncalvesmg","24":"first","25":"instock","26":"virtual","27":"purchasable","28":"product-type-tour"},"_links":{"self":[{"href":"https:\/\/www.mantiqueiratur.com.br\/site\/wp-json\/wp\/v2\/product\/188","targetHints":{"allow":["GET"]}}],"collection":[{"href":"https:\/\/www.mantiqueiratur.com.br\/site\/wp-json\/wp\/v2\/product"}],"about":[{"href":"https:\/\/www.mantiqueiratur.com.br\/site\/wp-json\/wp\/v2\/types\/product"}],"replies":[{"embeddable":true,"href":"https:\/\/www.mantiqueiratur.com.br\/site\/wp-json\/wp\/v2\/comments?post=188"}],"wp:featuredmedia":[{"embeddable":true,"href":"https:\/\/www.mantiqueiratur.com.br\/site\/wp-json\/wp\/v2\/media\/4542"}],"wp:attachment":[{"href":"https:\/\/www.mantiqueiratur.com.br\/site\/wp-json\/wp\/v2\/media?parent=188"}],"wp:term":[{"taxonomy":"product_brand","embeddable":true,"href":"https:\/\/www.mantiqueiratur.com.br\/site\/wp-json\/wp\/v2\/product_brand?post=188"},{"taxonomy":"product_cat","embeddable":true,"href":"https:\/\/www.mantiqueiratur.com.br\/site\/wp-json\/wp\/v2\/product_cat?post=188"},{"taxonomy":"product_tag","embeddable":true,"href":"https:\/\/www.mantiqueiratur.com.br\/site\/wp-json\/wp\/v2\/product_tag?post=188"}],"curies":[{"name":"wp","href":"https:\/\/api.w.org\/{rel}","templated":true}]}}