{"id":134,"date":"2015-07-15T12:01:46","date_gmt":"2015-07-15T15:01:46","guid":{"rendered":"http:\/\/adventure-tours.themedelight.com\/?post_type=product&#038;p=134"},"modified":"2025-03-05T16:26:55","modified_gmt":"2025-03-05T19:26:55","slug":"trilha-no-horto-florestal-de-campos-do-jordao","status":"publish","type":"product","link":"https:\/\/www.mantiqueiratur.com.br\/site\/tours\/trilha-no-horto-florestal-de-campos-do-jordao\/","title":{"rendered":"Trilha Horto Florestal"},"content":{"rendered":"<p>Desfrute de um dia nas trilhas do Horto Florestal em Campos do Jord\u00e3o, conhecendo a natureza desse local de forma singular, com trilhas de v\u00e1rios n\u00edveis para conhecer vistas, cachoeiras, c\u00e2nions e desfrutar da observa\u00e7\u00e3o da fauna e flora atrav\u00e9s de uma viv\u00eancia ecol\u00f3gica rica de informa\u00e7\u00f5es e experi\u00eancias. Veja esse lado de Campos do Jord\u00e3o que somente quem faz esse roteiro conosco conhece.<!--more--><\/p>\n<p>&nbsp;<\/p>\n<table class=\"table table-bordered tours-tabs__table\" style=\"height: 392px; width: 98.9213%;\" width=\"862\">\n<tbody>\n<tr style=\"height: 24px;\">\n<td style=\"height: 24px;\"><strong>DIST\u00c2NCIA<\/strong><\/td>\n<td style=\"height: 24px;\">Pode variar de 2 km a 12 km, dependendo das trilhas escolhidas<\/td>\n<\/tr>\n<tr style=\"height: 48px;\">\n<td style=\"height: 48px;\"><strong>HOR\u00c1RIOS<\/strong><\/td>\n<td style=\"height: 48px;\">Sa\u00edda \u00e0s 09h30 e retorno previsto para \u00e0s 17h00. As sa\u00eddas e o retorno s\u00e3o do estacionamento do horto do florestal.<\/td>\n<\/tr>\n<tr style=\"height: 48px;\">\n<td style=\"height: 48px;\"><strong>MELHOR \u00c9POCA PARA O ROTEIRO<\/strong><\/td>\n<td style=\"height: 48px;\">Ano todo<\/td>\n<\/tr>\n<tr style=\"height: 136px;\">\n<td style=\"height: 136px;\"><strong>INCLUSO<\/strong><\/td>\n<td style=\"height: 136px;\">\n<table class=\"table table-bordered\" style=\"height: 120px; width: 100.538%;\" width=\"300\">\n<tbody>\n<tr style=\"height: 48px;\">\n<td style=\"height: 48px; width: 51.7937%;\"><i class=\"fa fa-check icon-tick icon-tick--on\"><\/i>Guia especializado<\/td>\n<td style=\"height: 48px; width: 78.4753%;\"><i class=\"fa fa-check icon-tick icon-tick--on\"><\/i>Perneiras<\/td>\n<\/tr>\n<tr style=\"height: 72px;\">\n<td style=\"height: 72px; width: 51.7937%;\"><i class=\"fa fa-check icon-tick icon-tick--on\"><\/i>Bast\u00e3o de caminhada<\/td>\n<td style=\"height: 72px; width: 78.4753%;\"><i class=\"fa fa-check icon-tick icon-tick--on\"><\/i>Seguro aventura<\/td>\n<\/tr>\n<\/tbody>\n<\/table>\n<\/td>\n<\/tr>\n<tr style=\"height: 88px;\">\n<td style=\"height: 88px;\"><b>N\u00c3O INCLUSO<\/b><\/td>\n<td style=\"height: 88px;\">\n<table class=\"table table-bordered\" style=\"height: 72px; width: 100.939%;\" width=\"300\">\n<tbody>\n<tr style=\"height: 24px;\">\n<td style=\"width: 100%; height: 24px;\"><i class=\"fa fa-times icon-tick icon-tick--off\"><\/i>Transporte at\u00e9 o parque<\/td>\n<\/tr>\n<tr style=\"height: 24px;\">\n<td style=\"width: 100%; height: 24px;\"><i class=\"fa fa-times icon-tick icon-tick--off\"><\/i>Taxa de visita\u00e7\u00e3o do parque<\/td>\n<\/tr>\n<tr style=\"height: 24px;\">\n<td style=\"width: 100%; height: 24px;\"><i class=\"fa fa-times icon-tick icon-tick--off\"><\/i>Almo\u00e7o<\/td>\n<\/tr>\n<\/tbody>\n<\/table>\n<\/td>\n<\/tr>\n<\/tbody>\n<\/table>\n","protected":false},"excerpt":{"rendered":"<p>Uma caminhada contemplando a mata de altitude de Campos do Jord\u00e3o.<\/p>\n","protected":false},"featured_media":4622,"comment_status":"closed","ping_status":"closed","template":"","meta":{"_exactmetrics_skip_tracking":false,"_exactmetrics_sitenote_active":false,"_exactmetrics_sitenote_note":"","_exactmetrics_sitenote_category":0,"_links_to":"","_links_to_target":""},"product_brand":[],"product_cat":[263],"product_tag":[244,246,460,461,264,459,268,248,366,267,416,367,478,462,473,243,479,318],"class_list":{"0":"post-134","1":"product","2":"type-product","3":"status-publish","4":"has-post-thumbnail","6":"product_cat-caminhadas","7":"product_tag-caminhada","8":"product_tag-campos-do-jordao","9":"product_tag-carnaval","10":"product_tag-corpus-christi","11":"product_tag-ecoturismo","12":"product_tag-feriado","13":"product_tag-ferias","14":"product_tag-hiking","15":"product_tag-horto-florestal","16":"product_tag-inverno","17":"product_tag-o-que-fazer-no-sul-de-minas","18":"product_tag-observacao-de-aves","19":"product_tag-outono","20":"product_tag-pascoa","21":"product_tag-trekking","22":"product_tag-trilha","23":"product_tag-turismo-em-campos-do-jordao","24":"product_tag-turismo-em-goncalves","25":"tour_category-camposdojordao","27":"first","28":"instock","29":"purchasable","30":"product-type-tour"},"_links":{"self":[{"href":"https:\/\/www.mantiqueiratur.com.br\/site\/wp-json\/wp\/v2\/product\/134","targetHints":{"allow":["GET"]}}],"collection":[{"href":"https:\/\/www.mantiqueiratur.com.br\/site\/wp-json\/wp\/v2\/product"}],"about":[{"href":"https:\/\/www.mantiqueiratur.com.br\/site\/wp-json\/wp\/v2\/types\/product"}],"replies":[{"embeddable":true,"href":"https:\/\/www.mantiqueiratur.com.br\/site\/wp-json\/wp\/v2\/comments?post=134"}],"wp:featuredmedia":[{"embeddable":true,"href":"https:\/\/www.mantiqueiratur.com.br\/site\/wp-json\/wp\/v2\/media\/4622"}],"wp:attachment":[{"href":"https:\/\/www.mantiqueiratur.com.br\/site\/wp-json\/wp\/v2\/media?parent=134"}],"wp:term":[{"taxonomy":"product_brand","embeddable":true,"href":"https:\/\/www.mantiqueiratur.com.br\/site\/wp-json\/wp\/v2\/product_brand?post=134"},{"taxonomy":"product_cat","embeddable":true,"href":"https:\/\/www.mantiqueiratur.com.br\/site\/wp-json\/wp\/v2\/product_cat?post=134"},{"taxonomy":"product_tag","embeddable":true,"href":"https:\/\/www.mantiqueiratur.com.br\/site\/wp-json\/wp\/v2\/product_tag?post=134"}],"curies":[{"name":"wp","href":"https:\/\/api.w.org\/{rel}","templated":true}]}}