{"id":132,"date":"2015-07-11T10:51:49","date_gmt":"2015-07-11T13:51:49","guid":{"rendered":"http:\/\/adventure-tours.themedelight.com\/?post_type=product&#038;p=132"},"modified":"2025-03-05T16:29:53","modified_gmt":"2025-03-05T19:29:53","slug":"trilhapedrabonita","status":"publish","type":"product","link":"https:\/\/www.mantiqueiratur.com.br\/site\/tours\/trilhapedrabonita\/","title":{"rendered":"Trilha da Pedra Bonita"},"content":{"rendered":"<p>A Pedra Bonita \u00e9 o ponto mais alto da regi\u00e3o, sendo ponto de divisa entre Gon\u00e7alves\/MG e Sapuca\u00ed Mirim\/MG, com 2.120m de altitude. No topo \u00e9 poss\u00edvel avistar toda a regi\u00e3o, inclusive o Vale do Para\u00edba, Campos do Jord\u00e3o, Serra do Mar, entre outros. Necess\u00e1rio condicionamento f\u00edsico, j\u00e1 que no total s\u00e3o 6 horas de caminhada em terreno \u00edngreme.<br \/>\n<!--more--><\/p>\n<table class=\"table table-bordered tours-tabs__table\" style=\"height: 380px; width: 98.9213%;\" width=\"862\">\n<tbody>\n<tr style=\"height: 24px;\">\n<td style=\"height: 24px; width: 26.0924%;\"><strong>DIST\u00c2NCIA<\/strong><\/td>\n<td style=\"height: 24px; width: 72.9089%;\">\u00a07,4 Km de trilha\u00a0(total &#8211; ida e volta).<\/td>\n<\/tr>\n<tr style=\"height: 24px;\">\n<td style=\"height: 24px; width: 26.0924%;\"><strong>HOR\u00c1RIOS<\/strong><\/td>\n<td style=\"height: 24px; width: 72.9089%;\">Sa\u00edda \u00e0s 09h30 e retorno previsto para \u00e0s 17h30.<\/td>\n<\/tr>\n<tr style=\"height: 48px;\">\n<td style=\"height: 48px; width: 26.0924%;\"><strong>MELHOR \u00c9POCA PARA O ROTEIRO<\/strong><\/td>\n<td style=\"height: 48px; width: 72.9089%;\">De Mar\u00e7o a Outubro.<\/td>\n<\/tr>\n<tr style=\"height: 136px;\">\n<td style=\"height: 136px; width: 26.0924%;\"><strong>INCLUSO<\/strong><\/td>\n<td style=\"height: 136px; width: 72.9089%;\">\n<table class=\"table table-bordered\" style=\"height: 120px; width: 100.489%;\" width=\"300\">\n<tbody>\n<tr style=\"height: 48px;\">\n<td style=\"height: 48px; width: 51.7778%;\"><i class=\"fa fa-check icon-tick icon-tick--on\"><\/i>Guia especializado<\/td>\n<td style=\"height: 48px; width: 78.6667%;\"><i class=\"fa fa-check icon-tick icon-tick--on\"><\/i>Perneiras<\/td>\n<\/tr>\n<tr style=\"height: 72px;\">\n<td style=\"height: 72px; width: 51.7778%;\"><i class=\"fa fa-check icon-tick icon-tick--on\"><\/i>Bast\u00e3o de caminhada<\/td>\n<td style=\"height: 72px; width: 78.6667%;\"><i class=\"fa fa-check icon-tick icon-tick--on\"><\/i>Seguro aventura<\/td>\n<\/tr>\n<\/tbody>\n<\/table>\n<\/td>\n<\/tr>\n<tr style=\"height: 88px;\">\n<td style=\"height: 76px; width: 26.0924%;\"><b>N\u00c3O INCLUSO<\/b><\/td>\n<td style=\"height: 76px; width: 72.9089%;\">\n<table class=\"table table-bordered\" style=\"height: 62px; width: 101.062%;\" width=\"300\">\n<tbody>\n<tr>\n<td style=\"width: 100%;\"><i class=\"fa fa-times icon-tick icon-tick--off\"><\/i>Transporte at\u00e9 o in\u00edcio da trilha<\/td>\n<\/tr>\n<tr>\n<td style=\"width: 100%;\"><i class=\"fa fa-times icon-tick icon-tick--off\"><\/i>Almo\u00e7o<\/td>\n<\/tr>\n<\/tbody>\n<\/table>\n<\/td>\n<\/tr>\n<\/tbody>\n<\/table>\n<p>&nbsp;<\/p>\n","protected":false},"excerpt":{"rendered":"<p>&nbsp;<\/p>\n<p>Caminhada em meio a mata chegando ao topo mais alto da regi\u00e3o de Gon\u00e7alves MG.<\/p>\n","protected":false},"featured_media":3707,"comment_status":"closed","ping_status":"closed","template":"","meta":{"_exactmetrics_skip_tracking":false,"_exactmetrics_sitenote_active":false,"_exactmetrics_sitenote_note":"","_exactmetrics_sitenote_category":0,"_links_to":"","_links_to_target":""},"product_brand":[],"product_cat":[263],"product_tag":[244,460,461,264,459,268,277,248,267,247,285,265,478,462,286,473,266,318],"class_list":{"0":"post-132","1":"product","2":"type-product","3":"status-publish","4":"has-post-thumbnail","6":"product_cat-caminhadas","7":"product_tag-caminhada","8":"product_tag-carnaval","9":"product_tag-corpus-christi","10":"product_tag-ecoturismo","11":"product_tag-feriado","12":"product_tag-ferias","13":"product_tag-goncalves","14":"product_tag-hiking","15":"product_tag-inverno","16":"product_tag-mantiqueira","17":"product_tag-minas-gerais","18":"product_tag-montanhismo","19":"product_tag-outono","20":"product_tag-pascoa","21":"product_tag-sul-de-minas","22":"product_tag-trekking","23":"product_tag-turismo","24":"product_tag-turismo-em-goncalves","25":"tour_category-goncalvesmg","27":"first","28":"instock","29":"purchasable","30":"product-type-tour"},"_links":{"self":[{"href":"https:\/\/www.mantiqueiratur.com.br\/site\/wp-json\/wp\/v2\/product\/132","targetHints":{"allow":["GET"]}}],"collection":[{"href":"https:\/\/www.mantiqueiratur.com.br\/site\/wp-json\/wp\/v2\/product"}],"about":[{"href":"https:\/\/www.mantiqueiratur.com.br\/site\/wp-json\/wp\/v2\/types\/product"}],"replies":[{"embeddable":true,"href":"https:\/\/www.mantiqueiratur.com.br\/site\/wp-json\/wp\/v2\/comments?post=132"}],"wp:featuredmedia":[{"embeddable":true,"href":"https:\/\/www.mantiqueiratur.com.br\/site\/wp-json\/wp\/v2\/media\/3707"}],"wp:attachment":[{"href":"https:\/\/www.mantiqueiratur.com.br\/site\/wp-json\/wp\/v2\/media?parent=132"}],"wp:term":[{"taxonomy":"product_brand","embeddable":true,"href":"https:\/\/www.mantiqueiratur.com.br\/site\/wp-json\/wp\/v2\/product_brand?post=132"},{"taxonomy":"product_cat","embeddable":true,"href":"https:\/\/www.mantiqueiratur.com.br\/site\/wp-json\/wp\/v2\/product_cat?post=132"},{"taxonomy":"product_tag","embeddable":true,"href":"https:\/\/www.mantiqueiratur.com.br\/site\/wp-json\/wp\/v2\/product_tag?post=132"}],"curies":[{"name":"wp","href":"https:\/\/api.w.org\/{rel}","templated":true}]}}