{"id":128,"date":"2015-07-12T10:34:07","date_gmt":"2015-07-12T13:34:07","guid":{"rendered":"http:\/\/adventure-tours.themedelight.com\/?post_type=product&#038;p=128"},"modified":"2025-03-05T16:29:07","modified_gmt":"2025-03-05T19:29:07","slug":"trilhacascagrossa","status":"publish","type":"product","link":"https:\/\/www.mantiqueiratur.com.br\/site\/tours\/trilhacascagrossa\/","title":{"rendered":"Trilha Casca Grossa"},"content":{"rendered":"<p>A Trilha da Casca Grossa foi elaborada para quem quer explorar a regi\u00e3o de Gon\u00e7alves por uma caminhada longa, contemplando muitas vistas e percorrendo estradas que ultrapassam 1.700 metros de altitude, em meio a matas fechadas, visitando vilas rurais, olivais \u00a0e muito mais.<\/p>\n<p>Necess\u00e1rio condicionamento f\u00edsico, j\u00e1 que no total s\u00e3o aproximadamente 6 horas de caminhada em terreno com diversos graus de inclina\u00e7\u00e3o.<!--more--><\/p>\n<p>&nbsp;<\/p>\n<table class=\"table table-bordered tours-tabs__table\" style=\"height: 314px; width: 98.0568%;\" width=\"862\">\n<tbody>\n<tr style=\"height: 24px;\">\n<td style=\"height: 24px; width: 22.5968%;\"><strong>DIST\u00c2NCIA<\/strong><\/td>\n<td style=\"height: 24px; width: 76.4045%;\">22 Km de trilha (total &#8211; ida e volta).<\/td>\n<\/tr>\n<tr style=\"height: 24px;\">\n<td style=\"height: 24px; width: 22.5968%;\"><strong>HOR\u00c1RIOS<\/strong><\/td>\n<td style=\"height: 24px; width: 76.4045%;\">Sa\u00edda \u00e0s 09h30 e retorno previsto para \u00e0s 17h30.<\/td>\n<\/tr>\n<tr style=\"height: 48px;\">\n<td style=\"height: 48px; width: 22.5968%;\"><strong>MELHOR \u00c9POCA PARA O ROTEIRO<\/strong><\/td>\n<td style=\"height: 48px; width: 76.4045%;\">Mar\u00e7o a outubro<\/td>\n<\/tr>\n<tr style=\"height: 136px;\">\n<td style=\"height: 136px; width: 22.5968%;\"><strong>INCLUSO<\/strong><\/td>\n<td style=\"height: 136px; width: 76.4045%;\">\n<table class=\"table table-bordered\" style=\"height: 120px; width: 100.411%;\" width=\"300\">\n<tbody>\n<tr style=\"height: 48px;\">\n<td style=\"height: 48px; width: 55.6745%;\"><i class=\"fa fa-check icon-tick icon-tick--on\"><\/i>Guia especializado<\/td>\n<td style=\"height: 48px; width: 74.7323%;\"><i class=\"fa fa-check icon-tick icon-tick--on\"><\/i>Perneiras e bast\u00e3o de caminhada<\/td>\n<\/tr>\n<tr style=\"height: 72px;\">\n<td style=\"height: 72px; width: 55.6745%;\"><i class=\"fa fa-check icon-tick icon-tick--on\"><\/i>Transporte at\u00e9 o in\u00edcio da trilha e ao final da trilha<\/td>\n<td style=\"height: 72px; width: 74.7323%;\"><i class=\"fa fa-check icon-tick icon-tick--on\"><\/i>Seguro aventura<\/td>\n<\/tr>\n<\/tbody>\n<\/table>\n<\/td>\n<\/tr>\n<tr style=\"height: 24px;\">\n<td style=\"height: 24px; width: 22.5968%;\"><strong>N\u00c3O INCLUSO<\/strong><\/td>\n<td style=\"height: 24px; width: 76.4045%;\"><i class=\"fa fa-times icon-tick icon-tick--off\"><\/i>Almo\u00e7o<\/td>\n<\/tr>\n<\/tbody>\n<\/table>\n<p>&nbsp;<\/p>\n","protected":false},"excerpt":{"rendered":"<p>Uma caminhada para quem gosta de longas dist\u00e2ncias e belas paisagens.<\/p>\n","protected":false},"featured_media":3694,"comment_status":"closed","ping_status":"closed","template":"","meta":{"_exactmetrics_skip_tracking":false,"_exactmetrics_sitenote_active":false,"_exactmetrics_sitenote_note":"","_exactmetrics_sitenote_category":0,"_links_to":"","_links_to_target":""},"product_brand":[],"product_cat":[263],"product_tag":[244,460,461,264,459,268,277,248,267,272,416,478,462,323,286,473,266,318],"class_list":{"0":"post-128","1":"product","2":"type-product","3":"status-publish","4":"has-post-thumbnail","6":"product_cat-caminhadas","7":"product_tag-caminhada","8":"product_tag-carnaval","9":"product_tag-corpus-christi","10":"product_tag-ecoturismo","11":"product_tag-feriado","12":"product_tag-ferias","13":"product_tag-goncalves","14":"product_tag-hiking","15":"product_tag-inverno","16":"product_tag-o-que-fazer-em-goncalves","17":"product_tag-o-que-fazer-no-sul-de-minas","18":"product_tag-outono","19":"product_tag-pascoa","20":"product_tag-passeio","21":"product_tag-sul-de-minas","22":"product_tag-trekking","23":"product_tag-turismo","24":"product_tag-turismo-em-goncalves","25":"tour_category-goncalvesmg","27":"first","28":"instock","29":"purchasable","30":"product-type-tour"},"_links":{"self":[{"href":"https:\/\/www.mantiqueiratur.com.br\/site\/wp-json\/wp\/v2\/product\/128","targetHints":{"allow":["GET"]}}],"collection":[{"href":"https:\/\/www.mantiqueiratur.com.br\/site\/wp-json\/wp\/v2\/product"}],"about":[{"href":"https:\/\/www.mantiqueiratur.com.br\/site\/wp-json\/wp\/v2\/types\/product"}],"replies":[{"embeddable":true,"href":"https:\/\/www.mantiqueiratur.com.br\/site\/wp-json\/wp\/v2\/comments?post=128"}],"wp:featuredmedia":[{"embeddable":true,"href":"https:\/\/www.mantiqueiratur.com.br\/site\/wp-json\/wp\/v2\/media\/3694"}],"wp:attachment":[{"href":"https:\/\/www.mantiqueiratur.com.br\/site\/wp-json\/wp\/v2\/media?parent=128"}],"wp:term":[{"taxonomy":"product_brand","embeddable":true,"href":"https:\/\/www.mantiqueiratur.com.br\/site\/wp-json\/wp\/v2\/product_brand?post=128"},{"taxonomy":"product_cat","embeddable":true,"href":"https:\/\/www.mantiqueiratur.com.br\/site\/wp-json\/wp\/v2\/product_cat?post=128"},{"taxonomy":"product_tag","embeddable":true,"href":"https:\/\/www.mantiqueiratur.com.br\/site\/wp-json\/wp\/v2\/product_tag?post=128"}],"curies":[{"name":"wp","href":"https:\/\/api.w.org\/{rel}","templated":true}]}}