{"id":126,"date":"2015-07-14T10:26:36","date_gmt":"2015-07-14T13:26:36","guid":{"rendered":"http:\/\/adventure-tours.themedelight.com\/?post_type=product&#038;p=126"},"modified":"2025-03-05T16:28:00","modified_gmt":"2025-03-05T19:28:00","slug":"pedragrandeatibaia","status":"publish","type":"product","link":"https:\/\/www.mantiqueiratur.com.br\/site\/tours\/pedragrandeatibaia\/","title":{"rendered":"Trilha Pedra Grande &#8211; Atibaia"},"content":{"rendered":"<p>A trilha da Pedra Grande em Atibaia \u00e9 imperd\u00edvel para quem quer optar por uma trilha surpreendente em desafios e com bel\u00edssimas paisagens. Pertinho de S\u00e3o Paulo e Campinas, \u00e9 uma op\u00e7\u00e3o de atividade para um dia. Com altitude acima de 1.400 metros, durante a trilha e no topo temos a mais bela vista da cidade de Atibaia, e ainda podemos avistar as regi\u00f5es de S\u00e3o Paulo, Serra da Mantiqueira e as cidades do entorno.<!--more--><\/p>\n<p>&nbsp;<\/p>\n<table class=\"table table-bordered tours-tabs__table\" style=\"height: 392px; width: 98.9213%;\" width=\"862\">\n<tbody>\n<tr style=\"height: 24px;\">\n<td style=\"height: 24px;\"><strong>DIST\u00c2NCIA<\/strong><\/td>\n<td style=\"height: 24px;\">7 Km de trilha\u00a0(total &#8211; ida e volta).<\/td>\n<\/tr>\n<tr style=\"height: 48px;\">\n<td style=\"height: 48px;\"><strong>HOR\u00c1RIOS<\/strong><\/td>\n<td style=\"height: 48px;\">Sa\u00edda \u00e0s 09h30 e retorno previsto para \u00e0s 14h30. O ponto de encontro \u00e9 no campo de pouso, localizado a aproximadamente 6 km do centro da cidade de Atibaia.<\/td>\n<\/tr>\n<tr style=\"height: 48px;\">\n<td style=\"height: 48px;\"><strong>MELHOR \u00c9POCA PARA O ROTEIRO<\/strong><\/td>\n<td style=\"height: 48px;\">Mar\u00e7o a outubro<\/td>\n<\/tr>\n<tr style=\"height: 136px;\">\n<td style=\"height: 136px;\"><strong>INCLUSO<\/strong><\/td>\n<td style=\"height: 136px;\">\n<table class=\"table table-bordered\" style=\"height: 120px; width: 100.389%;\" width=\"300\">\n<tbody>\n<tr style=\"height: 48px;\">\n<td style=\"height: 48px; width: 51.9669%;\"><i class=\"fa fa-check icon-tick icon-tick--on\"><\/i>Guia especializado<\/td>\n<td style=\"height: 48px; width: 78.4679%;\"><i class=\"fa fa-check icon-tick icon-tick--on\"><\/i>Perneiras<\/td>\n<\/tr>\n<tr style=\"height: 72px;\">\n<td style=\"height: 72px; width: 51.9669%;\"><i class=\"fa fa-check icon-tick icon-tick--on\"><\/i>Bast\u00e3o de caminhada<\/td>\n<td style=\"height: 72px; width: 78.4679%;\"><i class=\"fa fa-check icon-tick icon-tick--on\"><\/i>Seguro aventura<\/td>\n<\/tr>\n<\/tbody>\n<\/table>\n<\/td>\n<\/tr>\n<tr style=\"height: 88px;\">\n<td style=\"height: 88px;\"><b>N\u00c3O INCLUSO<\/b><\/td>\n<td style=\"height: 88px;\">\n<table class=\"table table-bordered\" style=\"height: 62px; width: 100.437%;\" width=\"300\">\n<tbody>\n<tr>\n<td style=\"width: 100%;\"><i class=\"fa fa-times icon-tick icon-tick--off\"><\/i>Transporte at\u00e9 o in\u00edcio da trilha<\/td>\n<\/tr>\n<tr>\n<td style=\"width: 100%;\"><i class=\"fa fa-times icon-tick icon-tick--off\"><\/i>Almo\u00e7o<\/td>\n<\/tr>\n<\/tbody>\n<\/table>\n<\/td>\n<\/tr>\n<\/tbody>\n<\/table>\n<p>&nbsp;<\/p>\n","protected":false},"excerpt":{"rendered":"<p>Uma caminhada para conhecer o ponto mais alto de Atibaia-SP<\/p>\n","protected":false},"featured_media":4610,"comment_status":"closed","ping_status":"closed","template":"","meta":{"_exactmetrics_skip_tracking":false,"_exactmetrics_sitenote_active":false,"_exactmetrics_sitenote_note":"","_exactmetrics_sitenote_category":0,"_links_to":"","_links_to_target":""},"product_brand":[],"product_cat":[263],"product_tag":[253,244,460,459,268,248,267,478,462,254,368,473,243,463,291],"class_list":{"0":"post-126","1":"product","2":"type-product","3":"status-publish","4":"has-post-thumbnail","6":"product_cat-caminhadas","7":"product_tag-atibaia","8":"product_tag-caminhada","9":"product_tag-carnaval","10":"product_tag-feriado","11":"product_tag-ferias","12":"product_tag-hiking","13":"product_tag-inverno","14":"product_tag-outono","15":"product_tag-pascoa","16":"product_tag-pedra-grande","17":"product_tag-perto-de-sao-paulo","18":"product_tag-trekking","19":"product_tag-trilha","20":"product_tag-turismo-em-atibaia","21":"product_tag-vista","22":"tour_category-atibaia","24":"first","25":"instock","26":"purchasable","27":"product-type-tour"},"_links":{"self":[{"href":"https:\/\/www.mantiqueiratur.com.br\/site\/wp-json\/wp\/v2\/product\/126","targetHints":{"allow":["GET"]}}],"collection":[{"href":"https:\/\/www.mantiqueiratur.com.br\/site\/wp-json\/wp\/v2\/product"}],"about":[{"href":"https:\/\/www.mantiqueiratur.com.br\/site\/wp-json\/wp\/v2\/types\/product"}],"replies":[{"embeddable":true,"href":"https:\/\/www.mantiqueiratur.com.br\/site\/wp-json\/wp\/v2\/comments?post=126"}],"wp:featuredmedia":[{"embeddable":true,"href":"https:\/\/www.mantiqueiratur.com.br\/site\/wp-json\/wp\/v2\/media\/4610"}],"wp:attachment":[{"href":"https:\/\/www.mantiqueiratur.com.br\/site\/wp-json\/wp\/v2\/media?parent=126"}],"wp:term":[{"taxonomy":"product_brand","embeddable":true,"href":"https:\/\/www.mantiqueiratur.com.br\/site\/wp-json\/wp\/v2\/product_brand?post=126"},{"taxonomy":"product_cat","embeddable":true,"href":"https:\/\/www.mantiqueiratur.com.br\/site\/wp-json\/wp\/v2\/product_cat?post=126"},{"taxonomy":"product_tag","embeddable":true,"href":"https:\/\/www.mantiqueiratur.com.br\/site\/wp-json\/wp\/v2\/product_tag?post=126"}],"curies":[{"name":"wp","href":"https:\/\/api.w.org\/{rel}","templated":true}]}}