{"id":111,"date":"2015-07-09T16:39:56","date_gmt":"2015-07-09T19:39:56","guid":{"rendered":"http:\/\/adventure-tours.themedelight.com\/?post_type=product&#038;p=111"},"modified":"2025-03-05T16:32:31","modified_gmt":"2025-03-05T19:32:31","slug":"observacaodeavesgoncalves","status":"publish","type":"product","link":"https:\/\/www.mantiqueiratur.com.br\/site\/tours\/observacaodeavesgoncalves\/","title":{"rendered":"Observa\u00e7\u00e3o de aves para iniciantes"},"content":{"rendered":"<p><span style=\"font-weight: 400;\">Quando observamos aves contemplamos liberdade, desafios, adapta\u00e7\u00f5es, batalhas, dan\u00e7as, alegrias e tristezas da vida. <\/span><\/p>\n<p><!--more--><\/p>\n<p><span style=\"font-weight: 400;\">Esse universo conhecido por birdwatching, \u00e9 um caminho sem volta, porque voc\u00ea desperta todos os sentidos. Observar aves interliga pessoas, lugares, culturas, promove a educa\u00e7\u00e3o, a pesquisa e reconecta o ser humano a natureza. Est\u00e1 preparado?<\/span><\/p>\n<p>Observa\u00e7\u00e3o de aves para iniciantes. Atendemos diretamente no local que voc\u00ea estar\u00e1 hospedado, caminhando nas redondezas e conhecendo as aves locais.<\/p>\n<table class=\"table table-bordered tours-tabs__table\" style=\"height: 218px; width: 98.9213%;\" width=\"862\">\n<tbody>\n<tr style=\"height: 24px;\">\n<td style=\"height: 24px;\"><strong>DIST\u00c2NCIA<\/strong><\/td>\n<td style=\"height: 24px;\">Vari\u00e1vel<\/td>\n<\/tr>\n<tr style=\"height: 24px;\">\n<td style=\"height: 24px;\"><strong>HOR\u00c1RIOS<\/strong><\/td>\n<td style=\"height: 24px;\"><span style=\"font-weight: 400;\">In\u00edcio da atividade sempre nas tr\u00eas primeiras horas do dia<\/span><\/td>\n<\/tr>\n<tr style=\"height: 48px;\">\n<td style=\"height: 48px;\"><strong>MELHOR \u00c9POCA PARA O ROTEIRO<\/strong><\/td>\n<td style=\"height: 48px;\">Ano todo<\/td>\n<\/tr>\n<tr style=\"height: 136px;\">\n<td style=\"height: 98px;\"><strong>INCLUSO<\/strong><\/td>\n<td style=\"height: 98px;\">\n<table class=\"table table-bordered\" style=\"height: 103px; width: 100.84%;\" width=\"300\">\n<tbody>\n<tr style=\"height: 48px;\">\n<td style=\"height: 48px; width: 49.3878%;\"><i class=\"fa fa-check icon-tick icon-tick--on\"><\/i>Acompanhamento de bi\u00f3loga<\/td>\n<td style=\"height: 48px; width: 79.2713%;\"><i class=\"fa fa-check icon-tick icon-tick--on\"><\/i>Perneiras<\/td>\n<\/tr>\n<tr style=\"height: 24px;\">\n<td style=\"height: 24px; width: 49.3878%;\"><i class=\"fa fa-check icon-tick icon-tick--on\"><\/i>Taxa de visita\u00e7\u00e3o<\/td>\n<td style=\"height: 24px; width: 79.2713%;\"><i class=\"fa fa-check icon-tick icon-tick--on\"><\/i>Seguro aventura<\/td>\n<\/tr>\n<\/tbody>\n<\/table>\n<\/td>\n<\/tr>\n<tr style=\"height: 24px;\">\n<td style=\"height: 24px;\"><b>N\u00c3O INCLUSO<\/b><\/td>\n<td style=\"height: 24px;\"><i class=\"fa fa-times icon-tick icon-tick--off\"><\/i>Lanche ou caf\u00e9 da manh\u00e3<br \/>\n<i class=\"fa fa-times icon-tick icon-tick--off\"><\/i>Transporte<\/td>\n<\/tr>\n<\/tbody>\n<\/table>\n<p>&nbsp;<\/p>\n","protected":false},"excerpt":{"rendered":"<p>Quando observamos aves contemplamos liberdade, desafios, adapta\u00e7\u00f5es, batalhas, dan\u00e7as, alegrias e tristezas da vida.<\/p>\n","protected":false},"featured_media":5521,"comment_status":"closed","ping_status":"closed","template":"","meta":{"_exactmetrics_skip_tracking":false,"_exactmetrics_sitenote_active":false,"_exactmetrics_sitenote_note":"","_exactmetrics_sitenote_category":0,"_links_to":"","_links_to_target":""},"product_brand":[],"product_cat":[263],"product_tag":[411,412,410,264,297,383,285,272,413,367,286,266,318,415,414],"class_list":{"0":"post-111","1":"product","2":"type-product","3":"status-publish","4":"has-post-thumbnail","6":"product_cat-caminhadas","7":"product_tag-aves","8":"product_tag-bird-ladies","9":"product_tag-birdwatching","10":"product_tag-ecoturismo","11":"product_tag-experiencia","12":"product_tag-goncalves-mg","13":"product_tag-minas-gerais","14":"product_tag-o-que-fazer-em-goncalves","15":"product_tag-observacao","16":"product_tag-observacao-de-aves","17":"product_tag-sul-de-minas","18":"product_tag-turismo","19":"product_tag-turismo-em-goncalves","20":"product_tag-vida-silvestre","21":"product_tag-vivencia","22":"tour_category-goncalvesmg","24":"first","25":"instock","26":"purchasable","27":"product-type-tour"},"_links":{"self":[{"href":"https:\/\/www.mantiqueiratur.com.br\/site\/wp-json\/wp\/v2\/product\/111","targetHints":{"allow":["GET"]}}],"collection":[{"href":"https:\/\/www.mantiqueiratur.com.br\/site\/wp-json\/wp\/v2\/product"}],"about":[{"href":"https:\/\/www.mantiqueiratur.com.br\/site\/wp-json\/wp\/v2\/types\/product"}],"replies":[{"embeddable":true,"href":"https:\/\/www.mantiqueiratur.com.br\/site\/wp-json\/wp\/v2\/comments?post=111"}],"wp:featuredmedia":[{"embeddable":true,"href":"https:\/\/www.mantiqueiratur.com.br\/site\/wp-json\/wp\/v2\/media\/5521"}],"wp:attachment":[{"href":"https:\/\/www.mantiqueiratur.com.br\/site\/wp-json\/wp\/v2\/media?parent=111"}],"wp:term":[{"taxonomy":"product_brand","embeddable":true,"href":"https:\/\/www.mantiqueiratur.com.br\/site\/wp-json\/wp\/v2\/product_brand?post=111"},{"taxonomy":"product_cat","embeddable":true,"href":"https:\/\/www.mantiqueiratur.com.br\/site\/wp-json\/wp\/v2\/product_cat?post=111"},{"taxonomy":"product_tag","embeddable":true,"href":"https:\/\/www.mantiqueiratur.com.br\/site\/wp-json\/wp\/v2\/product_tag?post=111"}],"curies":[{"name":"wp","href":"https:\/\/api.w.org\/{rel}","templated":true}]}}