{"id":6405,"date":"2025-03-04T14:59:21","date_gmt":"2025-03-04T17:59:21","guid":{"rendered":"https:\/\/www.mantiqueiratur.com.br\/site\/?page_id=6405"},"modified":"2025-03-09T10:26:44","modified_gmt":"2025-03-09T13:26:44","slug":"politicas-de-reserva-e-cancelamento","status":"publish","type":"page","link":"https:\/\/www.mantiqueiratur.com.br\/site\/empresa\/politicas-de-reserva-e-cancelamento\/","title":{"rendered":"Pol\u00edticas de reserva e cancelamento"},"content":{"rendered":"<div class=\"wpb-content-wrapper\"><p>[vc_row][vc_column]<div class=\"title title--big title--center title--underline title--decoration-bottom-center\">\n\t\t\t<div class=\"title__subtitle\">Termos e condi\u00e7\u00f5es<\/div>\n\t\t<h3 class=\"title__primary\">Pol\u00edtica de reserva<\/h3>\n<\/div>\n<div class=\"timeline\"><div class=\"timeline__item\">\n\t<div class=\"timeline__item__icon-wrap\">\n\t\t<div class=\"timeline__item__icon\">\n\t\t\t<div class=\"timeline__item__icon__text\">1<\/div>\n\t\t<\/div>\n\t<\/div>\n\t<div class=\"timeline__item__content padding-left\">\n\t\t<h3 class=\"timeline__item__title\">Escolha do Passeio e Verifica\u00e7\u00e3o de Disponibilidade<\/h3>\t\t<div class=\"timeline__item__description\">Navegue pelo nosso site e escolha o passeio que mais lhe interessa.<br \/>\nEntre em contato conosco por WhatsApp ou e-mail e verifique a disponibilidade de datas e hor\u00e1rios para o passeio escolhido.<\/div>\t<\/div>\n<\/div>\n<div class=\"timeline__item\">\n\t<div class=\"timeline__item__icon-wrap\">\n\t\t<div class=\"timeline__item__icon\">\n\t\t\t<div class=\"timeline__item__icon__text\">2<\/div>\n\t\t<\/div>\n\t<\/div>\n\t<div class=\"timeline__item__content padding-left\">\n\t\t<h3 class=\"timeline__item__title\">Reserva e Pagamento<\/h3>\t\t<div class=\"timeline__item__description\">Ap\u00f3s escolher o passeio e verificar a disponibilidade, solicite a reserva atrav\u00e9s de nossos canais de contato (WhatsApp ou e-mail).<br \/>\nA reserva ser\u00e1 confirmada mediante o pagamento integral do valor do passeio.<br \/>\nAceitamos pagamentos via PIX ou cart\u00e3o de cr\u00e9dito atrav\u00e9s de link de pagamento seguro.<\/div>\t<\/div>\n<\/div>\n<div class=\"timeline__item\">\n\t<div class=\"timeline__item__icon-wrap\">\n\t\t<div class=\"timeline__item__icon\">\n\t\t\t<div class=\"timeline__item__icon__text\">3<\/div>\n\t\t<\/div>\n\t<\/div>\n\t<div class=\"timeline__item__content padding-left\">\n\t\t<h3 class=\"timeline__item__title\">Preenchimento do Formul\u00e1rio<\/h3>\t\t<div class=\"timeline__item__description\">Ap\u00f3s a confirma\u00e7\u00e3o do pagamento, voc\u00ea receber\u00e1 um link para o preenchimento das fichas individuais de cada participante.<br \/>\nO preenchimento completo e correto das fichas \u00e9 essencial para a seguran\u00e7a e organiza\u00e7\u00e3o do passeio.<\/div>\t<\/div>\n<\/div>\n<div class=\"timeline__item\">\n\t<div class=\"timeline__item__icon-wrap\">\n\t\t<div class=\"timeline__item__icon\">\n\t\t\t<div class=\"timeline__item__icon__text\">4<\/div>\n\t\t<\/div>\n\t<\/div>\n\t<div class=\"timeline__item__content padding-left\">\n\t\t<h3 class=\"timeline__item__title\">Confirma\u00e7\u00e3o da Reserva<\/h3>\t\t<div class=\"timeline__item__description\">Ap\u00f3s a confirma\u00e7\u00e3o do pagamento sua reserva ser\u00e1 efetivada.<br \/>\nVoc\u00ea receber\u00e1 um e-mail ou mensagem de WhatsApp com a confirma\u00e7\u00e3o da reserva e todas as informa\u00e7\u00f5es necess\u00e1rias para o passeio.<\/div>\t<\/div>\n<\/div>\n<\/div>[vc_empty_space height=&#8221;40px&#8221;][vc_column_text css=&#8221;&#8221;]<\/p>\n<p style=\"text-align: left;\" align=\"center\"><div class=\"icons-set\">\n\t<div class=\"row icons-set__row\">\n\t\t\t\t\t<div class=\"col-sm-6\">\n\t\t\t<div class=\"icons-set__item\">\n\t\t\t\t\t\t\t<div class=\"icons-set__item__field icons-set__item__field--fix-size\">\n\t\t\t\t<div class=\"icons-set__item__icon-wrap\"><i class=\"icons-set__item__icon td-megaphone\"><\/i><\/div>\t\t\t\t<\/div>\n\t\t\t\t\t\t\t<div class=\"icons-set__item__field\">\n\t\t\t\t<h3 class=\"icons-set__item__title\">Informa\u00e7\u00f5es adicionais<\/h3>\t\t\t\t\t<div class=\"icons-set__item__description\">\u00c9 importante ler a pol\u00edtica de cancelamento da ag\u00eancia antes de efetuar a reserva do passeio. Temos um n\u00famero m\u00ednimo e m\u00e1ximo de participantes para alguns passeios. Verifique essa informa\u00e7\u00e3o antes de efetuar a reserva.<\/div>\n\t\t\t\t<\/div>\n\t\t\t<\/div>\n\t\t<\/div>\n\t\t\t\t\t<div class=\"col-sm-6\">\n\t\t\t<div class=\"icons-set__item\">\n\t\t\t\t\t\t\t<div class=\"icons-set__item__field icons-set__item__field--fix-size\">\n\t\t\t\t<div class=\"icons-set__item__icon-wrap\"><i class=\"icons-set__item__icon td-phone-1\"><\/i><\/div>\t\t\t\t<\/div>\n\t\t\t\t\t\t\t<div class=\"icons-set__item__field\">\n\t\t\t\t<h3 class=\"icons-set__item__title\">D\u00favidas<\/h3>\t\t\t\t\t<div class=\"icons-set__item__description\">Durante todo o processo de reserva e at\u00e9 o dia do passeio, manteremos contato direto com voc\u00ea por e-mail ou WhatsApp.<br \/>\nEstamos \u00e0 disposi\u00e7\u00e3o para esclarecer d\u00favidas, fornecer informa\u00e7\u00f5es adicionais e garantir que sua experi\u00eancia seja a melhor poss\u00edvel.<\/div>\n\t\t\t\t<\/div>\n\t\t\t<\/div>\n\t\t<\/div>\n\t\t<\/div>\n<\/div><p>[\/vc_column_text][\/vc_column][\/vc_row][vc_row][vc_column]<div class=\"title title--big title--center title--underline title--decoration-bottom-center\">\n\t\t\t<div class=\"title__subtitle\">Termos e condi\u00e7\u00f5es<\/div>\n\t\t<h3 class=\"title__primary\">Pol\u00edtica de cancelamento<\/h3>\n<\/div>\n<div class=\"timeline\"><div class=\"timeline__item\">\n\t<div class=\"timeline__item__icon-wrap\">\n\t\t<div class=\"timeline__item__icon\">\n\t\t\t<div class=\"timeline__item__icon__text\">72hs<\/div>\n\t\t<\/div>\n\t<\/div>\n\t<div class=\"timeline__item__content padding-left\">\n\t\t<h3 class=\"timeline__item__title\">Cancelamento com mais de 72hs (3 dias) de anteced\u00eancia<\/h3>\t\t<div class=\"timeline__item__description\">Op\u00e7\u00e3o 1: Remarca\u00e7\u00e3o<br \/>\nVoc\u00ea pode remarcar seu passeio para outra data, dentro de um per\u00edodo de at\u00e9 6 meses.<br \/>\nSujeito \u00e0 disponibilidade de vagas na nova data escolhida.<\/div><\/div><\/div><\/div>\n<p>Op\u00e7\u00e3o 2: Reembolso<br \/>\nVoc\u00ea pode solicitar o reembolso de 90% do valor total pago na reserva.<br \/>\nO reembolso ser\u00e1 processado em at\u00e9 2 dias \u00fateis.\t\n\n<div class=\"timeline__item\">\n\t<div class=\"timeline__item__icon-wrap\">\n\t\t<div class=\"timeline__item__icon\">\n\t\t\t<div class=\"timeline__item__icon__text\">72-24<\/div>\n\t\t<\/div>\n\t<\/div>\n\t<div class=\"timeline__item__content padding-left\">\n\t\t<h3 class=\"timeline__item__title\">Cancelamento entre 72hs (3 dias) e 24hs (1 dia) de anteced\u00eancia<\/h3>\t\t<div class=\"timeline__item__description\">Remarca\u00e7\u00e3o:<br \/>\nVoc\u00ea tem o direito de remarcar seu passeio para outra data, dentro de um per\u00edodo de at\u00e9 6 meses.<br \/>\nSujeito a disponibilidade.<br \/>\nReembolso:<br \/>\nN\u00e3o haver\u00e1 reembolso do valor pago.<\/div>\t<\/div>\n<\/div>\n<div class=\"timeline__item\">\n\t<div class=\"timeline__item__icon-wrap\">\n\t\t<div class=\"timeline__item__icon\">\n\t\t\t<div class=\"timeline__item__icon__text\">24hs<\/div>\n\t\t<\/div>\n\t<\/div>\n\t<div class=\"timeline__item__content padding-left\">\n\t\t<h3 class=\"timeline__item__title\">Cancelamento com menos de 24hs de anteced\u00eancia ou n\u00e3o comparecimento<\/h3>\t\t<div class=\"timeline__item__description\">N\u00e3o haver\u00e1 reembolso ou remarca\u00e7\u00e3o para cancelamentos com menos de 24 horas de anteced\u00eancia do hor\u00e1rio de in\u00edcio do passeio, ou em casos de atraso superior a 15 minutos (n\u00e3o comparecimento). <\/div>\t<\/div>\n<\/div>\n[vc_empty_space height=&#8221;40px&#8221;][vc_column_text css=&#8221;&#8221;]<\/p>\n<p style=\"text-align: left;\" align=\"center\"><div class=\"icons-set\">\n\t<div class=\"row icons-set__row\">\n\t\t\t\t\t<div class=\"col-sm-6\">\n\t\t\t<div class=\"icons-set__item\">\n\t\t\t\t\t\t\t<div class=\"icons-set__item__field icons-set__item__field--fix-size\">\n\t\t\t\t<div class=\"icons-set__item__icon-wrap\"><i class=\"icons-set__item__icon td-megaphone\"><\/i><\/div>\t\t\t\t<\/div>\n\t\t\t\t\t\t\t<div class=\"icons-set__item__field\">\n\t\t\t\t<h3 class=\"icons-set__item__title\">Informa\u00e7\u00f5es adicionais<\/h3>\t\t\t\t\t<div class=\"icons-set__item__description\">\n<ul>\n<li data-sourcepos=\"32:1-32:72\">A contagem das horas \u00e9 feita a partir do hor\u00e1rio de in\u00edcio do passeio.<\/li>\n<li data-sourcepos=\"33:1-33:95\">Para solicitar o cancelamento ou remarca\u00e7\u00e3o, entre em contato conosco por WhatsApp ou e-mail.<\/li>\n<li data-sourcepos=\"34:1-34:169\">Em caso de cancelamento por parte da empresa causado por motivos de for\u00e7a maior (como condi\u00e7\u00f5es clim\u00e1ticas extremas ou imprevistos com equipe e carros), a Mantiqueira Ecoturismo entrar\u00e1 em contato imediatamente e oferecer\u00e1 op\u00e7\u00f5es de remarca\u00e7\u00e3o ou reembolso integral.<\/li>\n<li data-sourcepos=\"35:1-36:0\">\u00c9 importante lembrar que no caso de n\u00e3o comparecimento no hor\u00e1rio do passeio n\u00e3o haver\u00e1 nenhum tipo de reembolso.<\/li>\n<\/ul>\n<p style=\"text-align: left;\" align=\"center\"><\/p><\/div>\n\t\t\t\t<\/div>\n\t\t\t<\/div>\n\t\t<\/div>\n\t\t\t\t\t<div class=\"col-sm-6\">\n\t\t\t<div class=\"icons-set__item\">\n\t\t\t\t\t\t\t<div class=\"icons-set__item__field icons-set__item__field--fix-size\">\n\t\t\t\t<div class=\"icons-set__item__icon-wrap\"><i class=\"icons-set__item__icon td-phone-1\"><\/i><\/div>\t\t\t\t<\/div>\n\t\t\t\t\t\t\t<div class=\"icons-set__item__field\">\n\t\t\t\t<h3 class=\"icons-set__item__title\">Contato<\/h3>\t\t\t\t\t<div class=\"icons-set__item__description\">\n<p>WhatsApp: 35 99840-5248<\/p>\n<p>E-mail: contato@mantiqueiratur.com.br<\/p>\n<p style=\"text-align: left;\" align=\"center\">Esperamos que esta pol\u00edtica de cancelamento seja clara e \u00fatil. Se tiver alguma d\u00favida, entre em contato conosco!<\/p><\/div>\n\t\t\t\t<\/div>\n\t\t\t<\/div>\n\t\t<\/div>\n\t\t<\/div>\n<\/div><p>[\/vc_column_text][\/vc_column][\/vc_row]<\/p>\n<\/div>","protected":false},"excerpt":{"rendered":"<p>[vc_row][vc_column][vc_empty_space height=&#8221;40px&#8221;][vc_column_text css=&#8221;&#8221;] [\/vc_column_text][\/vc_column][\/vc_row][vc_row][vc_column][vc_empty_space height=&#8221;40px&#8221;][vc_column_text css=&#8221;&#8221;] [\/vc_column_text][\/vc_column][\/vc_row]<\/p>\n","protected":false},"author":1,"featured_media":0,"parent":20,"menu_order":0,"comment_status":"closed","ping_status":"closed","template":"","meta":{"_exactmetrics_skip_tracking":false,"_exactmetrics_sitenote_active":false,"_exactmetrics_sitenote_note":"","_exactmetrics_sitenote_category":0,"footnotes":"","_links_to":"","_links_to_target":""},"tags":[56,370,369,371,523,522,372,516,108],"class_list":["post-6405","page","type-page","status-publish","hentry","tag-agencia-de-turismo","tag-cancelamento","tag-perguntas-frequentes","tag-politica-de-cancelamento","tag-politica-de-reserva","tag-reserva","tag-reserva-de-passeio","tag-seguranca-no-turismo","tag-turismo"],"_links":{"self":[{"href":"https:\/\/www.mantiqueiratur.com.br\/site\/wp-json\/wp\/v2\/pages\/6405","targetHints":{"allow":["GET"]}}],"collection":[{"href":"https:\/\/www.mantiqueiratur.com.br\/site\/wp-json\/wp\/v2\/pages"}],"about":[{"href":"https:\/\/www.mantiqueiratur.com.br\/site\/wp-json\/wp\/v2\/types\/page"}],"author":[{"embeddable":true,"href":"https:\/\/www.mantiqueiratur.com.br\/site\/wp-json\/wp\/v2\/users\/1"}],"replies":[{"embeddable":true,"href":"https:\/\/www.mantiqueiratur.com.br\/site\/wp-json\/wp\/v2\/comments?post=6405"}],"version-history":[{"count":10,"href":"https:\/\/www.mantiqueiratur.com.br\/site\/wp-json\/wp\/v2\/pages\/6405\/revisions"}],"predecessor-version":[{"id":6467,"href":"https:\/\/www.mantiqueiratur.com.br\/site\/wp-json\/wp\/v2\/pages\/6405\/revisions\/6467"}],"up":[{"embeddable":true,"href":"https:\/\/www.mantiqueiratur.com.br\/site\/wp-json\/wp\/v2\/pages\/20"}],"wp:attachment":[{"href":"https:\/\/www.mantiqueiratur.com.br\/site\/wp-json\/wp\/v2\/media?parent=6405"}],"wp:term":[{"taxonomy":"post_tag","embeddable":true,"href":"https:\/\/www.mantiqueiratur.com.br\/site\/wp-json\/wp\/v2\/tags?post=6405"}],"curies":[{"name":"wp","href":"https:\/\/api.w.org\/{rel}","templated":true}]}}