{"id":6160,"date":"2023-01-15T18:23:29","date_gmt":"2023-01-15T21:23:29","guid":{"rendered":"https:\/\/www.mantiqueiratur.com.br\/site\/?page_id=6160"},"modified":"2023-01-16T15:55:19","modified_gmt":"2023-01-16T18:55:19","slug":"expedicoes-4x4-mantiqueira-ecoturismo","status":"publish","type":"page","link":"https:\/\/www.mantiqueiratur.com.br\/site\/expedicoes-4x4-mantiqueira-ecoturismo\/","title":{"rendered":"Expedi\u00e7\u00f5es 4&#215;4"},"content":{"rendered":"<div class=\"wpb-content-wrapper\"><p>[vc_row][vc_column][vc_empty_space height=&#8221;8px&#8221;][\/vc_column][\/vc_row][vc_row css_animation=&#8221;fadeIn&#8221; css=&#8221;.vc_custom_1673889962438{border-radius: 35px !important;}&#8221;][vc_column css_animation=&#8221;fadeIn&#8221; width=&#8221;1\/2&#8243;]<div class=\"title title--big title--center title--underline title--decoration-bottom-center\">\n\t\t\t<div class=\"title__subtitle\">Expedi\u00e7\u00e3o Luminosa<\/div>\n\t\t<h3 class=\"title__primary\"><\/h3>\n<\/div>\n[vc_single_image image=&#8221;6190&#8243; img_size=&#8221;large&#8221; alignment=&#8221;center&#8221; onclick=&#8221;custom_link&#8221; link=&#8221;https:\/\/www.mantiqueiratur.com.br\/site\/expedicao-4&#215;4-luminosa-caminho-da-fe\/&#8221;][vc_column_text]<\/p>\n<p style=\"text-align: center;\">Pilotando seu 4&#215;4 pela serra de Luminosa, parte do Caminho da F\u00e9.<\/p>\n<p>[\/vc_column_text][vc_btn title=&#8221;Informa\u00e7\u00f5es&#8221; color=&#8221;green&#8221; align=&#8221;center&#8221; i_icon_fontawesome=&#8221;far fa-hand-point-right&#8221; add_icon=&#8221;true&#8221; link=&#8221;url:https%3A%2F%2Fwww.mantiqueiratur.com.br%2Fsite%2Fexpedicao-4&#215;4-luminosa-caminho-da-fe%2F|target:_blank&#8221;][\/vc_column][vc_column width=&#8221;1\/2&#8243;]<div class=\"title title--big title--center title--underline title--decoration-bottom-center\">\n\t\t\t<div class=\"title__subtitle\">Expedi\u00e7\u00e3o Bueno Brand\u00e3o<\/div>\n\t\t<h3 class=\"title__primary\"><\/h3>\n<\/div>\n[vc_single_image image=&#8221;6189&#8243; img_size=&#8221;large&#8221; alignment=&#8221;center&#8221; onclick=&#8221;custom_link&#8221; link=&#8221;https:\/\/www.mantiqueiratur.com.br\/site\/expedicao-4&#215;4-bueno-brandao\/&#8221;][vc_column_text]<\/p>\n<p style=\"text-align: center;\">A cidade m\u00edstica da Mantiqueira. Cachoeiras, paisagens, cantos e encantos<\/p>\n<p>[\/vc_column_text][vc_btn title=&#8221;Informa\u00e7\u00f5es&#8221; color=&#8221;green&#8221; align=&#8221;center&#8221; i_icon_fontawesome=&#8221;far fa-hand-point-right&#8221; add_icon=&#8221;true&#8221; link=&#8221;url:https%3A%2F%2Fwww.mantiqueiratur.com.br%2Fsite%2Fexpedicao-4&#215;4-bueno-brandao%2F|target:_blank&#8221;][\/vc_column][\/vc_row][vc_row][vc_column width=&#8221;1\/2&#8243;]<div class=\"title title--big title--center title--underline title--decoration-bottom-center\">\n\t\t\t<div class=\"title__subtitle\">Expedi\u00e7\u00e3o Pedra Grande Atibaia<\/div>\n\t\t<h3 class=\"title__primary\"><\/h3>\n<\/div>\n[vc_single_image image=&#8221;6188&#8243; img_size=&#8221;large&#8221; alignment=&#8221;center&#8221; onclick=&#8221;custom_link&#8221; link=&#8221;https:\/\/www.mantiqueiratur.com.br\/site\/expedicao-4&#215;4-pedra-grande-atibaia\/&#8221;][vc_column_text]<\/p>\n<p style=\"text-align: center;\">Conhecer o ponto tur\u00edstico mais famosos da cidade de Atibaia-SP, na serra do Itapetinga<\/p>\n<p>[\/vc_column_text][vc_btn title=&#8221;Informa\u00e7\u00f5es&#8221; color=&#8221;green&#8221; align=&#8221;center&#8221; i_icon_fontawesome=&#8221;far fa-hand-point-right&#8221; add_icon=&#8221;true&#8221; link=&#8221;url:https%3A%2F%2Fwww.mantiqueiratur.com.br%2Fsite%2Fexpedicao-4&#215;4-pedra-grande-atibaia%2F|target:_blank&#8221;][\/vc_column][vc_column width=&#8221;1\/2&#8243;][\/vc_column][\/vc_row][vc_row][vc_column]<div class=\"social-icons social-icons--square\">\n\t<div class=\"social-icons__title\">Acompanhe-nos!<\/div>\n\t<div class=\"social-icons__icons\">\n\t<a href=\"https:\/\/www.facebook.com\/mantiqueiraecoturismo\/\" class=\"social-icons__icon social-icons__icon--facebook\"><i class=\"fa fa-facebook\"><\/i><\/a><a href=\"https:\/\/www.youtube.com\/channel\/UCfl06xbrmP3x5Z6jwTOjPNA\" class=\"social-icons__icon social-icons__icon--youtube\"><i class=\"fa fa-youtube\"><\/i><\/a><a href=\"https:\/\/www.instagram.com\/mantiqueiraecoturismo\/\" class=\"social-icons__icon social-icons__icon--instagram\"><i class=\"fa fa-instagram\"><\/i><\/a><a href=\"https:\/\/www.tripadvisor.com.br\/Attraction_Review-d3723354.html\" class=\"social-icons__icon social-icons__icon--tripadvisor\"><i class=\"fa fa-tripadvisor\"><\/i><\/a>\t<\/div>\n<\/div>\n[\/vc_column][\/vc_row]<\/p>\n<\/div>","protected":false},"excerpt":{"rendered":"<p>[vc_row][vc_column][vc_empty_space height=&#8221;8px&#8221;][\/vc_column][\/vc_row][vc_row css_animation=&#8221;fadeIn&#8221; css=&#8221;.vc_custom_1673889962438{border-radius: 35px !important;}&#8221;][vc_column css_animation=&#8221;fadeIn&#8221; width=&#8221;1\/2&#8243;][vc_single_image image=&#8221;6190&#8243; img_size=&#8221;large&#8221; alignment=&#8221;center&#8221; onclick=&#8221;custom_link&#8221; link=&#8221;https:\/\/www.mantiqueiratur.com.br\/site\/expedicao-4&#215;4-luminosa-caminho-da-fe\/&#8221;][vc_column_text] Pilotando seu 4&#215;4 pela serra de Luminosa, parte do Caminho da F\u00e9. [\/vc_column_text][vc_btn title=&#8221;Informa\u00e7\u00f5es&#8221; color=&#8221;green&#8221; align=&#8221;center&#8221; i_icon_fontawesome=&#8221;far fa-hand-point-right&#8221; add_icon=&#8221;true&#8221; link=&#8221;url:https%3A%2F%2Fwww.mantiqueiratur.com.br%2Fsite%2Fexpedicao-4&#215;4-luminosa-caminho-da-fe%2F|target:_blank&#8221;][\/vc_column][vc_column width=&#8221;1\/2&#8243;][vc_single_image image=&#8221;6189&#8243; img_size=&#8221;large&#8221; alignment=&#8221;center&#8221; onclick=&#8221;custom_link&#8221; link=&#8221;https:\/\/www.mantiqueiratur.com.br\/site\/expedicao-4&#215;4-bueno-brandao\/&#8221;][vc_column_text] A cidade m\u00edstica da Mantiqueira. Cachoeiras, paisagens, cantos e encantos [\/vc_column_text][vc_btn title=&#8221;Informa\u00e7\u00f5es&#8221; color=&#8221;green&#8221; align=&#8221;center&#8221; i_icon_fontawesome=&#8221;far fa-hand-point-right&#8221;<\/p>\n<div class=\"padding-top text-center\"><a href=\"https:\/\/www.mantiqueiratur.com.br\/site\/expedicoes-4x4-mantiqueira-ecoturismo\/\" class=\"atbtn atbtn--medium atbtn--rounded atbtn--transparent\">Leia mais<i class=\"atbtn__icon atbtn__icon--right fa fa-long-arrow-right\"><\/i><\/a><\/div>\n","protected":false},"author":1,"featured_media":0,"parent":0,"menu_order":0,"comment_status":"closed","ping_status":"closed","template":"","meta":{"_exactmetrics_skip_tracking":false,"_exactmetrics_sitenote_active":false,"_exactmetrics_sitenote_note":"","_exactmetrics_sitenote_category":0,"footnotes":"","_links_to":"","_links_to_target":""},"tags":[57,102,497,104,494,495,476,477,87,120,58,24,496,403,474],"class_list":["post-6160","page","type-page","status-publish","hentry","tag-4x4","tag-atibaia","tag-caminho-da-fe","tag-ecoturismo","tag-eventos","tag-expedicoes","tag-fauna","tag-flora","tag-mantiqueira","tag-o-que-fazer-em-goncalves","tag-off-road","tag-serra-da-mantiqueira","tag-turismo-de-montanha","tag-turismo-em-goncalves","tag-turismo-fora-de-estrada"],"_links":{"self":[{"href":"https:\/\/www.mantiqueiratur.com.br\/site\/wp-json\/wp\/v2\/pages\/6160","targetHints":{"allow":["GET"]}}],"collection":[{"href":"https:\/\/www.mantiqueiratur.com.br\/site\/wp-json\/wp\/v2\/pages"}],"about":[{"href":"https:\/\/www.mantiqueiratur.com.br\/site\/wp-json\/wp\/v2\/types\/page"}],"author":[{"embeddable":true,"href":"https:\/\/www.mantiqueiratur.com.br\/site\/wp-json\/wp\/v2\/users\/1"}],"replies":[{"embeddable":true,"href":"https:\/\/www.mantiqueiratur.com.br\/site\/wp-json\/wp\/v2\/comments?post=6160"}],"version-history":[{"count":8,"href":"https:\/\/www.mantiqueiratur.com.br\/site\/wp-json\/wp\/v2\/pages\/6160\/revisions"}],"predecessor-version":[{"id":6201,"href":"https:\/\/www.mantiqueiratur.com.br\/site\/wp-json\/wp\/v2\/pages\/6160\/revisions\/6201"}],"wp:attachment":[{"href":"https:\/\/www.mantiqueiratur.com.br\/site\/wp-json\/wp\/v2\/media?parent=6160"}],"wp:term":[{"taxonomy":"post_tag","embeddable":true,"href":"https:\/\/www.mantiqueiratur.com.br\/site\/wp-json\/wp\/v2\/tags?post=6160"}],"curies":[{"name":"wp","href":"https:\/\/api.w.org\/{rel}","templated":true}]}}