{"id":5783,"date":"2022-01-15T18:53:40","date_gmt":"2022-01-15T21:53:40","guid":{"rendered":"https:\/\/www.mantiqueiratur.com.br\/site\/?page_id=5783"},"modified":"2022-01-26T11:36:52","modified_gmt":"2022-01-26T14:36:52","slug":"ficha-inscricao-curso-manejo","status":"publish","type":"page","link":"https:\/\/www.mantiqueiratur.com.br\/site\/ficha-inscricao-curso-manejo\/","title":{"rendered":"Ficha inscri\u00e7\u00e3o curso Identifica\u00e7\u00e3o e Manejo de Animais"},"content":{"rendered":"<div class=\"wpb-content-wrapper\"><p>[vc_row][vc_column][vc_column_text]<div id=\"multi-step-form\" class=\"fw-wizard\" data-stepCount=\"1\" data-wizardid=\"4\">\n    <div class=\"fw-wizard-step-header-container\">\n        <div class=\"fw-container\" data-redirect=\"\">\n                <div class=\"fw-wizard-step-header\" data-stepId=\"0\">\n            <span class=\"msf-h2\">Dados pessoais<\/span>\n            <p class=\"fw-copytext\">Por favor, preencha os campos abaixo<\/p>\n        <\/div>\n                <\/div>\n    <\/div>\n    <div class=\"fw-progress-bar-container \">\n        <div class=\"fw-container\">\n    <div class=\"fw-progress-wrap\">\n    <ul class=\"fw-progress-bar\"\n        data-activecolor=\"#1d7071\"\n        data-donecolor=\"#43a047\"\n        data-nextcolor=\"#aaa\"\n        data-buttoncolor=\"#1d7071\">\n                <li class=\"fw-progress-step\"\n            data-id=\"0\">\n            <span class=\"fw-progress-bar-bar\"><\/span>\n            <span class=\"fw-txt-ellipsis\" data-title=\"Dados pessoais\">Dados pessoais<\/span>\n                    <\/li>\n                <\/ul>\n<\/div>\n        <\/div>\n    <\/div>\n    <div class=\"fw-wizard-step-container\">\n        <div class=\"fw-container\">\n                    <div class=\"fw-wizard-step\" data-stepId=\"0\">\n                <div class=\"fw-step-part \" data-partId=\"0\">\n\t<span class=\"fw-step-part-title \">\n\t\t\tQueremos conhec\u00ea-lo\/a melhor \ud83d\ude42\t<\/span>\n\t<div class=\"fw-clearfix\"><\/div>\n\t<div class=\"fw-step-part-body\">\n\t\t\t\t\t\t\t\t\t<div class=\"fw-step-block\" data-blockId=\"4\" data-type=\"fw-text\" data-required=\"true\">\n\t\t\t<div class=\"fw-input-container\">\n\t\t\t\t<label for=\"msf-text-nome-completo-(nome-a-ser-colocado-no-certificado)\"><span class=\"msf-h3\">Nome completo (nome a ser colocado no certificado)<\/span><\/label>\n\t\t\t\t<input type=\"text\" \n\t\t\t\t\tclass=\"fw-text-input\" \n\t\t\t\t\tid=\"msf-text-nome-completo-(nome-a-ser-colocado-no-certificado)\"\n\t\t\t\t\tdata-id=\"text\"\/>\n\t\t\t\t<span class=\"fa fa-pencil form-control-feedback\" aria-hidden=\"true\"><\/span>\n\t\t\t<\/div>\n\t\t\t<div class=\"fw-clearfix\"><\/div>\n\t\t<\/div>\n\t\t\t\t\t\t\t\t\t\t\t<div class=\"fw-step-block\" data-blockId=\"4\" data-type=\"fw-text\" data-required=\"true\">\n\t\t\t<div class=\"fw-input-container\">\n\t\t\t\t<label for=\"msf-text-cpf\"><span class=\"msf-h3\">CPF<\/span><\/label>\n\t\t\t\t<input type=\"text\" \n\t\t\t\t\tclass=\"fw-text-input\" \n\t\t\t\t\tid=\"msf-text-cpf\"\n\t\t\t\t\tdata-id=\"text\"\/>\n\t\t\t\t<span class=\"fa fa-pencil form-control-feedback\" aria-hidden=\"true\"><\/span>\n\t\t\t<\/div>\n\t\t\t<div class=\"fw-clearfix\"><\/div>\n\t\t<\/div>\n\t\t\t\t\t\t\t\t\t\t\t<div class=\"fw-step-block\" data-blockId=\"4\" data-type=\"fw-text\" data-required=\"true\">\n\t\t\t<div class=\"fw-input-container\">\n\t\t\t\t<label for=\"msf-text-data-de-nascimento\"><span class=\"msf-h3\">Data de nascimento<\/span><\/label>\n\t\t\t\t<input type=\"text\" \n\t\t\t\t\tclass=\"fw-text-input\" \n\t\t\t\t\tid=\"msf-text-data-de-nascimento\"\n\t\t\t\t\tdata-id=\"text\"\/>\n\t\t\t\t<span class=\"fa fa-pencil form-control-feedback\" aria-hidden=\"true\"><\/span>\n\t\t\t<\/div>\n\t\t\t<div class=\"fw-clearfix\"><\/div>\n\t\t<\/div>\n\t\t\t\t\t\t\t\t\t\t\t<div class=\"fw-step-block\" data-blockId=\"4\" data-type=\"fw-text\" data-required=\"true\">\n\t\t\t<div class=\"fw-input-container\">\n\t\t\t\t<label for=\"msf-text-n\u00famero-de-telefone\/whatsapp\"><span class=\"msf-h3\">N\u00famero de telefone\/Whatsapp<\/span><\/label>\n\t\t\t\t<input type=\"text\" \n\t\t\t\t\tclass=\"fw-text-input\" \n\t\t\t\t\tid=\"msf-text-n\u00famero-de-telefone\/whatsapp\"\n\t\t\t\t\tdata-id=\"text\"\/>\n\t\t\t\t<span class=\"fa fa-pencil form-control-feedback\" aria-hidden=\"true\"><\/span>\n\t\t\t<\/div>\n\t\t\t<div class=\"fw-clearfix\"><\/div>\n\t\t<\/div>\n\t\t\t\t\t\t\t\t\t\t\t<div class=\"fw-step-block\" data-blockId=\"4\" data-type=\"fw-email\" data-required=\"true\">\n\t\t\t<div class=\"fw-input-container\">\n\t\t\t\t<label for=\"msf-mail-e-mail\"><span class=\"msf-h3\">E-mail<\/span><\/label>\n\t\t\t\t<input type=\"text\" id=\"msf-mail-e-mail\"  class=\"fw-text-input one\" data-id=\"email\"\/>\n\t\t\t\t<span class=\"fa fa-envelope form-control-feedback\" aria-hidden=\"true\"><\/span>\n\t\t\t<\/div>\n\t\t\t\t\t\t<div class=\"fw-clearfix\"><\/div>\n\t\t<\/div>\n\t  \t\t\t\t\t\t\t\t   <div class=\"fw-step-block\"\n\t         data-blockId=\"4\"\n\t         data-type=\"fw-select\"\n\t         data-required=\"true\">\n\t\n\t        <label id=\"msf-select-label-forma-de-pagamento\">\n\t\t\t<span class=\"msf-h3\">Forma de pagamento<\/span> \n\t        <\/label>\n\t\n\t        <select class=\"fw-select\"\n\t                id=\"msf-select-forma-de-pagamento\"\n\t                name=\"fw-4-0-0-5\"\n\t                required\t                data-search=\"false\"\n\t                data-placeholder=\"SELECIONE\">\n\t\n\t            <option value=\"\">\n\t                SELECIONE\t            <\/option>\n\t            \t            <option id=\"fw-4-0-0-5-0\" value=\"PIX \u00e0 vista com desconto\">\n\t                PIX \u00e0 vista com desconto\t            <\/option>\n\t            \t            <option id=\"fw-4-0-0-5-1\" value=\"Cart\u00e3o de cr\u00e9dito \u00e0 vista ou parcelado em at\u00e9 2x\">\n\t                Cart\u00e3o de cr\u00e9dito \u00e0 vista ou parcelado em at\u00e9 2x\t            <\/option>\n\t            \t        <\/select>\n\t    <\/div>\n\t    \t\t\t\t\t\t\t\t\t<div class=\"fw-step-block\" data-blockId=\"4\" data-type=\"fw-paragraph\">\n\t\t\t<div class=\"fw-paragraph-container\">\n\t\t\t\tTermo de responsabilidade. Declaro que todas as informa\u00e7\u00f5es presentes nesta ficha s\u00e3o verdadeiras e responsabilizo-me por quaisquer danos f\u00edsicos ou morais que eu venha a sofrer decorrentes de informa\u00e7\u00f5es incorretas ou omissas de minha parte. Declaro ainda que me encontro em condi\u00e7\u00f5es boas de sa\u00fade, n\u00e3o tendo nada que me contra \u2013 indique para a pr\u00e1tica da(s) atividade(s) e que tenho pleno conhecimento de que essa possa exigir de esfor\u00e7o mental e que tamb\u00e9m sanei todas as d\u00favidas que tinha sobre a mesma, inclusive sobre os seus riscos. Comprometo-me tamb\u00e9m a tomar o m\u00e1ximo de cuidados e a concentrar toda a minha aten\u00e7\u00e3o na pr\u00e1tica e tamb\u00e9m sempre seguir todas as orienta\u00e7\u00f5es da equipe t\u00e9cnica, visando com isso preservar a minha seguran\u00e7a e a do grupo e evitar quaisquer acidentes que porventura possam ocorrer. Havendo algum acidente, autorizo a equipe Mantiqueira Ecoturismo e Didelphis Ambiental proceder com o atendimento pr\u00e9-hospitalar e as a\u00e7\u00f5es necess\u00e1rias para o meu socorro e de meus familiares. Desta forma, isento as empresas acima citadas de quaisquer responsabilidades por atos de imprud\u00eancia de minha parte ou de n\u00e3o observ\u00e2ncia das orienta\u00e7\u00f5es que me forem repassadas pela equipe t\u00e9cnica antes e durante a realiza\u00e7\u00e3o da(s) atividade(s); ao mesmo tempo, concordo com as altera\u00e7\u00f5es que se fa\u00e7am necess\u00e1rias decorrentes de outros eventos que impe\u00e7am ou coloquem risco a atividade contratada e autorizo que essa seja cancelada em caso de descumprimento das orienta\u00e7\u00f5es e tamb\u00e9m de atos que coloquem risco de acidentes por parte do participante.\t\t\t<\/div>\n\t\t\t<div class=\"fw-clearfix\"><\/div>\n\t\t<\/div>\n\t\t\t\t\t\t\t\t\t\t\t<div class=\"fw-step-block\" data-blockId=\"4\" data-type=\"fw-text\" data-required=\"true\">\n\t\t\t<div class=\"fw-input-container\">\n\t\t\t\t<label for=\"msf-text-voc\u00ea-aceita-esses-termos?\"><span class=\"msf-h3\">Voc\u00ea aceita esses termos?<\/span><\/label>\n\t\t\t\t<input type=\"text\" \n\t\t\t\t\tclass=\"fw-text-input\" \n\t\t\t\t\tid=\"msf-text-voc\u00ea-aceita-esses-termos?\"\n\t\t\t\t\tdata-id=\"text\"\/>\n\t\t\t\t<span class=\"fa fa-pencil form-control-feedback\" aria-hidden=\"true\"><\/span>\n\t\t\t<\/div>\n\t\t\t<div class=\"fw-clearfix\"><\/div>\n\t\t<\/div>\n\t\t\t\t\t\t<\/div>\n<\/div>\n\t\t\t                        <div class=\"fw-summary-container\">\n                            <button type=\"button\" class=\"fw-toggle-summary\">MOSTRAR RESUMO<\/button>\n                            <div id=\"wizard-summary\" class=\"fw-wizard-summary\" style=\"display:none;\" data-showsummary=\"on\">\n                            <div class=\"fw-summary-alert\">Alguns campos obrigat\u00f3rios est\u00e3o vazios<br \/>Verifique os campos assinalados.<\/div>\n                            <\/div>\n                        <\/div>\n                                            <button type=\"button\" class=\"fw-btn-submit\">Enviar<\/button>\n                                <div class=\"fw-clearfix\"><\/div>\n            <\/div>\n                    <\/div>\n    <\/div>\n        <div class=\"fw-alert-user\" style=\"display:none;\"><\/div>\n<\/div>\n[\/vc_column_text][\/vc_column][\/vc_row][vc_row][vc_column width=&#8221;1\/2&#8243;]<div class=\"social-icons social-icons--square\">\n\t<div class=\"social-icons__title\">Siga-nos<\/div>\n\t<div class=\"social-icons__icons\">\n\t<a href=\"https:\/\/www.facebook.com\/mantiqueiraecoturismo\/\" class=\"social-icons__icon social-icons__icon--facebook\"><i class=\"fa fa-facebook\"><\/i><\/a><a href=\"https:\/\/www.youtube.com\/channel\/UCfl06xbrmP3x5Z6jwTOjPNA\" class=\"social-icons__icon social-icons__icon--youtube\"><i class=\"fa fa-youtube\"><\/i><\/a><a href=\"https:\/\/www.instagram.com\/mantiqueiraecoturismo\" class=\"social-icons__icon social-icons__icon--instagram\"><i class=\"fa fa-instagram\"><\/i><\/a><a href=\"https:\/\/www.tripadvisor.com.br\/Attraction_Review-d3723354.html\" class=\"social-icons__icon social-icons__icon--tripadvisor\"><i class=\"fa fa-tripadvisor\"><\/i><\/a>\t<\/div>\n<\/div>\n[\/vc_column][vc_column width=&#8221;1\/2&#8243;][vc_single_image image=&#8221;3775&#8243; alignment=&#8221;right&#8221; title=&#8221;Muito obrigado pelas informa\u00e7\u00f5es :)&#8221;][\/vc_column][\/vc_row]<\/p>\n<\/div>","protected":false},"excerpt":{"rendered":"<p>[vc_row][vc_column][vc_column_text][\/vc_column_text][\/vc_column][\/vc_row][vc_row][vc_column width=&#8221;1\/2&#8243;][\/vc_column][vc_column width=&#8221;1\/2&#8243;][vc_single_image image=&#8221;3775&#8243; alignment=&#8221;right&#8221; title=&#8221;Muito obrigado pelas informa\u00e7\u00f5es :)&#8221;][\/vc_column][\/vc_row]<\/p>\n","protected":false},"author":1,"featured_media":0,"parent":0,"menu_order":0,"comment_status":"closed","ping_status":"closed","template":"","meta":{"_exactmetrics_skip_tracking":false,"_exactmetrics_sitenote_active":false,"_exactmetrics_sitenote_note":"","_exactmetrics_sitenote_category":0,"footnotes":"","_links_to":"","_links_to_target":""},"tags":[],"class_list":["post-5783","page","type-page","status-publish","hentry"],"_links":{"self":[{"href":"https:\/\/www.mantiqueiratur.com.br\/site\/wp-json\/wp\/v2\/pages\/5783","targetHints":{"allow":["GET"]}}],"collection":[{"href":"https:\/\/www.mantiqueiratur.com.br\/site\/wp-json\/wp\/v2\/pages"}],"about":[{"href":"https:\/\/www.mantiqueiratur.com.br\/site\/wp-json\/wp\/v2\/types\/page"}],"author":[{"embeddable":true,"href":"https:\/\/www.mantiqueiratur.com.br\/site\/wp-json\/wp\/v2\/users\/1"}],"replies":[{"embeddable":true,"href":"https:\/\/www.mantiqueiratur.com.br\/site\/wp-json\/wp\/v2\/comments?post=5783"}],"version-history":[{"count":3,"href":"https:\/\/www.mantiqueiratur.com.br\/site\/wp-json\/wp\/v2\/pages\/5783\/revisions"}],"predecessor-version":[{"id":6040,"href":"https:\/\/www.mantiqueiratur.com.br\/site\/wp-json\/wp\/v2\/pages\/5783\/revisions\/6040"}],"wp:attachment":[{"href":"https:\/\/www.mantiqueiratur.com.br\/site\/wp-json\/wp\/v2\/media?parent=5783"}],"wp:term":[{"taxonomy":"post_tag","embeddable":true,"href":"https:\/\/www.mantiqueiratur.com.br\/site\/wp-json\/wp\/v2\/tags?post=5783"}],"curies":[{"name":"wp","href":"https:\/\/api.w.org\/{rel}","templated":true}]}}