{"id":5538,"date":"2020-12-11T11:10:15","date_gmt":"2020-12-11T14:10:15","guid":{"rendered":"https:\/\/www.mantiqueiratur.com.br\/site\/?page_id=5538"},"modified":"2022-05-11T09:37:40","modified_gmt":"2022-05-11T12:37:40","slug":"consultoria-ambiental","status":"publish","type":"page","link":"https:\/\/www.mantiqueiratur.com.br\/site\/consultoria-ambiental\/","title":{"rendered":"Consultoria Ambiental"},"content":{"rendered":"<div class=\"wpb-content-wrapper\"><p>[vc_row][vc_column][vc_empty_space height=&#8221;40px&#8221;][\/vc_column][\/vc_row][vc_row][vc_column width=&#8221;1\/3&#8243;]<div class=\"title title--big title--center title--underline title--decoration-bottom-center\">\n\t\t\t<div class=\"title__subtitle\">Laudos e visitas t\u00e9cnicas<\/div>\n\t\t<h3 class=\"title__primary\"><\/h3>\n<\/div>\n[vc_hoverbox image=&#8221;5547&#8243; primary_title=&#8221;&#8221; hover_title=&#8221;&#8221; hover_background_color=&#8221;custom&#8221; hover_btn_title=&#8221;Contato&#8221; hover_btn_color=&#8221;sky&#8221; hover_btn_i_icon_fontawesome=&#8221;fa fa-phone&#8221; hover_add_button=&#8221;true&#8221; hover_btn_add_icon=&#8221;true&#8221; hover_btn_link=&#8221;url:https%3A%2F%2Fwww.mantiqueiratur.com.br%2Fsite%2Fcontato%2F|title:Contato%20%7C%20Mantiqueira%20Ecoturismo%20em%20Gon%C3%A7alves%20MG|target:%20_blank|&#8221; hover_custom_background=&#8221;#e0e0e0&#8243;]Para convivermos em harmonia com o meio ambiente, \u00e9 necess\u00e1rio conhecermos o local onde estamos, e para isso a contrata\u00e7\u00e3o de um profissional \u00e9 imprescind\u00edvel.<\/p>\n<p>Com visitas t\u00e9cnicas e laudos espec\u00edficos de flora, fauna e at\u00e9 mesmo do local como um todo, podemos ter uma vis\u00e3o ampla de onde estamos inseridos e como minimizar ao m\u00e1ximo nosso impacto no local.<\/p>\n<p>Conhecer \u00e9 o primeiro passo para preservar.<\/p>\n<ul>\n<li>Laudos e diagn\u00f3sticos fitossanit\u00e1rios (sa\u00fade de plantas)<\/li>\n<li>Avalia\u00e7\u00e3o ecol\u00f3gica (levantamento de fauna e flora)<\/li>\n<li>Avalia\u00e7\u00e3o ambiental de im\u00f3veis<\/li>\n<\/ul>\n<p>[\/vc_hoverbox][\/vc_column][vc_column width=&#8221;1\/3&#8243;]<div class=\"title title--big title--center title--underline title--decoration-bottom-center\">\n\t\t\t<div class=\"title__subtitle\">Projetos sustent\u00e1veis<\/div>\n\t\t<h3 class=\"title__primary\"><\/h3>\n<\/div>\n[vc_hoverbox image=&#8221;5563&#8243; primary_title=&#8221;&#8221; hover_title=&#8221;&#8221; hover_background_color=&#8221;custom&#8221; hover_btn_title=&#8221;Contato&#8221; hover_btn_color=&#8221;sky&#8221; hover_btn_i_icon_fontawesome=&#8221;fa fa-phone&#8221; hover_add_button=&#8221;true&#8221; hover_btn_add_icon=&#8221;true&#8221; hover_btn_link=&#8221;url:https%3A%2F%2Fwww.mantiqueiratur.com.br%2Fsite%2Fcontato%2F|title:Contato%20%7C%20Mantiqueira%20Ecoturismo%20em%20Gon%C3%A7alves%20MG|target:%20_blank|&#8221; hover_custom_background=&#8221;#e0e0e0&#8243;]O principal objetivo de um projeto sustent\u00e1vel \u00e9 a redu\u00e7\u00e3o de nossa pegada ecol\u00f3gica, ou seja, diminuir ao m\u00e1ximo nosso impacto no meio ambiente, levando em conta os res\u00edduos, tra\u00e7os e interfer\u00eancias que deixamos e fazemos no meio que habitamos.<\/p>\n<p>&nbsp;<\/p>\n<p>Com projetos sustent\u00e1veis, pensados de forma personalizada a todos que nos contatem, minimizamos o nosso impacto no meio ambiente. Alguns dos projetos:<\/p>\n<p>&nbsp;<\/p>\n<ul>\n<li>Sistemas de tratamento de \u00e1gua<\/li>\n<li>Sistemas de esgoto<\/li>\n<\/ul>\n<p>[\/vc_hoverbox][\/vc_column][vc_column width=&#8221;1\/3&#8243;]<div class=\"title title--big title--center title--underline title--decoration-bottom-center\">\n\t\t\t<div class=\"title__subtitle\">Restaura\u00e7\u00e3o ecol\u00f3gica<\/div>\n\t\t<h3 class=\"title__primary\"><\/h3>\n<\/div>\n[vc_hoverbox image=&#8221;4618&#8243; primary_title=&#8221;&#8221; hover_title=&#8221;&#8221; hover_background_color=&#8221;custom&#8221; hover_btn_title=&#8221;Contato&#8221; hover_btn_color=&#8221;sky&#8221; hover_btn_i_icon_fontawesome=&#8221;fa fa-phone&#8221; hover_add_button=&#8221;true&#8221; hover_btn_add_icon=&#8221;true&#8221; hover_btn_link=&#8221;url:https%3A%2F%2Fwww.mantiqueiratur.com.br%2Fsite%2Fcontato%2F|title:Contato%20%7C%20Mantiqueira%20Ecoturismo%20em%20Gon%C3%A7alves%20MG|target:%20_blank|&#8221; hover_custom_background=&#8221;#e0e0e0&#8243;]Infelizmente temos muitos locais que a depreda\u00e7\u00e3o da natureza s\u00f3 aumenta e pensando nisso, uma das vertentes de nosso trabalho \u00e9 a restaura\u00e7\u00e3o ecol\u00f3gica de locais que est\u00e3o degradados e desmatados.<\/p>\n<p>Com o intuito de fortalecer e aumentar a cobertura verde de nosso planeta, a recupera\u00e7\u00e3o de ambientes degradados \u00e9 a chave para garantir uma qualidade de vida melhor para os humanos, e dessa forma preservas nossa \u00e1gua, fauna e flora.<\/p>\n<p>Trabalhamos com t\u00e9cnicas de nuclea\u00e7\u00e3o, restaura\u00e7\u00e3o ecol\u00f3gica por a\u00e7\u00e3o da fauna, projetos de pomares nativos e ecol\u00f3gicos, dentre outros.[\/vc_hoverbox][\/vc_column][\/vc_row][vc_row][vc_column][vc_empty_space height=&#8221;40px&#8221;][\/vc_column][\/vc_row]<\/p>\n<\/div>","protected":false},"excerpt":{"rendered":"<p>[vc_row][vc_column][vc_empty_space height=&#8221;40px&#8221;][\/vc_column][\/vc_row][vc_row][vc_column width=&#8221;1\/3&#8243;][vc_hoverbox image=&#8221;5547&#8243; primary_title=&#8221;&#8221; hover_title=&#8221;&#8221; hover_background_color=&#8221;custom&#8221; hover_btn_title=&#8221;Contato&#8221; hover_btn_color=&#8221;sky&#8221; hover_btn_i_icon_fontawesome=&#8221;fa fa-phone&#8221; hover_add_button=&#8221;true&#8221; hover_btn_add_icon=&#8221;true&#8221; hover_btn_link=&#8221;url:https%3A%2F%2Fwww.mantiqueiratur.com.br%2Fsite%2Fcontato%2F|title:Contato%20%7C%20Mantiqueira%20Ecoturismo%20em%20Gon%C3%A7alves%20MG|target:%20_blank|&#8221; hover_custom_background=&#8221;#e0e0e0&#8243;]Para convivermos em harmonia com o meio ambiente, \u00e9 necess\u00e1rio conhecermos o local onde estamos, e para isso a contrata\u00e7\u00e3o de um profissional \u00e9 imprescind\u00edvel. Com visitas t\u00e9cnicas e laudos espec\u00edficos de flora, fauna e at\u00e9 mesmo do local como um<\/p>\n<div class=\"padding-top text-center\"><a href=\"https:\/\/www.mantiqueiratur.com.br\/site\/consultoria-ambiental\/\" class=\"atbtn atbtn--medium atbtn--rounded atbtn--transparent\">Leia mais<i class=\"atbtn__icon atbtn__icon--right fa fa-long-arrow-right\"><\/i><\/a><\/div>\n","protected":false},"author":1,"featured_media":0,"parent":0,"menu_order":0,"comment_status":"closed","ping_status":"closed","template":"","meta":{"_exactmetrics_skip_tracking":false,"_exactmetrics_sitenote_active":false,"_exactmetrics_sitenote_note":"","_exactmetrics_sitenote_category":0,"footnotes":"","_links_to":"","_links_to_target":""},"tags":[423,424,422,25,425,426,120,403],"class_list":["post-5538","page","type-page","status-publish","hentry","tag-ambiental","tag-consultoria","tag-consultoria-ambiental","tag-goncalves-mg","tag-meio-ambiente","tag-minas-gerais","tag-o-que-fazer-em-goncalves","tag-turismo-em-goncalves"],"_links":{"self":[{"href":"https:\/\/www.mantiqueiratur.com.br\/site\/wp-json\/wp\/v2\/pages\/5538","targetHints":{"allow":["GET"]}}],"collection":[{"href":"https:\/\/www.mantiqueiratur.com.br\/site\/wp-json\/wp\/v2\/pages"}],"about":[{"href":"https:\/\/www.mantiqueiratur.com.br\/site\/wp-json\/wp\/v2\/types\/page"}],"author":[{"embeddable":true,"href":"https:\/\/www.mantiqueiratur.com.br\/site\/wp-json\/wp\/v2\/users\/1"}],"replies":[{"embeddable":true,"href":"https:\/\/www.mantiqueiratur.com.br\/site\/wp-json\/wp\/v2\/comments?post=5538"}],"version-history":[{"count":10,"href":"https:\/\/www.mantiqueiratur.com.br\/site\/wp-json\/wp\/v2\/pages\/5538\/revisions"}],"predecessor-version":[{"id":5642,"href":"https:\/\/www.mantiqueiratur.com.br\/site\/wp-json\/wp\/v2\/pages\/5538\/revisions\/5642"}],"wp:attachment":[{"href":"https:\/\/www.mantiqueiratur.com.br\/site\/wp-json\/wp\/v2\/media?parent=5538"}],"wp:term":[{"taxonomy":"post_tag","embeddable":true,"href":"https:\/\/www.mantiqueiratur.com.br\/site\/wp-json\/wp\/v2\/tags?post=5538"}],"curies":[{"name":"wp","href":"https:\/\/api.w.org\/{rel}","templated":true}]}}