{"id":4970,"date":"2020-07-21T15:35:43","date_gmt":"2020-07-21T18:35:43","guid":{"rendered":"https:\/\/www.mantiqueiratur.com.br\/site\/?page_id=4970"},"modified":"2025-03-04T11:59:47","modified_gmt":"2025-03-04T14:59:47","slug":"seguranca","status":"publish","type":"page","link":"https:\/\/www.mantiqueiratur.com.br\/site\/seguranca\/","title":{"rendered":"Seguran\u00e7a"},"content":{"rendered":"<div class=\"wpb-content-wrapper\"><p>[vc_row][vc_column]<div class=\"title title--big title--center title--decoration-bottom-center\">\n\t\t<h3 class=\"title__primary\">Procedimentos de seguran\u00e7a<\/h3>\n<\/div>\n<div class=\"icons-set\">\n\t<div class=\"row icons-set__row\">\n\t\t\t\t\t<div class=\"col-sm-6\">\n\t\t\t<div class=\"icons-set__item\">\n\t\t\t\t\t\t\t<div class=\"icons-set__item__field icons-set__item__field--fix-size\">\n\t\t\t\t<div class=\"icons-set__item__icon-wrap\"><a href=\"https:\/\/www.mantiqueiratur.com.br\/site\/equipe-goncalves-mg\/\" target=\"blank\"><i class=\"icons-set__item__icon fa fa-user\"><\/i><\/a><\/div>\t\t\t\t<\/div>\n\t\t\t\t\t\t\t<div class=\"icons-set__item__field\">\n\t\t\t\t<h3 class=\"icons-set__item__title\"><a href=\"https:\/\/www.mantiqueiratur.com.br\/site\/equipe-goncalves-mg\/\" target=\"blank\">Equipe<\/a><\/h3>\t\t\t\t\t<div class=\"icons-set__item__description\">Nossa equipe possui alta qualifica\u00e7\u00e3o e treinamentos em primeiros socorros. Com diversos cursos no curr\u00edculo, os condutores de todas as atividades tem autonomia e capacita\u00e7\u00e3o para atender as intercorr\u00eancias que podem surgir.<br \/>\nAs capacita\u00e7\u00f5es e cursos s\u00e3o feitos periodicamente, mantendo todos os conhecimentos atualizados.<br \/>\nClique no \u00edcone para saber mais.<br \/>\n<\/div>\n\t\t\t\t<\/div>\n\t\t\t<\/div>\n\t\t<\/div>\n\t\t\t\t\t<div class=\"col-sm-6\">\n\t\t\t<div class=\"icons-set__item\">\n\t\t\t\t\t\t\t<div class=\"icons-set__item__field icons-set__item__field--fix-size\">\n\t\t\t\t<div class=\"icons-set__item__icon-wrap\"><a href=\"https:\/\/drive.google.com\/drive\/folders\/1rMnZlh9WeX7vBFd1gTkBEyrZbCzm3B2h?usp=sharing\" target=\"blank\"><i class=\"icons-set__item__icon td-cross\"><\/i><\/a><\/div>\t\t\t\t<\/div>\n\t\t\t\t\t\t\t<div class=\"icons-set__item__field\">\n\t\t\t\t<h3 class=\"icons-set__item__title\"><a href=\"https:\/\/drive.google.com\/drive\/folders\/1rMnZlh9WeX7vBFd1gTkBEyrZbCzm3B2h?usp=sharing\" target=\"blank\">Sistema de Gest\u00e3o de Seguran\u00e7a<\/a><\/h3>\t\t\t\t\t<div class=\"icons-set__item__description\">Todas nossas atividades possuem o Sistema de Gest\u00e3o de Seguran\u00e7a implementado e atualizado.<\/div><\/div><\/div><\/div><\/div><\/div>\n<p>Clique no t\u00edtulo e tenha acesso a toda documenta\u00e7\u00e3o do sistema de gest\u00e3o de seguran\u00e7a (invent\u00e1rio de riscos, plano de emerg\u00eancia e termo de conhecimento de riscos)\n\t\t\t\t\n\t\t\t\n\t\t\n\t\t\t<div class=\"row icons-set__row\">\t\t<div class=\"col-sm-6\">\n\t\t\t<div class=\"icons-set__item\">\n\t\t\t\t\t\t\t<div class=\"icons-set__item__field icons-set__item__field--fix-size\">\n\t\t\t\t<div class=\"icons-set__item__icon-wrap\"><i class=\"icons-set__item__icon td-signpost-2\"><\/i><\/div>\t\t\t\t<\/div>\n\t\t\t\t\t\t\t<div class=\"icons-set__item__field\">\n\t\t\t\t<h3 class=\"icons-set__item__title\">Atividades<\/h3>\t\t\t\t\t<div class=\"icons-set__item__description\">Todas as atividades passaram por um longo processo de roteiriza\u00e7\u00e3o, avalia\u00e7\u00e3o e invent\u00e1rio de riscos. Foram elencados os principais pontos de preocupa\u00e7\u00e3o e tomadas as devidas provid\u00eancias para minimiza\u00e7\u00e3o de riscos nas opera\u00e7\u00f5es.<br \/>\nTodos os circuitos s\u00e3o vistoriados no in\u00edcio de toda temporada, diminuindo assim as chances de imprevistos pelo caminho.<\/div>\n\t\t\t\t<\/div>\n\t\t\t<\/div>\n\t\t<\/div>\n\t\t\t\t\t<div class=\"col-sm-6\">\n\t\t\t<div class=\"icons-set__item\">\n\t\t\t\t\t\t\t<div class=\"icons-set__item__field icons-set__item__field--fix-size\">\n\t\t\t\t<div class=\"icons-set__item__icon-wrap\"><i class=\"icons-set__item__icon td-compass\"><\/i><\/div>\t\t\t\t<\/div>\n\t\t\t\t\t\t\t<div class=\"icons-set__item__field\">\n\t\t\t\t<h3 class=\"icons-set__item__title\">Equipamentos<\/h3>\t\t\t\t\t<div class=\"icons-set__item__description\">Para minimizar os riscos existentes nas atividades, dispomos de equipamentos espec\u00edficos para intercorr\u00eancias.<br \/>\nAl\u00e9m dos equipamentos de preven\u00e7\u00e3o, como perneiras e bast\u00e3o de caminhadas, temos tamb\u00e9m os equipamentos de primeiros socorros que todos os guias levam consigo durante as atividades, com um kit completo que disp\u00f5e at\u00e9 de colares cervicais.<br \/>\nE ainda temos ve\u00edculos com equipamentos especiais para qualquer intercorr\u00eancia no caminho.<\/div>\n\t\t\t\t<\/div>\n\t\t\t<\/div>\n\t\t<\/div>\n\t\t<\/div>\n\n[\/vc_column][vc_column][\/vc_column][\/vc_row]<\/p>\n<\/div>","protected":false},"excerpt":{"rendered":"<p>[vc_row][vc_column][\/vc_column][vc_column][\/vc_column][\/vc_row]<\/p>\n","protected":false},"author":1,"featured_media":0,"parent":0,"menu_order":0,"comment_status":"closed","ping_status":"open","template":"","meta":{"_exactmetrics_skip_tracking":false,"_exactmetrics_sitenote_active":false,"_exactmetrics_sitenote_note":"","_exactmetrics_sitenote_category":0,"footnotes":"","_links_to":"","_links_to_target":""},"tags":[515,120,517,394,353,516,514,512,403,513],"class_list":["post-4970","page","type-page","status-publish","hentry","tag-ferias-vivas","tag-o-que-fazer-em-goncalves","tag-passeio-com-seguranca","tag-passeios","tag-seguranca","tag-seguranca-no-turismo","tag-sgs","tag-sistema-de-gestao-de-seguranca","tag-turismo-em-goncalves","tag-turismo-seguro"],"_links":{"self":[{"href":"https:\/\/www.mantiqueiratur.com.br\/site\/wp-json\/wp\/v2\/pages\/4970","targetHints":{"allow":["GET"]}}],"collection":[{"href":"https:\/\/www.mantiqueiratur.com.br\/site\/wp-json\/wp\/v2\/pages"}],"about":[{"href":"https:\/\/www.mantiqueiratur.com.br\/site\/wp-json\/wp\/v2\/types\/page"}],"author":[{"embeddable":true,"href":"https:\/\/www.mantiqueiratur.com.br\/site\/wp-json\/wp\/v2\/users\/1"}],"replies":[{"embeddable":true,"href":"https:\/\/www.mantiqueiratur.com.br\/site\/wp-json\/wp\/v2\/comments?post=4970"}],"version-history":[{"count":10,"href":"https:\/\/www.mantiqueiratur.com.br\/site\/wp-json\/wp\/v2\/pages\/4970\/revisions"}],"predecessor-version":[{"id":5800,"href":"https:\/\/www.mantiqueiratur.com.br\/site\/wp-json\/wp\/v2\/pages\/4970\/revisions\/5800"}],"wp:attachment":[{"href":"https:\/\/www.mantiqueiratur.com.br\/site\/wp-json\/wp\/v2\/media?parent=4970"}],"wp:term":[{"taxonomy":"post_tag","embeddable":true,"href":"https:\/\/www.mantiqueiratur.com.br\/site\/wp-json\/wp\/v2\/tags?post=4970"}],"curies":[{"name":"wp","href":"https:\/\/api.w.org\/{rel}","templated":true}]}}