{"id":4885,"date":"2020-07-19T09:29:59","date_gmt":"2020-07-19T12:29:59","guid":{"rendered":"https:\/\/www.mantiqueiratur.com.br\/site\/?page_id=4885"},"modified":"2025-05-10T15:30:22","modified_gmt":"2025-05-10T18:30:22","slug":"cursos-mantiqueira-ecoturismo","status":"publish","type":"page","link":"https:\/\/www.mantiqueiratur.com.br\/site\/cursos-mantiqueira-ecoturismo\/","title":{"rendered":"Cursos Mantiqueira Ecoturismo"},"content":{"rendered":"<div class=\"wpb-content-wrapper\"><p>[vc_row][vc_column]<div class=\"title title--big title--center title--underline title--decoration-bottom-center\">\n\t\t\t<div class=\"title__subtitle\">Conhecimento se compartilha<\/div>\n\t\t<h3 class=\"title__primary\"><\/h3>\n<\/div>\n[\/vc_column][\/vc_row][vc_row][vc_column width=&#8221;1\/2&#8243;][vc_single_image image=&#8221;6367&#8243; img_size=&#8221;medium&#8221; alignment=&#8221;center&#8221; onclick=&#8221;custom_link&#8221; css=&#8221;&#8221; title=&#8221;Primeiros Socorros&#8221; link=&#8221;https:\/\/www.mantiqueiratur.com.br\/site\/curso-de-primeiros-socorros\/&#8221;][vc_column_text]<\/p>\n<p style=\"text-align: center;\">Primeiros socorros e suporte b\u00e1sico \u00e0 vida<\/p>\n<p>[\/vc_column_text][vc_btn title=&#8221;Saiba mais!&#8221; color=&#8221;green&#8221; align=&#8221;center&#8221; i_icon_fontawesome=&#8221;fas fa-first-aid&#8221; add_icon=&#8221;true&#8221; link=&#8221;url:https%3A%2F%2Fwww.mantiqueiratur.com.br%2Fsite%2Fcurso-de-primeiros-socorros%2F|title:Curso%20de%20primeiros%20socorros|target:_blank&#8221;][\/vc_column][vc_column width=&#8221;1\/2&#8243;][vc_single_image image=&#8221;6284&#8243; img_size=&#8221;medium&#8221; alignment=&#8221;center&#8221; onclick=&#8221;custom_link&#8221; css=&#8221;&#8221; title=&#8221;L\u00edderes para Turismo de Aventura&#8221; link=&#8221;https:\/\/www.mantiqueiratur.com.br\/site\/curso-de-competencias-minimas-do-condutor&#8221;][vc_column_text]<\/p>\n<p style=\"text-align: center;\">Curso baseado na norma t\u00e9cnica ABNT NBR ISO 21102<\/p>\n<p>[\/vc_column_text][vc_btn title=&#8221;Saiba mais!&#8221; color=&#8221;green&#8221; align=&#8221;center&#8221; i_icon_fontawesome=&#8221;fas fa-mountain&#8221; add_icon=&#8221;true&#8221; link=&#8221;url:https%3A%2F%2Fwww.mantiqueiratur.com.br%2Fsite%2Fcurso-de-competencias-minimas-do-condutor||target:%20_blank|&#8221;][\/vc_column][\/vc_row][vc_row][vc_column width=&#8221;1\/2&#8243;][vc_single_image image=&#8221;6368&#8243; img_size=&#8221;medium&#8221; alignment=&#8221;center&#8221; onclick=&#8221;custom_link&#8221; css=&#8221;&#8221; title=&#8221;Orienta\u00e7\u00e3o e navega\u00e7\u00e3o&#8221; link=&#8221;https:\/\/www.mantiqueiratur.com.br\/site\/curso-orientacao-e-navegacao\/&#8221;][vc_column_text]<\/p>\n<p style=\"text-align: center;\">&#8220;Se ache&#8221; nesse mund\u00e3o!<\/p>\n<p>[\/vc_column_text][vc_btn title=&#8221;Saiba mais!&#8221; color=&#8221;green&#8221; align=&#8221;center&#8221; i_icon_fontawesome=&#8221;&#8221; add_icon=&#8221;true&#8221; link=&#8221;url:https%3A%2F%2Fwww.mantiqueiratur.com.br%2Fsite%2Fcurso-orientacao-e-navegacao%2F|title:Curso%20de%20orienta%C3%A7%C3%A3o%20e%20navega%C3%A7%C3%A3o|target:_blank&#8221;][\/vc_column][vc_column width=&#8221;1\/2&#8243;][vc_single_image image=&#8221;6353&#8243; img_size=&#8221;medium&#8221; alignment=&#8221;center&#8221; onclick=&#8221;custom_link&#8221; title=&#8221;Identifica\u00e7\u00e3o e manejo de animais pe\u00e7onhentos&#8221; link=&#8221;https:\/\/www.mantiqueiratur.com.br\/site\/curso-identificacao-e-manejo-de-animais-peconhentos\/&#8221;][vc_column_text]<\/p>\n<p style=\"text-align: center;\">Conhecer e entender esses lindos animais que dividem seu espa\u00e7o conosco.<\/p>\n<p>[\/vc_column_text][vc_btn title=&#8221;Saiba mais!&#8221; color=&#8221;green&#8221; align=&#8221;center&#8221; i_icon_fontawesome=&#8221;fa fa-pencil-square-o&#8221; add_icon=&#8221;true&#8221; link=&#8221;url:https%3A%2F%2Fwww.mantiqueiratur.com.br%2Fsite%2Fcurso-identificacao-e-manejo-de-animais-peconhentos%2F||target:%20_blank|&#8221;][\/vc_column][\/vc_row][vc_row][vc_column width=&#8221;1\/2&#8243;][vc_single_image image=&#8221;6349&#8243; img_size=&#8221;medium&#8221; alignment=&#8221;center&#8221; onclick=&#8221;custom_link&#8221; title=&#8221;T\u00e9cnica 4&#215;4&#8243; link=&#8221;https:\/\/www.mantiqueiratur.com.br\/site\/curso-4&#215;4-offroad-fora-de-estrada\/&#8221;][vc_btn title=&#8221;Saiba mais!&#8221; color=&#8221;green&#8221; align=&#8221;center&#8221; i_icon_fontawesome=&#8221;fa fa-pencil-square-o&#8221; add_icon=&#8221;true&#8221; link=&#8221;url:https%3A%2F%2Fwww.mantiqueiratur.com.br%2Fsite%2Fcurso-4&#215;4-offroad-fora-de-estrada%2F||target:%20_blank|&#8221;][vc_column_text]<\/p>\n<p style=\"text-align: center;\">Aprenda as t\u00e9cnicas off road e como otimizar o desempenho de seu 4&#215;4.<\/p>\n<p>[\/vc_column_text][\/vc_column][vc_column width=&#8221;1\/2&#8243;][vc_single_image image=&#8221;6080&#8243; img_size=&#8221;medium&#8221; alignment=&#8221;center&#8221; onclick=&#8221;custom_link&#8221; title=&#8221;Caminhadas em trilha&#8221; link=&#8221;https:\/\/www.mantiqueiratur.com.br\/site\/curso-de-caminhadas-na-natureza-hiking-outdoor-serra-da-mantiqueira-goncalves-mg\/&#8221;][vc_column_text]<\/p>\n<p style=\"text-align: center;\">Aprender quais as t\u00e9cnicas de condu\u00e7\u00e3o em caminhadas<\/p>\n<p>[\/vc_column_text][vc_btn title=&#8221;Saiba mais!&#8221; color=&#8221;green&#8221; align=&#8221;center&#8221; i_icon_fontawesome=&#8221;&#8221; add_icon=&#8221;true&#8221; link=&#8221;url:https%3A%2F%2Fwww.mantiqueiratur.com.br%2Fsite%2Fcurso-de-caminhadas-na-natureza-hiking-outdoor-serra-da-mantiqueira-goncalves-mg%2F|target:_blank&#8221;][\/vc_column][\/vc_row][vc_row][vc_column width=&#8221;1\/2&#8243;][vc_single_image image=&#8221;6077&#8243; img_size=&#8221;medium&#8221; alignment=&#8221;center&#8221; onclick=&#8221;custom_link&#8221; title=&#8221;Astroturismo&#8221; link=&#8221;https:\/\/www.mantiqueiratur.com.br\/site\/astroturismo-serra-da-mantiqueira-goncalves\/&#8221;][vc_column_text]<\/p>\n<p style=\"text-align: center;\">Olhar para o c\u00e9u e nos ver como parte do universo<\/p>\n<p>[\/vc_column_text][vc_btn title=&#8221;Saiba mais!&#8221; color=&#8221;green&#8221; align=&#8221;center&#8221; i_icon_fontawesome=&#8221;&#8221; add_icon=&#8221;true&#8221; link=&#8221;url:https%3A%2F%2Fwww.mantiqueiratur.com.br%2Fsite%2Fastroturismo-serra-da-mantiqueira-goncalves%2F|target:_blank&#8221;][\/vc_column][vc_column width=&#8221;1\/2&#8243;][\/vc_column][\/vc_row][vc_row][vc_column]<div class=\"social-icons social-icons--square\">\n\t<div class=\"social-icons__title\">Acompanhe-nos!<\/div>\n\t<div class=\"social-icons__icons\">\n\t<a href=\"https:\/\/www.facebook.com\/mantiqueiraecoturismo\/\" class=\"social-icons__icon social-icons__icon--facebook\"><i class=\"fa fa-facebook\"><\/i><\/a><a href=\"https:\/\/www.youtube.com\/channel\/UCfl06xbrmP3x5Z6jwTOjPNA\" class=\"social-icons__icon social-icons__icon--youtube\"><i class=\"fa fa-youtube\"><\/i><\/a><a href=\"https:\/\/www.instagram.com\/mantiqueiraecoturismo\/\" class=\"social-icons__icon social-icons__icon--instagram\"><i class=\"fa fa-instagram\"><\/i><\/a><a href=\"https:\/\/www.tripadvisor.com.br\/Attraction_Review-d3723354.html\" class=\"social-icons__icon social-icons__icon--tripadvisor\"><i class=\"fa fa-tripadvisor\"><\/i><\/a>\t<\/div>\n<\/div>\n[\/vc_column][\/vc_row]<\/p>\n<\/div>","protected":false},"excerpt":{"rendered":"<p>[vc_row][vc_column][\/vc_column][\/vc_row][vc_row][vc_column width=&#8221;1\/2&#8243;][vc_single_image image=&#8221;6367&#8243; img_size=&#8221;medium&#8221; alignment=&#8221;center&#8221; onclick=&#8221;custom_link&#8221; css=&#8221;&#8221; title=&#8221;Primeiros Socorros&#8221; link=&#8221;https:\/\/www.mantiqueiratur.com.br\/site\/curso-de-primeiros-socorros\/&#8221;][vc_column_text] Primeiros socorros e suporte b\u00e1sico \u00e0 vida [\/vc_column_text][vc_btn title=&#8221;Saiba mais!&#8221; color=&#8221;green&#8221; align=&#8221;center&#8221; i_icon_fontawesome=&#8221;fas fa-first-aid&#8221; add_icon=&#8221;true&#8221; link=&#8221;url:https%3A%2F%2Fwww.mantiqueiratur.com.br%2Fsite%2Fcurso-de-primeiros-socorros%2F|title:Curso%20de%20primeiros%20socorros|target:_blank&#8221;][\/vc_column][vc_column width=&#8221;1\/2&#8243;][vc_single_image image=&#8221;6284&#8243; img_size=&#8221;medium&#8221; alignment=&#8221;center&#8221; onclick=&#8221;custom_link&#8221; css=&#8221;&#8221; title=&#8221;L\u00edderes para Turismo de Aventura&#8221; link=&#8221;https:\/\/www.mantiqueiratur.com.br\/site\/curso-de-competencias-minimas-do-condutor&#8221;][vc_column_text] Curso baseado na norma t\u00e9cnica ABNT NBR ISO 21102 [\/vc_column_text][vc_btn title=&#8221;Saiba mais!&#8221; color=&#8221;green&#8221; align=&#8221;center&#8221; i_icon_fontawesome=&#8221;fas fa-mountain&#8221; add_icon=&#8221;true&#8221;<\/p>\n<div class=\"padding-top text-center\"><a href=\"https:\/\/www.mantiqueiratur.com.br\/site\/cursos-mantiqueira-ecoturismo\/\" class=\"atbtn atbtn--medium atbtn--rounded atbtn--transparent\">Leia mais<i class=\"atbtn__icon atbtn__icon--right fa fa-long-arrow-right\"><\/i><\/a><\/div>\n","protected":false},"author":1,"featured_media":0,"parent":0,"menu_order":0,"comment_status":"closed","ping_status":"closed","template":"","meta":{"_exactmetrics_skip_tracking":false,"_exactmetrics_sitenote_active":false,"_exactmetrics_sitenote_note":"","_exactmetrics_sitenote_category":0,"footnotes":"","_links_to":"","_links_to_target":""},"tags":[57,97,352,351,439,59,104,476,477,120,58,475,403,474],"class_list":["post-4885","page","type-page","status-publish","hentry","tag-4x4","tag-animais","tag-animais-peconhentos","tag-capacitacao","tag-cobras","tag-curso","tag-ecoturismo","tag-fauna","tag-flora","tag-o-que-fazer-em-goncalves","tag-off-road","tag-serpentes","tag-turismo-em-goncalves","tag-turismo-fora-de-estrada"],"_links":{"self":[{"href":"https:\/\/www.mantiqueiratur.com.br\/site\/wp-json\/wp\/v2\/pages\/4885","targetHints":{"allow":["GET"]}}],"collection":[{"href":"https:\/\/www.mantiqueiratur.com.br\/site\/wp-json\/wp\/v2\/pages"}],"about":[{"href":"https:\/\/www.mantiqueiratur.com.br\/site\/wp-json\/wp\/v2\/types\/page"}],"author":[{"embeddable":true,"href":"https:\/\/www.mantiqueiratur.com.br\/site\/wp-json\/wp\/v2\/users\/1"}],"replies":[{"embeddable":true,"href":"https:\/\/www.mantiqueiratur.com.br\/site\/wp-json\/wp\/v2\/comments?post=4885"}],"version-history":[{"count":10,"href":"https:\/\/www.mantiqueiratur.com.br\/site\/wp-json\/wp\/v2\/pages\/4885\/revisions"}],"predecessor-version":[{"id":6476,"href":"https:\/\/www.mantiqueiratur.com.br\/site\/wp-json\/wp\/v2\/pages\/4885\/revisions\/6476"}],"wp:attachment":[{"href":"https:\/\/www.mantiqueiratur.com.br\/site\/wp-json\/wp\/v2\/media?parent=4885"}],"wp:term":[{"taxonomy":"post_tag","embeddable":true,"href":"https:\/\/www.mantiqueiratur.com.br\/site\/wp-json\/wp\/v2\/tags?post=4885"}],"curies":[{"name":"wp","href":"https:\/\/api.w.org\/{rel}","templated":true}]}}