{"id":3653,"date":"2018-02-22T16:20:29","date_gmt":"2018-02-22T19:20:29","guid":{"rendered":"http:\/\/www.mantiqueiratur.com.br\/site\/?page_id=3653"},"modified":"2022-05-11T09:12:00","modified_gmt":"2022-05-11T12:12:00","slug":"o-que-fazer-em-goncalves-mg","status":"publish","type":"page","link":"https:\/\/www.mantiqueiratur.com.br\/site\/o-que-fazer-em-goncalves-mg\/","title":{"rendered":"O que fazer em Gon\u00e7alves MG"},"content":{"rendered":"<div class=\"wpb-content-wrapper\"><p>[vc_row][vc_column][vc_empty_space height=&#8221;10px&#8221;]<div class=\"title title--underline title--decoration-bottom-left\">\n\t\t\t<div class=\"title__subtitle\">A P\u00e9rola da Mantiqueira<\/div>\n\t\t<h3 class=\"title__primary\">Cidade<\/h3>\n<\/div>\n[vc_column_text]Gon\u00e7alves MG se tornou um cidade tur\u00edstica por conta de sua esplendorosa natureza, com v\u00e1rios picos, cachoeiras e mata preservada, que permitem contemplar a regi\u00e3o com caminhadas de todos os n\u00edveis e passeios para explorar toda a regi\u00e3o.<\/p>\n<p>H\u00e1 tamb\u00e9m uma caracter\u00edstica singular da regi\u00e3o no aspecto cultural e tamb\u00e9m hist\u00f3rico, no qual \u00e9 poss\u00edvel conhecer nesses passeios v\u00e1rias lendas e contos da regi\u00e3o.<\/p>\n<p>Localizada no Sul de Minas Gerais, \u00e9 uma cidadezinha de apenas 4.000 habitantes, incrustada na esplendorosa Serra da Mantiqueira, com altitudes que variam de 900 a 2.120 metros, o que proporciona paisagens \u00fanicas em cada regi\u00e3o que visitamos e picos com trilhas de todos os n\u00edveis. O local tamb\u00e9m \u00e9 agraciado por possuir v\u00e1rias cachoeiras, algumas \u00f3timas para banho e outras excelentes para fotos e contempla\u00e7\u00e3o.[\/vc_column_text][vc_video link=&#8221;https:\/\/youtu.be\/fweqT-FA6KE&#8221; el_width=&#8221;80&#8243; align=&#8221;center&#8221; title=&#8221;Chegando em Gon\u00e7alves&#8221;]<div class=\"title title--underline title--decoration-bottom-left\">\n\t\t\t<div class=\"title__subtitle\">Riquezas da natureza<\/div>\n\t\t<h3 class=\"title__primary\">Fauna e flora<\/h3>\n<\/div>\n[vc_column_text]A cidade de Gon\u00e7alves exibe uma Mata Atl\u00e2ntica ombr\u00f3fila mista que esconde pequenos tesouros na natureza. A fauna do munic\u00edpio compreende desde pequenos mam\u00edferos, como mussaranhos, e catitas, at\u00e9 os grandes carn\u00edvoros como su\u00e7uaranas e lobo-guar\u00e1 , sem esquecermos das simp\u00e1ticas capivaras, veados e os macacos prego cheios de energia e os sau\u00e1s com sua vocaliza\u00e7\u00e3o inconfund\u00edvel. A avifuna tamb\u00e9m se faz presente de forma deslumbrante, com aves de nosso dia-a-dia como os can\u00e1rios da terra e bem-te-vis , at\u00e9 os mais raros como m\u00e3e-da-lua e pav\u00f3s, consolidando a cidade como um \u00f3timo destino de observa\u00e7\u00e3o de aves. Oficialmente pelo site Wikiaves j\u00e1 foram registradas 264 esp\u00e9cies no munic\u00edpio, atraindo os birdwatchers de todos os lugares. Ainda no quesito fauna, a cidade j\u00e1 registrou esp\u00e9cies de mam\u00edferos, r\u00e9pteis e anf\u00edbios amea\u00e7adas de extin\u00e7\u00e3o, como gato-mourisco (<em>Puma yougaroundi<\/em>),lobo-guar\u00e1 (<em>Chrysocyon brachyurus<\/em>), macaco-sau\u00e1 (<em>Callicebus sp.<\/em>), falsa-coral (<em>Atractus zebrinus<\/em>), entre muitos outros. Toda essa fauna est\u00e1 acompanhada por matas, campos de altitude e alagados, e por incr\u00edvel que pare\u00e7a a flora nativa \u00e9 ainda mais diversificada, com registros de raras orqu\u00eddeas , beg\u00f4nias , at\u00e9 plantas raras como as Balanophoraceae e claro, nossas majestosas e lindas arauc\u00e1rias junto das suin\u00e3s e cajaranas.<\/p>\n<p><em>Thaynara Siqueira Baumgartner &#8211; Bi\u00f3loga<\/em><\/p>\n<p>[\/vc_column_text][vc_gallery type=&#8221;image_grid&#8221; images=&#8221;5338,5343,5339,5346,5340,5344,5341,5345,5342&#8243; img_size=&#8221;&#8221;]<div class=\"title title--underline title--decoration-bottom-left\">\n\t\t\t<div class=\"title__subtitle\">Tempo bom o ano todo<\/div>\n\t\t<h3 class=\"title__primary\">Clima<\/h3>\n<\/div>\n[vc_column_text]O clima de Gon\u00e7alves possui temperaturas amenas o ano todo, costumando fazer dias de calor no fim do ver\u00e3o e fim da primavera, mais especificamente nos meses de Mar\u00e7o, Setembro e Outubro, que costumam ser os melhores meses para se refrescar nas cachoeiras, com temperaturas por volta dos 25\u00baC a 28\u00baC. J\u00e1 no inverno, os dias s\u00e3o bem ensolarados com temperaturas um pouco mais baixas, por volta dos 16\u00baC a 21\u00baC. Isso muda a noite, quando as temperaturas costumam cair para 6\u00baC e 7\u00baC em m\u00e9dia. Em algumas frentes frias, essas temperaturas podem cair para abaixo de zero, chegando de -5\u00baC a -9\u00baC,\u00a0 formando o espet\u00e1culo da geada em boa parte da regi\u00e3o.[\/vc_column_text]<div class=\"title title--underline title--decoration-bottom-left\">\n\t\t\t<div class=\"title__subtitle\">Para curtir tudo que a cidade oferece<\/div>\n\t\t<h3 class=\"title__primary\">Passeios<\/h3>\n<\/div>\n[vc_column_text]Na cidade de Gon\u00e7alves \u00e9 poss\u00edvel curtir o melhor que a natureza tem a oferecer!<br \/>\nCom op\u00e7\u00f5es para toda a fam\u00edlia, o conhecimento e a seguran\u00e7a s\u00e3o itens priorit\u00e1rios de nossos passeios!<\/p>\n<p>Clique abaixo e escolha a sua atividade![\/vc_column_text][\/vc_column][\/vc_row][vc_row][vc_column width=&#8221;1\/3&#8243;][vc_btn title=&#8221;Passeios de 4&#215;4&#8243; color=&#8221;info&#8221; i_icon_fontawesome=&#8221;fa fa-car&#8221; add_icon=&#8221;true&#8221; link=&#8221;url:https%3A%2F%2Fwww.mantiqueiratur.com.br%2Fsite%2Fpasseio4x4%2F|||&#8221;][\/vc_column][vc_column width=&#8221;1\/3&#8243;][vc_btn title=&#8221;Trilhas e caminhadas&#8221; color=&#8221;info&#8221; i_icon_fontawesome=&#8221;fa fa-rebel&#8221; add_icon=&#8221;true&#8221; link=&#8221;url:https%3A%2F%2Fwww.mantiqueiratur.com.br%2Fsite%2Ftrilhascaminhadas%2F|||&#8221;][\/vc_column][vc_column width=&#8221;1\/3&#8243;][vc_btn title=&#8221;Observa\u00e7\u00e3o de aves&#8221; color=&#8221;info&#8221; i_icon_fontawesome=&#8221;fa fa-binoculars&#8221; add_icon=&#8221;true&#8221; link=&#8221;url:https%3A%2F%2Fwww.mantiqueiratur.com.br%2Fsite%2Ftours%2Fobservacaodeavesgoncalves%2F|||&#8221;][\/vc_column][\/vc_row][vc_row][vc_column][vc_video link=&#8221;https:\/\/youtu.be\/Aao0qcN-YBQ&#8221; el_width=&#8221;80&#8243; align=&#8221;center&#8221; title=&#8221;Band Minas &#8211; Gon\u00e7alves MG&#8221;][\/vc_column][\/vc_row]<\/p>\n<\/div>","protected":false},"excerpt":{"rendered":"<p>[vc_row][vc_column][vc_empty_space height=&#8221;10px&#8221;][vc_column_text]Gon\u00e7alves MG se tornou um cidade tur\u00edstica por conta de sua esplendorosa natureza, com v\u00e1rios picos, cachoeiras e mata preservada, que permitem contemplar a regi\u00e3o com caminhadas de todos os n\u00edveis e passeios para explorar toda a regi\u00e3o. H\u00e1 tamb\u00e9m uma caracter\u00edstica singular da regi\u00e3o no aspecto cultural e tamb\u00e9m hist\u00f3rico, no qual \u00e9<\/p>\n<div class=\"padding-top text-center\"><a href=\"https:\/\/www.mantiqueiratur.com.br\/site\/o-que-fazer-em-goncalves-mg\/\" class=\"atbtn atbtn--medium atbtn--rounded atbtn--transparent\">Leia mais<i class=\"atbtn__icon atbtn__icon--right fa fa-long-arrow-right\"><\/i><\/a><\/div>\n","protected":false},"author":1,"featured_media":0,"parent":0,"menu_order":0,"comment_status":"closed","ping_status":"open","template":"","meta":{"_exactmetrics_skip_tracking":false,"_exactmetrics_sitenote_active":false,"_exactmetrics_sitenote_note":"","_exactmetrics_sitenote_category":0,"footnotes":"","_links_to":"","_links_to_target":""},"tags":[420,396,400,481,104,386,399,120,421,401,108,403,124],"class_list":["post-3653","page","type-page","status-publish","hentry","tag-atividades-em-goncalves","tag-cachoeiras","tag-caminhadas","tag-dicas","tag-ecoturismo","tag-goncalves","tag-goncalves-minas-gerais","tag-o-que-fazer-em-goncalves","tag-passeios-em-goncalves","tag-pedras","tag-turismo","tag-turismo-em-goncalves","tag-viagem"],"_links":{"self":[{"href":"https:\/\/www.mantiqueiratur.com.br\/site\/wp-json\/wp\/v2\/pages\/3653","targetHints":{"allow":["GET"]}}],"collection":[{"href":"https:\/\/www.mantiqueiratur.com.br\/site\/wp-json\/wp\/v2\/pages"}],"about":[{"href":"https:\/\/www.mantiqueiratur.com.br\/site\/wp-json\/wp\/v2\/types\/page"}],"author":[{"embeddable":true,"href":"https:\/\/www.mantiqueiratur.com.br\/site\/wp-json\/wp\/v2\/users\/1"}],"replies":[{"embeddable":true,"href":"https:\/\/www.mantiqueiratur.com.br\/site\/wp-json\/wp\/v2\/comments?post=3653"}],"version-history":[{"count":10,"href":"https:\/\/www.mantiqueiratur.com.br\/site\/wp-json\/wp\/v2\/pages\/3653\/revisions"}],"predecessor-version":[{"id":5832,"href":"https:\/\/www.mantiqueiratur.com.br\/site\/wp-json\/wp\/v2\/pages\/3653\/revisions\/5832"}],"wp:attachment":[{"href":"https:\/\/www.mantiqueiratur.com.br\/site\/wp-json\/wp\/v2\/media?parent=3653"}],"wp:term":[{"taxonomy":"post_tag","embeddable":true,"href":"https:\/\/www.mantiqueiratur.com.br\/site\/wp-json\/wp\/v2\/tags?post=3653"}],"curies":[{"name":"wp","href":"https:\/\/api.w.org\/{rel}","templated":true}]}}