{"id":2475,"date":"2016-04-27T10:32:37","date_gmt":"2016-04-27T13:32:37","guid":{"rendered":"http:\/\/www.mantiqueiratur.com.br\/site\/?page_id=2475"},"modified":"2022-05-09T18:11:39","modified_gmt":"2022-05-09T21:11:39","slug":"observacao-de-aves","status":"publish","type":"page","link":"https:\/\/www.mantiqueiratur.com.br\/site\/observacao-de-aves\/","title":{"rendered":"Observa\u00e7\u00e3o de Aves"},"content":{"rendered":"<div class=\"wpb-content-wrapper\"><p>[vc_row][vc_column][vc_empty_space height=&#8221;10px&#8221;]<div class=\"title title--underline title--decoration-bottom-left\">\n\t\t\t<div class=\"title__subtitle\">Contrate os melhores<\/div>\n\t\t<h3 class=\"title__primary\">Guias de observa\u00e7\u00e3o de aves<\/h3>\n<\/div>\n[vc_column_text]<\/p>\n<p>Uma das melhores formas de se conhecer a natureza de um local \u00e9 fazer a observa\u00e7\u00e3o de aves.<br \/>\nCom op\u00e7\u00f5es para todos os n\u00edveis de observadores, Gon\u00e7alves e regi\u00e3o possui mais de 300 esp\u00e9cies registradas.<br \/>\nA observa\u00e7\u00e3o de aves \u00e9 uma atividade que promove a conserva\u00e7\u00e3o e preserva\u00e7\u00e3o da natureza, cria dados cient\u00edficos e ajuda na nossa sa\u00fade mental e nos traz tranquilidade e bem estar.<\/p>\n<p>[\/vc_column_text][vc_gallery type=&#8221;image_grid&#8221; images=&#8221;5364,5362,5361,5360,5359,5358,5357&#8243; title=&#8221;Rita de C\u00e1ssia &#8211; O Poder das Aves&#8221;]<div class=\"icons-set\">\n\t<div class=\"row icons-set__row\">\n\t\t\t\t\t<div class=\"col-sm-4\">\n\t\t\t<div class=\"icons-set__item\">\n\t\t\t\t\t\t\t<div class=\"icons-set__item__field icons-set__item__field--fix-size\">\n\t\t\t\t<div class=\"icons-set__item__icon-wrap\"><i class=\"icons-set__item__icon fa fa-binoculars\"><\/i><\/div>\t\t\t\t<\/div>\n\t\t\t\t\t\t\t<div class=\"icons-set__item__field\">\n\t\t\t\t<h3 class=\"icons-set__item__title\">Guia<\/h3>\t\t\t\t\t<div class=\"icons-set__item__description\">Bi\u00f3loga e guia de observa\u00e7\u00e3o de aves, tem uma longa lista de aves registradas e \u00e9 especialista em reconhecer as esp\u00e9cies pela vocaliza\u00e7\u00e3o.<\/div>\n\t\t\t\t<\/div>\n\t\t\t<\/div>\n\t\t<\/div>\n\t\t\t\t\t<div class=\"col-sm-4\">\n\t\t\t<div class=\"icons-set__item\">\n\t\t\t\t\t\t\t<div class=\"icons-set__item__field icons-set__item__field--fix-size\">\n\t\t\t\t<div class=\"icons-set__item__icon-wrap\"><i class=\"icons-set__item__icon td-marker-location-2\"><\/i><\/div>\t\t\t\t<\/div>\n\t\t\t\t\t\t\t<div class=\"icons-set__item__field\">\n\t\t\t\t<h3 class=\"icons-set__item__title\">Onde<\/h3>\t\t\t\t\t<div class=\"icons-set__item__description\">Atua em S\u00e3o Bento do Sapuca\u00ed &#8211; SP.<\/div>\n\t\t\t\t<\/div>\n\t\t\t<\/div>\n\t\t<\/div>\n\t\t\t\t\t<div class=\"col-sm-4\">\n\t\t\t<div class=\"icons-set__item\">\n\t\t\t\t\t\t\t<div class=\"icons-set__item__field icons-set__item__field--fix-size\">\n\t\t\t\t<div class=\"icons-set__item__icon-wrap\"><i class=\"icons-set__item__icon fa fa-phone\"><\/i><\/div>\t\t\t\t<\/div>\n\t\t\t\t\t\t\t<div class=\"icons-set__item__field\">\n\t\t\t\t<h3 class=\"icons-set__item__title\">Contato<\/h3>\t\t\t\t\t<div class=\"icons-set__item__description\">Telefone\/whatsapp: (12) 99715-1590<br \/>\nEmail: rita.biologia@gmail.com<br \/>\nInstagram: @opoderdasaves<\/div>\n\t\t\t\t<\/div>\n\t\t\t<\/div>\n\t\t<\/div>\n\t\t<\/div>\n<\/div>\n[vc_empty_space height=&#8221;30px&#8221;][vc_separator][vc_empty_space height=&#8221;5px&#8221;][vc_gallery type=&#8221;image_grid&#8221; images=&#8221;5355,5354,5353,5352,5351,5350,5341&#8243; title=&#8221;Douglas Santos&#8221;]<div class=\"icons-set\">\n\t<div class=\"row icons-set__row\">\n\t\t\t\t\t<div class=\"col-sm-4\">\n\t\t\t<div class=\"icons-set__item\">\n\t\t\t\t\t\t\t<div class=\"icons-set__item__field icons-set__item__field--fix-size\">\n\t\t\t\t<div class=\"icons-set__item__icon-wrap\"><i class=\"icons-set__item__icon fa fa-binoculars\"><\/i><\/div>\t\t\t\t<\/div>\n\t\t\t\t\t\t\t<div class=\"icons-set__item__field\">\n\t\t\t\t<h3 class=\"icons-set__item__title\">Guia<\/h3>\t\t\t\t\t<div class=\"icons-set__item__description\">Bi\u00f3logo e guia de observa\u00e7\u00e3o de aves , possui uma extensa lista de esp\u00e9cies j\u00e1 registradas.<\/div><\/div><\/div><\/div><\/div><\/div>\n<p>Atende os p\u00fablicos mais exigentes de observadores, recebendo observadores experts e com anos de experi\u00eancia. \n\t\t\t\t\n\t\t\t\n\t\t\n\t\t\t\t\t<div class=\"col-sm-4\">\n\t\t\t<div class=\"icons-set__item\">\n\t\t\t\t\t\t\t<div class=\"icons-set__item__field icons-set__item__field--fix-size\">\n\t\t\t\t<div class=\"icons-set__item__icon-wrap\"><i class=\"icons-set__item__icon td-marker-location-2\"><\/i><\/div>\t\t\t\t<\/div>\n\t\t\t\t\t\t\t<div class=\"icons-set__item__field\">\n\t\t\t\t<h3 class=\"icons-set__item__title\">Onde<\/h3>\t\t\t\t\t<div class=\"icons-set__item__description\">Atua em Campos do Jord\u00e3o &#8211; SP, mais especificamente no Parque Estadual do Horto Florestal.<\/div>\n\t\t\t\t<\/div>\n\t\t\t<\/div>\n\t\t<\/div>\n\t\t\t\t\t<div class=\"col-sm-4\">\n\t\t\t<div class=\"icons-set__item\">\n\t\t\t\t\t\t\t<div class=\"icons-set__item__field icons-set__item__field--fix-size\">\n\t\t\t\t<div class=\"icons-set__item__icon-wrap\"><i class=\"icons-set__item__icon fa fa-phone\"><\/i><\/div>\t\t\t\t<\/div>\n\t\t\t\t\t\t\t<div class=\"icons-set__item__field\">\n\t\t\t\t<h3 class=\"icons-set__item__title\">Contato<\/h3>\t\t\t\t\t<div class=\"icons-set__item__description\">Telefone\/whatsapp: (12) 99755-1081<br \/>\nEmail: douglas.bio.santos@gmail.com<br \/>\nInstagram: @xdouglassantos<\/div>\n\t\t\t\t<\/div>\n\t\t\t<\/div>\n\t\t<\/div>\n\t\t\n\n[vc_empty_space height=&#8221;40px&#8221;][\/vc_column][\/vc_row]<\/p>\n<\/div>","protected":false},"excerpt":{"rendered":"<p>[vc_row][vc_column][vc_empty_space height=&#8221;10px&#8221;][vc_column_text] Uma das melhores formas de se conhecer a natureza de um local \u00e9 fazer a observa\u00e7\u00e3o de aves. Com op\u00e7\u00f5es para todos os n\u00edveis de observadores, Gon\u00e7alves e regi\u00e3o possui mais de 300 esp\u00e9cies registradas. A observa\u00e7\u00e3o de aves \u00e9 uma atividade que promove a conserva\u00e7\u00e3o e preserva\u00e7\u00e3o da natureza, cria dados cient\u00edficos<\/p>\n<div class=\"padding-top text-center\"><a href=\"https:\/\/www.mantiqueiratur.com.br\/site\/observacao-de-aves\/\" class=\"atbtn atbtn--medium atbtn--rounded atbtn--transparent\">Leia mais<i class=\"atbtn__icon atbtn__icon--right fa fa-long-arrow-right\"><\/i><\/a><\/div>\n","protected":false},"author":1,"featured_media":0,"parent":0,"menu_order":0,"comment_status":"closed","ping_status":"closed","template":"","meta":{"_exactmetrics_skip_tracking":false,"_exactmetrics_sitenote_active":false,"_exactmetrics_sitenote_note":"","_exactmetrics_sitenote_category":0,"footnotes":"","_links_to":"","_links_to_target":""},"tags":[90,379,92,381,380,120,93,378,382,403],"class_list":["post-2475","page","type-page","status-publish","hentry","tag-aves","tag-birdladies","tag-birdwatching","tag-e-bird","tag-merlin","tag-o-que-fazer-em-goncalves","tag-observacao-de-aves","tag-observadores-de-aves","tag-passaros","tag-turismo-em-goncalves"],"_links":{"self":[{"href":"https:\/\/www.mantiqueiratur.com.br\/site\/wp-json\/wp\/v2\/pages\/2475","targetHints":{"allow":["GET"]}}],"collection":[{"href":"https:\/\/www.mantiqueiratur.com.br\/site\/wp-json\/wp\/v2\/pages"}],"about":[{"href":"https:\/\/www.mantiqueiratur.com.br\/site\/wp-json\/wp\/v2\/types\/page"}],"author":[{"embeddable":true,"href":"https:\/\/www.mantiqueiratur.com.br\/site\/wp-json\/wp\/v2\/users\/1"}],"replies":[{"embeddable":true,"href":"https:\/\/www.mantiqueiratur.com.br\/site\/wp-json\/wp\/v2\/comments?post=2475"}],"version-history":[{"count":6,"href":"https:\/\/www.mantiqueiratur.com.br\/site\/wp-json\/wp\/v2\/pages\/2475\/revisions"}],"predecessor-version":[{"id":5830,"href":"https:\/\/www.mantiqueiratur.com.br\/site\/wp-json\/wp\/v2\/pages\/2475\/revisions\/5830"}],"wp:attachment":[{"href":"https:\/\/www.mantiqueiratur.com.br\/site\/wp-json\/wp\/v2\/media?parent=2475"}],"wp:term":[{"taxonomy":"post_tag","embeddable":true,"href":"https:\/\/www.mantiqueiratur.com.br\/site\/wp-json\/wp\/v2\/tags?post=2475"}],"curies":[{"name":"wp","href":"https:\/\/api.w.org\/{rel}","templated":true}]}}