{"id":20,"date":"2013-01-15T10:02:19","date_gmt":"2013-01-15T12:02:19","guid":{"rendered":"http:\/\/www.mantiqueiratur.com.br\/site\/?page_id=20"},"modified":"2026-03-26T21:54:19","modified_gmt":"2026-03-27T00:54:19","slug":"empresa","status":"publish","type":"page","link":"https:\/\/www.mantiqueiratur.com.br\/site\/empresa\/","title":{"rendered":"Empresa"},"content":{"rendered":"<figure id=\"attachment_3775\" aria-describedby=\"caption-attachment-3775\" style=\"width: 640px\" class=\"wp-caption aligncenter\"><img loading=\"lazy\" decoding=\"async\" class=\"size-full wp-image-3775\" src=\"http:\/\/www.mantiqueiratur.com.br\/site\/wp-content\/uploads\/2018\/02\/site-empresa.jpg\" alt=\"\" width=\"640\" height=\"480\" srcset=\"https:\/\/www.mantiqueiratur.com.br\/site\/wp-content\/uploads\/2018\/02\/site-empresa.jpg 640w, https:\/\/www.mantiqueiratur.com.br\/site\/wp-content\/uploads\/2018\/02\/site-empresa-600x450.jpg 600w, https:\/\/www.mantiqueiratur.com.br\/site\/wp-content\/uploads\/2018\/02\/site-empresa-300x225.jpg 300w\" sizes=\"auto, (max-width: 640px) 100vw, 640px\" \/><figcaption id=\"caption-attachment-3775\" class=\"wp-caption-text\">Equipe Mantiqueira Ecoturismo. Foto: Amandina Morbeck<\/figcaption><\/figure>\n<p style=\"text-align: justify;\">A <strong>Mantiqueira Ecoturismo<\/strong> \u00e9 uma empresa formada por profissionais da \u00e1rea ambiental que amam a natureza, capacitados com amplo conhecimento das trilhas, fauna, flora, hist\u00f3ria e est\u00f3rias da regi\u00e3o. A capacita\u00e7\u00e3o somada a anos de experi\u00eancia em atividades de aventura e ecoturismo torna nossa ag\u00eancia diferenciada nos servi\u00e7os prestados.<\/p>\n<p style=\"text-align: justify;\">Temos como objetivo propiciar a todos momentos inesquec\u00edveis na Serra da Mantiqueira,\u00a0levando-os a conhecer os lugares mais belos e \u00fanicos de Gon\u00e7alves e regi\u00e3o.<\/p>\n<div class=\"pag-empresa\"><div class=\"icons-set\">\n\t<div class=\"row icons-set__row\">\n\t\t\t\t\t<div class=\"col-sm-4\">\n\t\t\t<div class=\"icons-set__item\">\n\t\t\t\t\t\t\t<div class=\"icons-set__item__field icons-set__item__field--fix-size\">\n\t\t\t\t<div class=\"icons-set__item__icon-wrap\"><i class=\"icons-set__item__icon td-earth\"><\/i><\/div>\t\t\t\t<\/div>\n\t\t\t\t\t\t\t<div class=\"icons-set__item__field\">\n\t\t\t\t\t\t\t\t\t<div class=\"icons-set__item__description\">\n<h3 style=\"text-align: center;\" align=\"center\">Nossa miss\u00e3o<\/h3>\n<p style=\"text-align: center;\" align=\"center\">Fomentar o turismo sustent\u00e1vel atrav\u00e9s de experi\u00eancias ecol\u00f3gicas.<\/p>\n<\/div>\n\t\t\t\t<\/div>\n\t\t\t<\/div>\n\t\t<\/div>\n\t\t\t\t\t<div class=\"col-sm-4\">\n\t\t\t<div class=\"icons-set__item\">\n\t\t\t\t\t\t\t<div class=\"icons-set__item__field icons-set__item__field--fix-size\">\n\t\t\t\t<div class=\"icons-set__item__icon-wrap\"><i class=\"icons-set__item__icon td-eye\"><\/i><\/div>\t\t\t\t<\/div>\n\t\t\t\t\t\t\t<div class=\"icons-set__item__field\">\n\t\t\t\t\t\t\t\t\t<div class=\"icons-set__item__description\">\n<h3 style=\"text-align: center;\" align=\"center\">Nossa vis\u00e3o<\/h3>\n<p style=\"text-align: center;\" align=\"center\">\u00a0Ser refer\u00eancia em ecoturismo, produzindo e operando atividades que desenvolvam uma consci\u00eancia ambiental e respeito \u00e0 natureza.<\/p>\n<\/div>\n\t\t\t\t<\/div>\n\t\t\t<\/div>\n\t\t<\/div>\n\t\t\t\t\t<div class=\"col-sm-4\">\n\t\t\t<div class=\"icons-set__item\">\n\t\t\t\t\t\t\t<div class=\"icons-set__item__field icons-set__item__field--fix-size\">\n\t\t\t\t<div class=\"icons-set__item__icon-wrap\"><i class=\"icons-set__item__icon td-heart\"><\/i><\/div>\t\t\t\t<\/div>\n\t\t\t\t\t\t\t<div class=\"icons-set__item__field\">\n\t\t\t\t\t\t\t\t\t<div class=\"icons-set__item__description\">\n<h3 style=\"text-align: center;\" align=\"center\">Nossos valores<\/h3>\n<p style=\"text-align: center;\" align=\"center\">\u00c9tica, Profissionalismo, Seguran\u00e7a e Responsabilidade socioambiental.<\/p>\n<\/div>\n\t\t\t\t<\/div>\n\t\t\t<\/div>\n\t\t<\/div>\n\t\t<\/div>\n<\/div>\n<\/div>\n<p align=\"center\">Clique abaixo para obter mais informa\u00e7\u00f5es sobre cada guia e suas capacita\u00e7\u00f5es:<\/p>\n<p align=\"center\"><a href=\"http:\/\/www.mantiqueiratur.com.br\/site\/equipe\/\" target=\"_blank\" rel=\"noopener noreferrer\">CONHE\u00c7A NOSSA EQUIPE<\/a><\/p>\n<p>&nbsp;<\/p>\n<p align=\"center\">Conhe\u00e7a mais sobre n\u00f3s no v\u00eddeo a seguir:<\/p>\n<p><iframe loading=\"lazy\" title=\"Mantiqueira Ecoturismo - Gon\u00e7alves (MG) - Conhe\u00e7a nossa hist\u00f3ria\" width=\"748\" height=\"421\" src=\"https:\/\/www.youtube.com\/embed\/JT_DMXWVXRI?start=1&#038;feature=oembed\" frameborder=\"0\" allow=\"accelerometer; autoplay; clipboard-write; encrypted-media; gyroscope; picture-in-picture; web-share\" referrerpolicy=\"strict-origin-when-cross-origin\" allowfullscreen><\/iframe><\/p>\n<p>&nbsp;<\/p>\n","protected":false},"excerpt":{"rendered":"<p>A Mantiqueira Ecoturismo \u00e9 uma empresa formada por profissionais da \u00e1rea ambiental que amam a natureza, capacitados com amplo conhecimento das trilhas, fauna, flora, hist\u00f3ria e est\u00f3rias da regi\u00e3o. A capacita\u00e7\u00e3o somada a anos de experi\u00eancia em atividades de aventura e ecoturismo torna nossa ag\u00eancia diferenciada nos servi\u00e7os prestados. Temos como objetivo propiciar a todos<\/p>\n<div class=\"padding-top text-center\"><a href=\"https:\/\/www.mantiqueiratur.com.br\/site\/empresa\/\" class=\"atbtn atbtn--medium atbtn--rounded atbtn--transparent\">Leia mais<i class=\"atbtn__icon atbtn__icon--right fa fa-long-arrow-right\"><\/i><\/a><\/div>\n","protected":false},"author":1,"featured_media":0,"parent":0,"menu_order":0,"comment_status":"open","ping_status":"open","template":"","meta":{"_exactmetrics_skip_tracking":false,"_exactmetrics_sitenote_active":false,"_exactmetrics_sitenote_note":"","_exactmetrics_sitenote_category":0,"footnotes":"","_links_to":"","_links_to_target":""},"tags":[56,104,508,120,421,507,353,403],"class_list":["post-20","page","type-page","status-publish","hentry","tag-agencia-de-turismo","tag-ecoturismo","tag-guia-de-turismo","tag-o-que-fazer-em-goncalves","tag-passeios-em-goncalves","tag-profissionalismo","tag-seguranca","tag-turismo-em-goncalves"],"_links":{"self":[{"href":"https:\/\/www.mantiqueiratur.com.br\/site\/wp-json\/wp\/v2\/pages\/20","targetHints":{"allow":["GET"]}}],"collection":[{"href":"https:\/\/www.mantiqueiratur.com.br\/site\/wp-json\/wp\/v2\/pages"}],"about":[{"href":"https:\/\/www.mantiqueiratur.com.br\/site\/wp-json\/wp\/v2\/types\/page"}],"author":[{"embeddable":true,"href":"https:\/\/www.mantiqueiratur.com.br\/site\/wp-json\/wp\/v2\/users\/1"}],"replies":[{"embeddable":true,"href":"https:\/\/www.mantiqueiratur.com.br\/site\/wp-json\/wp\/v2\/comments?post=20"}],"version-history":[{"count":10,"href":"https:\/\/www.mantiqueiratur.com.br\/site\/wp-json\/wp\/v2\/pages\/20\/revisions"}],"predecessor-version":[{"id":6508,"href":"https:\/\/www.mantiqueiratur.com.br\/site\/wp-json\/wp\/v2\/pages\/20\/revisions\/6508"}],"wp:attachment":[{"href":"https:\/\/www.mantiqueiratur.com.br\/site\/wp-json\/wp\/v2\/media?parent=20"}],"wp:term":[{"taxonomy":"post_tag","embeddable":true,"href":"https:\/\/www.mantiqueiratur.com.br\/site\/wp-json\/wp\/v2\/tags?post=20"}],"curies":[{"name":"wp","href":"https:\/\/api.w.org\/{rel}","templated":true}]}}